{"id":8659,"date":"2025-06-09T15:47:15","date_gmt":"2025-06-09T13:47:15","guid":{"rendered":"https:\/\/legal.bestway.eu\/accessibility\/"},"modified":"2025-06-18T16:16:38","modified_gmt":"2025-06-18T14:16:38","slug":"accessibility","status":"publish","type":"page","link":"https:\/\/legal.bestway.eu\/dk-da\/accessibility\/","title":{"rendered":"Tilg\u00e6ngelighed"},"content":{"rendered":"\t\t<div data-elementor-type=\"wp-page\" data-elementor-id=\"8659\" class=\"elementor elementor-8659\" data-elementor-post-type=\"page\">\n\t\t\t\t<div class=\"elementor-element elementor-element-5b5bf09 e-flex e-con-boxed e-con e-parent\" data-id=\"5b5bf09\" data-element_type=\"container\" data-e-type=\"container\">\n\t\t\t\t\t<div class=\"e-con-inner\">\n\t\t\t\t<div class=\"elementor-element elementor-element-febc057 elementor-widget elementor-widget-text-editor\" data-id=\"febc057\" data-element_type=\"widget\" data-e-type=\"widget\" data-widget_type=\"text-editor.default\">\n\t\t\t\t<div class=\"elementor-widget-container\">\n\t\t\t\t\t\t\t\t\t<p>Vi mener, at internettet skal v\u00e6re tilg\u00e6ngeligt og tilg\u00e6ngeligt for alle, og vi er forpligtet til at tilbyde en hjemmeside, der er tilg\u00e6ngelig for det bredest mulige publikum.<\/p><p>Vi f\u00f8lger plejer at f\u00f8lge World Wide Web Consortium (W3C) Web Content Accessibility Guidelines 2.1 (WCAG 2.1). Disse retningslinjer forklarer, hvordan man g\u00f8r webindhold tilg\u00e6ngeligt for en bred vifte af brugere med forskellige behov. Ved at f\u00f8lge disse retningslinjer sikrer vi, at vores hjemmesider er tilg\u00e6ngelige for det bredest mulige antal mennesker.<\/p>\t\t\t\t\t\t\t\t<\/div>\n\t\t\t\t<\/div>\n\t\t\t\t<div class=\"elementor-element elementor-element-a41cc72 elementor-widget elementor-widget-heading\" data-id=\"a41cc72\" data-element_type=\"widget\" data-e-type=\"widget\" data-widget_type=\"heading.default\">\n\t\t\t\t<div class=\"elementor-widget-container\">\n\t\t\t\t\t<h2 class=\"elementor-heading-title elementor-size-default\">Tilg\u00e6ngelighedserkl\u00e6ringer<\/h2>\t\t\t\t<\/div>\n\t\t\t\t<\/div>\n\t\t\t\t<div class=\"elementor-element elementor-element-dd82ffd elementor-widget elementor-widget-n-accordion\" data-id=\"dd82ffd\" data-element_type=\"widget\" data-e-type=\"widget\" data-settings=\"{&quot;default_state&quot;:&quot;all_collapsed&quot;,&quot;max_items_expended&quot;:&quot;multiple&quot;,&quot;n_accordion_animation_duration&quot;:{&quot;unit&quot;:&quot;ms&quot;,&quot;size&quot;:400,&quot;sizes&quot;:[]}}\" data-widget_type=\"nested-accordion.default\">\n\t\t\t\t<div class=\"elementor-widget-container\">\n\t\t\t\t\t\t\t<div class=\"e-n-accordion\" aria-label=\"Accordion. Open links with Enter or Space, close with Escape, and navigate with Arrow Keys\">\n\t\t\t\t\t\t<details id=\"e-n-accordion-item-2320\" class=\"e-n-accordion-item\" >\n\t\t\t\t<summary class=\"e-n-accordion-item-title\" data-accordion-index=\"1\" tabindex=\"0\" aria-expanded=\"false\" aria-controls=\"e-n-accordion-item-2320\" >\n\t\t\t\t\t<span class='e-n-accordion-item-title-header'><div class=\"e-n-accordion-item-title-text\"> Supportwebsted (support.bestway.eu) <\/div><\/span>\n\t\t\t\t\t\t\t<span class='e-n-accordion-item-title-icon'>\n\t\t\t<span class='e-opened' ><i aria-hidden=\"true\" class=\"fas fa-minus\"><\/i><\/span>\n\t\t\t<span class='e-closed'><i aria-hidden=\"true\" class=\"fas fa-plus\"><\/i><\/span>\n\t\t<\/span>\n\n\t\t\t\t\t\t<\/summary>\n\t\t\t\t<div role=\"region\" aria-labelledby=\"e-n-accordion-item-2320\" class=\"elementor-element elementor-element-0ab357d e-con-full e-flex e-con e-child\" data-id=\"0ab357d\" data-element_type=\"container\" data-e-type=\"container\">\n\t\t\t\t<div class=\"elementor-element elementor-element-7f3cfd0 elementor-widget elementor-widget-text-editor\" data-id=\"7f3cfd0\" data-element_type=\"widget\" data-e-type=\"widget\" data-widget_type=\"text-editor.default\">\n\t\t\t\t<div class=\"elementor-widget-container\">\n\t\t\t\t\t\t\t\t\t<p data-start=\"112\" data-end=\"189\"><strong data-start=\"112\" data-end=\"189\">F\u00f8lgende tilg\u00e6ngelighedserkl\u00e6ring g\u00e6lder for: https:\/\/support.bestway.eu.<\/strong><\/p><p data-start=\"191\" data-end=\"409\"><strong data-start=\"191\" data-end=\"247\">Overensstemmelsesstatus: Delvist i overensstemmelse.<\/strong><br data-start=\"247\" data-end=\"250\" \/>Dette website er delvist i overensstemmelse med kravene i bilag A til standarden UNI CEI EN 301549 p\u00e5 grund af de nedenfor anf\u00f8rte manglende overensstemmelser.<\/p><p data-start=\"549\" data-end=\"585\"><strong data-start=\"549\" data-end=\"583\">1.1.1 \u2013 Ikke-tekstligt indhold<\/strong><\/p><ul data-start=\"586\" data-end=\"881\"><li data-start=\"586\" data-end=\"685\"><p data-start=\"588\" data-end=\"685\">Nogle billeder mangler <em data-start=\"611\" data-end=\"616\">alt<\/em>-attribut eller har en utilstr\u00e6kkelig beskrivende alternativ tekst.<\/p><\/li><li data-start=\"686\" data-end=\"771\"><p data-start=\"688\" data-end=\"771\">Nogle <em data-start=\"694\" data-end=\"702\">iframe<\/em>-elementer mangler alternativ tekst via <em data-start=\"742\" data-end=\"749\">title<\/em> eller <em data-start=\"756\" data-end=\"768\">aria-label<\/em>.<\/p><\/li><li data-start=\"772\" data-end=\"881\"><p data-start=\"774\" data-end=\"881\">Nogle pr\u00e6sentationselementer er ikke korrekt markeret med <em data-start=\"832\" data-end=\"853\">role=&#8221;presentation&#8221;<\/em> eller <em data-start=\"860\" data-end=\"880\">aria-hidden=&#8221;true&#8221;<\/em>.<\/p><\/li><\/ul><p data-start=\"883\" data-end=\"922\"><strong data-start=\"883\" data-end=\"920\">1.3.1 \u2013 Information og relationer<\/strong><\/p><ul data-start=\"923\" data-end=\"1302\"><li data-start=\"923\" data-end=\"1017\"><p data-start=\"925\" data-end=\"1017\">Flere container-elementer er tomme i DOM\u2019en, hvilket f\u00f8rer til ikke-semantiske strukturer.<\/p><\/li><li data-start=\"1018\" data-end=\"1109\"><p data-start=\"1020\" data-end=\"1109\">Nogle formularfelter har ikke tilknyttede labels via <code data-start=\"1073\" data-end=\"1082\">&lt;label&gt;<\/code> eller <em data-start=\"1089\" data-end=\"1106\">aria-labelledby<\/em>.<\/p><\/li><li data-start=\"1110\" data-end=\"1166\"><p data-start=\"1112\" data-end=\"1166\">Nogle tekster mangler ARIA-roller eller -egenskaber.<\/p><\/li><li data-start=\"1167\" data-end=\"1302\"><p data-start=\"1169\" data-end=\"1302\">Nogle dokumenter bruger ikke semantiske mark\u00f8rer til overskrifter (<em data-start=\"1236\" data-end=\"1246\">headings<\/em>), hvilket g\u00f8r navigation med hj\u00e6lpemidler vanskeligere.<\/p><\/li><\/ul><p data-start=\"1304\" data-end=\"1389\"><strong data-start=\"1304\" data-end=\"1387\">1.3.2 \/ 2.1.1 \/ 2.4.3 \u2013 Meningsfuld r\u00e6kkef\u00f8lge, tastaturadgang, fokusr\u00e6kkef\u00f8lge<\/strong><\/p><ul data-start=\"1390\" data-end=\"1546\"><li data-start=\"1390\" data-end=\"1546\"><p data-start=\"1392\" data-end=\"1546\">I nogle dokumenter svarer l\u00e6se- og navigationsr\u00e6kkef\u00f8lgen ikke til den visuelle r\u00e6kkef\u00f8lge, hvilket besv\u00e6rligg\u00f8r navigation med tastatur eller sk\u00e6rml\u00e6ser.<\/p><\/li><\/ul><p data-start=\"1548\" data-end=\"1580\"><strong data-start=\"1548\" data-end=\"1578\">1.4.3 \u2013 Kontrast (minimum)<\/strong><\/p><ul data-start=\"1581\" data-end=\"1684\"><li data-start=\"1581\" data-end=\"1684\"><p data-start=\"1583\" data-end=\"1684\">Farvekontrasten mellem tekst og baggrund p\u00e5 nogle elementer opfylder ikke minimumsforholdet p\u00e5 4,5:1.<\/p><\/li><\/ul><p data-start=\"1686\" data-end=\"1717\"><strong data-start=\"1686\" data-end=\"1715\">1.4.4 \u2013 Tekstforst\u00f8rrelse<\/strong><\/p><ul data-start=\"1718\" data-end=\"1798\"><li data-start=\"1718\" data-end=\"1798\"><p data-start=\"1720\" data-end=\"1798\">Nogle tekster bliver afsk\u00e5ret eller overlapper, n\u00e5r der anvendes forst\u00f8rrelse.<\/p><\/li><\/ul><p data-start=\"1800\" data-end=\"1845\"><strong data-start=\"1800\" data-end=\"1843\">1.4.10 \u2013 Omflytning af indhold (Reflow)<\/strong><\/p><ul data-start=\"1846\" data-end=\"1958\"><li data-start=\"1846\" data-end=\"1958\"><p data-start=\"1848\" data-end=\"1958\">Nogle sider eller komponenter h\u00e5ndterer ikke zoom eller skalering korrekt, hvilket for\u00e5rsager layoutproblemer.<\/p><\/li><\/ul><p data-start=\"1960\" data-end=\"2004\"><strong data-start=\"1960\" data-end=\"2002\">2.4.1 \u2013 Spring indholdsoverblokke over<\/strong><\/p><ul data-start=\"2005\" data-end=\"2088\"><li data-start=\"2005\" data-end=\"2088\"><p data-start=\"2007\" data-end=\"2088\">Nogle sider mangler et &#8220;Spring til indhold&#8221;-link, som kan aktiveres med tastatur.<\/p><\/li><\/ul><p data-start=\"2090\" data-end=\"2113\"><strong data-start=\"2090\" data-end=\"2111\">2.4.2 \u2013 Sidetitel<\/strong><\/p><ul data-start=\"2114\" data-end=\"2232\"><li data-start=\"2114\" data-end=\"2232\"><p data-start=\"2116\" data-end=\"2232\">Nogle dokumenter mangler titler i metadataene, hvilket reducerer indholdsgenkendeligheden ved assisteret navigation.<\/p><\/li><\/ul><p data-start=\"2234\" data-end=\"2271\"><strong data-start=\"2234\" data-end=\"2269\">2.4.4 \u2013 Linkform\u00e5l (i kontekst)<\/strong><\/p><ul data-start=\"2272\" data-end=\"2327\"><li data-start=\"2272\" data-end=\"2327\"><p data-start=\"2274\" data-end=\"2327\">Nogle links har ikke en meningsfuld alternativ tekst.<\/p><\/li><\/ul><p data-start=\"2329\" data-end=\"2368\"><strong data-start=\"2329\" data-end=\"2366\">2.4.6 \u2013 Overskrifter og etiketter<\/strong><\/p><ul data-start=\"2369\" data-end=\"2435\"><li data-start=\"2369\" data-end=\"2435\"><p data-start=\"2371\" data-end=\"2435\">Nogle sider mangler semantiske overskrifter eller <em data-start=\"2421\" data-end=\"2429\">header<\/em>-tags.<\/p><\/li><\/ul><p data-start=\"2437\" data-end=\"2465\"><strong data-start=\"2437\" data-end=\"2463\">3.1.1 \u2013 Sprog p\u00e5 siden<\/strong><\/p><ul data-start=\"2466\" data-end=\"2577\"><li data-start=\"2466\" data-end=\"2577\"><p data-start=\"2468\" data-end=\"2577\">Dokumentets standardsprog er ikke angivet, hvilket kan forhindre korrekt gengivelse af tekst med sk\u00e6rml\u00e6sere.<\/p><\/li><\/ul><p data-start=\"2579\" data-end=\"2611\"><strong data-start=\"2579\" data-end=\"2609\">4.1.2 \u2013 Navn, rolle, v\u00e6rdi<\/strong><\/p><ul data-start=\"2612\" data-end=\"2746\"><li data-start=\"2612\" data-end=\"2672\"><p data-start=\"2614\" data-end=\"2672\">Flere knapper mangler tekstetiketter eller <em data-start=\"2657\" data-end=\"2669\">aria-label<\/em>.<\/p><\/li><li data-start=\"2673\" data-end=\"2746\"><p data-start=\"2675\" data-end=\"2746\">Nogle ARIA-attributter har ugyldige eller ikke-standardiserede v\u00e6rdier.<\/p><\/li><\/ul>\t\t\t\t\t\t\t\t<\/div>\n\t\t\t\t<\/div>\n\t\t\t\t<\/div>\n\t\t\t\t\t<\/details>\n\t\t\t\t\t<\/div>\n\t\t\t\t\t\t<\/div>\n\t\t\t\t<\/div>\n\t\t\t\t<div class=\"elementor-element elementor-element-3003df7 elementor-widget elementor-widget-heading\" data-id=\"3003df7\" data-element_type=\"widget\" data-e-type=\"widget\" data-widget_type=\"heading.default\">\n\t\t\t\t<div class=\"elementor-widget-container\">\n\t\t\t\t\t<h2 class=\"elementor-heading-title elementor-size-default\">Kommentarer og feedback<\/h2>\t\t\t\t<\/div>\n\t\t\t\t<\/div>\n\t\t\t\t<div class=\"elementor-element elementor-element-2b49daa elementor-widget elementor-widget-text-editor\" data-id=\"2b49daa\" data-element_type=\"widget\" data-e-type=\"widget\" data-widget_type=\"text-editor.default\">\n\t\t\t\t<div class=\"elementor-widget-container\">\n\t\t\t\t\t\t\t\t\t<p><span style=\"font-size: 16px;\"><br \/>Vi udvikler vores websteder med henblik p\u00e5 at respektere kriterierne for digital tilg\u00e6ngelighed, men der kan stadig v\u00e6re sider eller sektioner, der ikke er fuldt tilg\u00e6ngelige, er ved at blive tilg\u00e6ngelige, eller mangler en tilstr\u00e6kkelig teknologisk l\u00f8sning til at g\u00f8re dem tilg\u00e6ngelige. For feedback eller rapporter, skriv til <\/span><a style=\"font-size: 16px; background-color: #ffffff;\" href=\"mailto:accessibility@bestwaycorp.eu\"><strong>accessibility@bestwaycorp.eu<\/strong><\/a><\/p>\t\t\t\t\t\t\t\t<\/div>\n\t\t\t\t<\/div>\n\t\t\t\t\t<\/div>\n\t\t\t\t<\/div>\n\t\t\t\t<\/div>\n\t\t","protected":false},"excerpt":{"rendered":"<p>Vi mener, at internettet skal v\u00e6re tilg\u00e6ngeligt og tilg\u00e6ngeligt for alle, og vi er forpligtet til at tilbyde en hjemmeside, der er tilg\u00e6ngelig for det bredest mulige publikum. Vi f\u00f8lger plejer at f\u00f8lge World Wide Web Consortium (W3C) Web Content Accessibility Guidelines 2.1 (WCAG 2.1). Disse retningslinjer forklarer, hvordan man g\u00f8r webindhold tilg\u00e6ngeligt for en [&hellip;]<\/p>\n","protected":false},"author":1,"featured_media":0,"parent":0,"menu_order":0,"comment_status":"closed","ping_status":"closed","template":"","meta":{"_acf_changed":false,"site-sidebar-layout":"no-sidebar","site-content-layout":"page-builder","ast-site-content-layout":"full-width-container","site-content-style":"default","site-sidebar-style":"default","ast-global-header-display":"","ast-banner-title-visibility":"","ast-main-header-display":"","ast-hfb-above-header-display":"","ast-hfb-below-header-display":"","ast-hfb-mobile-header-display":"","site-post-title":"disabled","ast-breadcrumbs-content":"","ast-featured-img":"disabled","footer-sml-layout":"","ast-disable-related-posts":"","theme-transparent-header-meta":"","adv-header-id-meta":"","stick-header-meta":"","header-above-stick-meta":"","header-main-stick-meta":"","header-below-stick-meta":"","astra-migrate-meta-layouts":"set","ast-page-background-enabled":"default","ast-page-background-meta":{"desktop":{"background-color":"var(--ast-global-color-4)","background-image":"","background-repeat":"repeat","background-position":"center center","background-size":"auto","background-attachment":"scroll","background-type":"","background-media":"","overlay-type":"","overlay-color":"","overlay-opacity":"","overlay-gradient":""},"tablet":{"background-color":"","background-image":"","background-repeat":"repeat","background-position":"center center","background-size":"auto","background-attachment":"scroll","background-type":"","background-media":"","overlay-type":"","overlay-color":"","overlay-opacity":"","overlay-gradient":""},"mobile":{"background-color":"","background-image":"","background-repeat":"repeat","background-position":"center center","background-size":"auto","background-attachment":"scroll","background-type":"","background-media":"","overlay-type":"","overlay-color":"","overlay-opacity":"","overlay-gradient":""}},"ast-content-background-meta":{"desktop":{"background-color":"var(--ast-global-color-5)","background-image":"","background-repeat":"repeat","background-position":"center center","background-size":"auto","background-attachment":"scroll","background-type":"","background-media":"","overlay-type":"","overlay-color":"","overlay-opacity":"","overlay-gradient":""},"tablet":{"background-color":"var(--ast-global-color-5)","background-image":"","background-repeat":"repeat","background-position":"center center","background-size":"auto","background-attachment":"scroll","background-type":"","background-media":"","overlay-type":"","overlay-color":"","overlay-opacity":"","overlay-gradient":""},"mobile":{"background-color":"var(--ast-global-color-5)","background-image":"","background-repeat":"repeat","background-position":"center center","background-size":"auto","background-attachment":"scroll","background-type":"","background-media":"","overlay-type":"","overlay-color":"","overlay-opacity":"","overlay-gradient":""}},"footnotes":""},"class_list":["post-8659","page","type-page","status-publish","hentry"],"acf":[],"yoast_head":"<!-- This site is optimized with the Yoast SEO plugin v27.6 - https:\/\/yoast.com\/product\/yoast-seo-wordpress\/ -->\n<title>Tilg\u00e6ngelighed - Legal<\/title>\n<meta name=\"robots\" content=\"noindex, follow, max-snippet:-1, max-image-preview:large, max-video-preview:-1\" \/>\n<meta property=\"og:locale\" content=\"en_US\" \/>\n<meta property=\"og:type\" content=\"article\" \/>\n<meta property=\"og:title\" content=\"Tilg\u00e6ngelighed - Legal\" \/>\n<meta property=\"og:description\" content=\"Vi mener, at internettet skal v\u00e6re tilg\u00e6ngeligt og tilg\u00e6ngeligt for alle, og vi er forpligtet til at tilbyde en hjemmeside, der er tilg\u00e6ngelig for det bredest mulige publikum. Vi f\u00f8lger plejer at f\u00f8lge World Wide Web Consortium (W3C) Web Content Accessibility Guidelines 2.1 (WCAG 2.1). Disse retningslinjer forklarer, hvordan man g\u00f8r webindhold tilg\u00e6ngeligt for en [&hellip;]\" \/>\n<meta property=\"og:url\" content=\"https:\/\/legal.bestway.eu\/dk-da\/accessibility\/\" \/>\n<meta property=\"og:site_name\" content=\"Legal\" \/>\n<meta property=\"article:modified_time\" content=\"2025-06-18T14:16:38+00:00\" \/>\n<meta name=\"twitter:card\" content=\"summary_large_image\" \/>\n<meta name=\"twitter:label1\" content=\"Est. reading time\" \/>\n\t<meta name=\"twitter:data1\" content=\"4 minutes\" \/>\n<script type=\"application\/ld+json\" class=\"yoast-schema-graph\">{\"@context\":\"https:\\\/\\\/schema.org\",\"@graph\":[{\"@type\":\"WebPage\",\"@id\":\"https:\\\/\\\/legal.bestway.eu\\\/dk-da\\\/accessibility\\\/\",\"url\":\"https:\\\/\\\/legal.bestway.eu\\\/dk-da\\\/accessibility\\\/\",\"name\":\"Tilg\u00e6ngelighed - Legal\",\"isPartOf\":{\"@id\":\"https:\\\/\\\/legal.bestway.eu\\\/dk-da\\\/#website\"},\"datePublished\":\"2025-06-09T13:47:15+00:00\",\"dateModified\":\"2025-06-18T14:16:38+00:00\",\"inLanguage\":\"dk-da\",\"potentialAction\":[{\"@type\":\"ReadAction\",\"target\":[\"https:\\\/\\\/legal.bestway.eu\\\/dk-da\\\/accessibility\\\/\"]}]},{\"@type\":\"WebSite\",\"@id\":\"https:\\\/\\\/legal.bestway.eu\\\/dk-da\\\/#website\",\"url\":\"https:\\\/\\\/legal.bestway.eu\\\/dk-da\\\/\",\"name\":\"Legal\",\"description\":\"Legal\",\"publisher\":{\"@id\":\"https:\\\/\\\/legal.bestway.eu\\\/dk-da\\\/#organization\"},\"potentialAction\":[{\"@type\":\"SearchAction\",\"target\":{\"@type\":\"EntryPoint\",\"urlTemplate\":\"https:\\\/\\\/legal.bestway.eu\\\/dk-da\\\/?s={search_term_string}\"},\"query-input\":{\"@type\":\"PropertyValueSpecification\",\"valueRequired\":true,\"valueName\":\"search_term_string\"}}],\"inLanguage\":\"dk-da\"},{\"@type\":\"Organization\",\"@id\":\"https:\\\/\\\/legal.bestway.eu\\\/dk-da\\\/#organization\",\"name\":\"Legal\",\"url\":\"https:\\\/\\\/legal.bestway.eu\\\/dk-da\\\/\",\"logo\":{\"@type\":\"ImageObject\",\"inLanguage\":\"dk-da\",\"@id\":\"https:\\\/\\\/legal.bestway.eu\\\/dk-da\\\/#\\\/schema\\\/logo\\\/image\\\/\",\"url\":\"https:\\\/\\\/legal.bestway.eu\\\/wp-content\\\/uploads\\\/sites\\\/2\\\/2023\\\/10\\\/bw-white-logo@2x.png\",\"contentUrl\":\"https:\\\/\\\/legal.bestway.eu\\\/wp-content\\\/uploads\\\/sites\\\/2\\\/2023\\\/10\\\/bw-white-logo@2x.png\",\"width\":348,\"height\":138,\"caption\":\"Legal\"},\"image\":{\"@id\":\"https:\\\/\\\/legal.bestway.eu\\\/dk-da\\\/#\\\/schema\\\/logo\\\/image\\\/\"}}]}<\/script>\n<!-- \/ Yoast SEO plugin. -->","yoast_head_json":{"title":"Tilg\u00e6ngelighed - Legal","robots":{"index":"noindex","follow":"follow","max-snippet":"max-snippet:-1","max-image-preview":"max-image-preview:large","max-video-preview":"max-video-preview:-1"},"og_locale":"en_US","og_type":"article","og_title":"Tilg\u00e6ngelighed - Legal","og_description":"Vi mener, at internettet skal v\u00e6re tilg\u00e6ngeligt og tilg\u00e6ngeligt for alle, og vi er forpligtet til at tilbyde en hjemmeside, der er tilg\u00e6ngelig for det bredest mulige publikum. Vi f\u00f8lger plejer at f\u00f8lge World Wide Web Consortium (W3C) Web Content Accessibility Guidelines 2.1 (WCAG 2.1). Disse retningslinjer forklarer, hvordan man g\u00f8r webindhold tilg\u00e6ngeligt for en [&hellip;]","og_url":"https:\/\/legal.bestway.eu\/dk-da\/accessibility\/","og_site_name":"Legal","article_modified_time":"2025-06-18T14:16:38+00:00","twitter_card":"summary_large_image","twitter_misc":{"Est. reading time":"4 minutes"},"schema":{"@context":"https:\/\/schema.org","@graph":[{"@type":"WebPage","@id":"https:\/\/legal.bestway.eu\/dk-da\/accessibility\/","url":"https:\/\/legal.bestway.eu\/dk-da\/accessibility\/","name":"Tilg\u00e6ngelighed - Legal","isPartOf":{"@id":"https:\/\/legal.bestway.eu\/dk-da\/#website"},"datePublished":"2025-06-09T13:47:15+00:00","dateModified":"2025-06-18T14:16:38+00:00","inLanguage":"dk-da","potentialAction":[{"@type":"ReadAction","target":["https:\/\/legal.bestway.eu\/dk-da\/accessibility\/"]}]},{"@type":"WebSite","@id":"https:\/\/legal.bestway.eu\/dk-da\/#website","url":"https:\/\/legal.bestway.eu\/dk-da\/","name":"Legal","description":"Legal","publisher":{"@id":"https:\/\/legal.bestway.eu\/dk-da\/#organization"},"potentialAction":[{"@type":"SearchAction","target":{"@type":"EntryPoint","urlTemplate":"https:\/\/legal.bestway.eu\/dk-da\/?s={search_term_string}"},"query-input":{"@type":"PropertyValueSpecification","valueRequired":true,"valueName":"search_term_string"}}],"inLanguage":"dk-da"},{"@type":"Organization","@id":"https:\/\/legal.bestway.eu\/dk-da\/#organization","name":"Legal","url":"https:\/\/legal.bestway.eu\/dk-da\/","logo":{"@type":"ImageObject","inLanguage":"dk-da","@id":"https:\/\/legal.bestway.eu\/dk-da\/#\/schema\/logo\/image\/","url":"https:\/\/legal.bestway.eu\/wp-content\/uploads\/sites\/2\/2023\/10\/bw-white-logo@2x.png","contentUrl":"https:\/\/legal.bestway.eu\/wp-content\/uploads\/sites\/2\/2023\/10\/bw-white-logo@2x.png","width":348,"height":138,"caption":"Legal"},"image":{"@id":"https:\/\/legal.bestway.eu\/dk-da\/#\/schema\/logo\/image\/"}}]}},"_links":{"self":[{"href":"https:\/\/legal.bestway.eu\/dk-da\/wp-json\/wp\/v2\/pages\/8659","targetHints":{"allow":["GET"]}}],"collection":[{"href":"https:\/\/legal.bestway.eu\/dk-da\/wp-json\/wp\/v2\/pages"}],"about":[{"href":"https:\/\/legal.bestway.eu\/dk-da\/wp-json\/wp\/v2\/types\/page"}],"author":[{"embeddable":true,"href":"https:\/\/legal.bestway.eu\/dk-da\/wp-json\/wp\/v2\/users\/1"}],"replies":[{"embeddable":true,"href":"https:\/\/legal.bestway.eu\/dk-da\/wp-json\/wp\/v2\/comments?post=8659"}],"version-history":[{"count":4,"href":"https:\/\/legal.bestway.eu\/dk-da\/wp-json\/wp\/v2\/pages\/8659\/revisions"}],"predecessor-version":[{"id":8664,"href":"https:\/\/legal.bestway.eu\/dk-da\/wp-json\/wp\/v2\/pages\/8659\/revisions\/8664"}],"wp:attachment":[{"href":"https:\/\/legal.bestway.eu\/dk-da\/wp-json\/wp\/v2\/media?parent=8659"}],"curies":[{"name":"wp","href":"https:\/\/api.w.org\/{rel}","templated":true}]}}