{"id":6648,"date":"2023-10-24T11:15:40","date_gmt":"2023-10-24T09:15:40","guid":{"rendered":"https:\/\/legal.bestway.eu\/?page_id=6648"},"modified":"2026-02-10T10:51:29","modified_gmt":"2026-02-10T09:51:29","slug":"warranty-extension","status":"publish","type":"page","link":"https:\/\/legal.bestway.eu\/dk-da\/warranty-extension\/","title":{"rendered":"Bestway-garanti"},"content":{"rendered":"\t\t<div data-elementor-type=\"wp-page\" data-elementor-id=\"6648\" class=\"elementor elementor-6648\" data-elementor-post-type=\"page\">\n\t\t\t\t<div class=\"elementor-element elementor-element-201a7b e-flex e-con-boxed e-con e-parent\" data-id=\"201a7b\" data-element_type=\"container\" data-e-type=\"container\">\n\t\t\t\t\t<div class=\"e-con-inner\">\n\t\t\t\t<div class=\"elementor-element elementor-element-3862fa4 elementor-widget elementor-widget-text-editor\" data-id=\"3862fa4\" data-element_type=\"widget\" data-e-type=\"widget\" data-widget_type=\"text-editor.default\">\n\t\t\t\t<div class=\"elementor-widget-container\">\n\t\t\t\t\t\t\t\t\t<p>Nedenfor er de garantibetingelser, der anvendes af BESTWAY EUROPE S.p.A., med registreret kontor i Via della Resistenza n. 5, San Giuliano Milanese (20098) &#8211; Milano, Italien (i det f\u00f8lgende ben\u00e6vnt \u00bbBESTWAY\u00ab), p\u00e5 produkter, der s\u00e6lges inden for Det Europ\u00e6iske \u00d8konomiske Samarbejdsomr\u00e5de under BESTWAY-m\u00e6rket.<\/p>\t\t\t\t\t\t\t\t<\/div>\n\t\t\t\t<\/div>\n\t\t\t\t\t<\/div>\n\t\t\t\t<\/div>\n\t\t<div class=\"elementor-element elementor-element-2d7f1d1b e-flex e-con-boxed e-con e-parent\" data-id=\"2d7f1d1b\" data-element_type=\"container\" data-e-type=\"container\">\n\t\t\t\t\t<div class=\"e-con-inner\">\n\t\t\t\t<div class=\"elementor-element elementor-element-7112739 elementor-widget elementor-widget-heading\" data-id=\"7112739\" data-element_type=\"widget\" data-e-type=\"widget\" data-widget_type=\"heading.default\">\n\t\t\t\t<div class=\"elementor-widget-container\">\n\t\t\t\t\t<h2 class=\"elementor-heading-title elementor-size-default\">Juridisk garanti<\/h2>\t\t\t\t<\/div>\n\t\t\t\t<\/div>\n\t\t\t\t<div class=\"elementor-element elementor-element-0f3351f elementor-widget elementor-widget-text-editor\" data-id=\"0f3351f\" data-element_type=\"widget\" data-e-type=\"widget\" data-widget_type=\"text-editor.default\">\n\t\t\t\t<div class=\"elementor-widget-container\">\n\t\t\t\t\t\t\t\t\t<p>1.1 Den juridiske garanti ydes i henhold til EU-direktiv 1999\/44\/EC og 2019\/771\/EC, der har til form\u00e5l at beskytte forbrugeren, som defineret nedenfor, s\u00e5fremt de k\u00f8bte varer (&#8220;produkter&#8221;) har overensstemmelsesfejl.<\/p><ul class=\"points-list-blue\">\n<\/ul>\n<p>1.2 I henhold til de f\u00f8rn\u00e6vnte EU-direktiver er forbrugeren enhver fysisk person, der k\u00f8ber et produkt til form\u00e5l, der ikke er relateret til hans eller hendes virksomhed, fag, h\u00e5ndv\u00e6rk eller erhverv (&#8220;Forbrugeren&#8221;).<\/p>\n<p>1.3 Den lovpligtige garanti g\u00e6lder 24 m\u00e5neder fra levering af varerne til Forbrugeren. V\u00e6r opm\u00e6rksom p\u00e5, at vilk\u00e5rene i de n\u00e6vnte direktiver ikke g\u00e6lder uden for de lande inden for Det Europ\u00e6iske \u00d8konomiske Samarbejdsomr\u00e5de, for hvilke den relevante lokale lovgivning g\u00e6lder.<\/p>\n<p>1.4 Hvis en forbruger mener, at vedkommende har k\u00f8bt et produkt med en overensstemmelsesdefekt, skal vedkommende kontakte forhandleren for at g\u00f8re brug af den tilknyttede garanti.<\/p>\n<p>1.5 For produkter k\u00f8bt af en forbruger direkte hos BESTWAY yder BESTWAY garanti for eventuelle overensstemmelsesdefekter i produkter.<\/p>\t\t\t\t\t\t\t\t<\/div>\n\t\t\t\t<\/div>\n\t\t\t\t<div class=\"elementor-element elementor-element-1fe5510 elementor-widget elementor-widget-heading\" data-id=\"1fe5510\" data-element_type=\"widget\" data-e-type=\"widget\" data-widget_type=\"heading.default\">\n\t\t\t\t<div class=\"elementor-widget-container\">\n\t\t\t\t\t<h2 class=\"elementor-heading-title elementor-size-default\">Producentens garanti<\/h2>\t\t\t\t<\/div>\n\t\t\t\t<\/div>\n\t\t\t\t<div class=\"elementor-element elementor-element-b5b3ff4 elementor-widget elementor-widget-text-editor\" data-id=\"b5b3ff4\" data-element_type=\"widget\" data-e-type=\"widget\" data-widget_type=\"text-editor.default\">\n\t\t\t\t<div class=\"elementor-widget-container\">\n\t\t\t\t\t\t\t\t\t<p>Uden at det ber\u00f8rer de garantier og bef\u00f8jelser, der er fastsat ved lov, og uden at det ber\u00f8rer forbrugerens mulighed for at aktivere ovenst\u00e5ende juridiske garanti, tilbyder BESTWAY en yderligere garanti (\u00bbBESTWAY Producentgaranti\u00ab) p\u00e5 enhver mangel p\u00e5 overensstemmelse, der g\u00e6lder for et begr\u00e6nset udvalg af produkter.<\/p><p><a href=\"https:\/\/support.bestway.eu\/dk-da\/warranty\" target=\"_blank\" rel=\"noopener\">Klik her<\/a> for at finde ud af vilk\u00e5rene og betingelserne, udvalget af produkter, der er d\u00e6kket, og hvordan du aktiverer den.<\/p>\t\t\t\t\t\t\t\t<\/div>\n\t\t\t\t<\/div>\n\t\t\t\t\t<\/div>\n\t\t\t\t<\/div>\n\t\t\t\t<\/div>\n\t\t","protected":false},"excerpt":{"rendered":"<p>Nedenfor er de garantibetingelser, der anvendes af BESTWAY EUROPE S.p.A., med registreret kontor i Via della Resistenza n. 5, San Giuliano Milanese (20098) &#8211; Milano, Italien (i det f\u00f8lgende ben\u00e6vnt \u00bbBESTWAY\u00ab), p\u00e5 produkter, der s\u00e6lges inden for Det Europ\u00e6iske \u00d8konomiske Samarbejdsomr\u00e5de under BESTWAY-m\u00e6rket. Juridisk garanti 1.1 Den juridiske garanti ydes i henhold til EU-direktiv 1999\/44\/EC [&hellip;]<\/p>\n","protected":false},"author":9,"featured_media":0,"parent":0,"menu_order":0,"comment_status":"closed","ping_status":"closed","template":"","meta":{"_acf_changed":false,"site-sidebar-layout":"no-sidebar","site-content-layout":"page-builder","ast-site-content-layout":"full-width-container","site-content-style":"default","site-sidebar-style":"default","ast-global-header-display":"","ast-banner-title-visibility":"","ast-main-header-display":"","ast-hfb-above-header-display":"","ast-hfb-below-header-display":"","ast-hfb-mobile-header-display":"","site-post-title":"disabled","ast-breadcrumbs-content":"","ast-featured-img":"disabled","footer-sml-layout":"","ast-disable-related-posts":"","theme-transparent-header-meta":"","adv-header-id-meta":"","stick-header-meta":"","header-above-stick-meta":"","header-main-stick-meta":"","header-below-stick-meta":"","astra-migrate-meta-layouts":"set","ast-page-background-enabled":"default","ast-page-background-meta":{"desktop":{"background-color":"var(--ast-global-color-4)","background-image":"","background-repeat":"repeat","background-position":"center center","background-size":"auto","background-attachment":"scroll","background-type":"","background-media":"","overlay-type":"","overlay-color":"","overlay-opacity":"","overlay-gradient":""},"tablet":{"background-color":"","background-image":"","background-repeat":"repeat","background-position":"center center","background-size":"auto","background-attachment":"scroll","background-type":"","background-media":"","overlay-type":"","overlay-color":"","overlay-opacity":"","overlay-gradient":""},"mobile":{"background-color":"","background-image":"","background-repeat":"repeat","background-position":"center center","background-size":"auto","background-attachment":"scroll","background-type":"","background-media":"","overlay-type":"","overlay-color":"","overlay-opacity":"","overlay-gradient":""}},"ast-content-background-meta":{"desktop":{"background-color":"var(--ast-global-color-5)","background-image":"","background-repeat":"repeat","background-position":"center center","background-size":"auto","background-attachment":"scroll","background-type":"","background-media":"","overlay-type":"","overlay-color":"","overlay-opacity":"","overlay-gradient":""},"tablet":{"background-color":"var(--ast-global-color-5)","background-image":"","background-repeat":"repeat","background-position":"center center","background-size":"auto","background-attachment":"scroll","background-type":"","background-media":"","overlay-type":"","overlay-color":"","overlay-opacity":"","overlay-gradient":""},"mobile":{"background-color":"var(--ast-global-color-5)","background-image":"","background-repeat":"repeat","background-position":"center center","background-size":"auto","background-attachment":"scroll","background-type":"","background-media":"","overlay-type":"","overlay-color":"","overlay-opacity":"","overlay-gradient":""}},"footnotes":""},"class_list":["post-6648","page","type-page","status-publish","hentry"],"acf":[],"yoast_head":"<!-- This site is optimized with the Yoast SEO plugin v27.4 - https:\/\/yoast.com\/product\/yoast-seo-wordpress\/ -->\n<title>Bestway-garanti - Legal<\/title>\n<meta name=\"robots\" content=\"noindex, follow, max-snippet:-1, max-image-preview:large, max-video-preview:-1\" \/>\n<meta property=\"og:locale\" content=\"en_US\" \/>\n<meta property=\"og:type\" content=\"article\" \/>\n<meta property=\"og:title\" content=\"Bestway-garanti - Legal\" \/>\n<meta property=\"og:description\" content=\"Nedenfor er de garantibetingelser, der anvendes af BESTWAY EUROPE S.p.A., med registreret kontor i Via della Resistenza n. 5, San Giuliano Milanese (20098) &#8211; Milano, Italien (i det f\u00f8lgende ben\u00e6vnt \u00bbBESTWAY\u00ab), p\u00e5 produkter, der s\u00e6lges inden for Det Europ\u00e6iske \u00d8konomiske Samarbejdsomr\u00e5de under BESTWAY-m\u00e6rket. Juridisk garanti 1.1 Den juridiske garanti ydes i henhold til EU-direktiv 1999\/44\/EC [&hellip;]\" \/>\n<meta property=\"og:url\" content=\"https:\/\/legal.bestway.eu\/dk-da\/warranty-extension\/\" \/>\n<meta property=\"og:site_name\" content=\"Legal\" \/>\n<meta property=\"article:modified_time\" content=\"2026-02-10T09:51:29+00:00\" \/>\n<meta name=\"twitter:card\" content=\"summary_large_image\" \/>\n<meta name=\"twitter:label1\" content=\"Est. reading time\" \/>\n\t<meta name=\"twitter:data1\" content=\"2 minutes\" \/>\n<script type=\"application\/ld+json\" class=\"yoast-schema-graph\">{\"@context\":\"https:\\\/\\\/schema.org\",\"@graph\":[{\"@type\":\"WebPage\",\"@id\":\"https:\\\/\\\/legal.bestway.eu\\\/dk-da\\\/warranty-extension\\\/\",\"url\":\"https:\\\/\\\/legal.bestway.eu\\\/dk-da\\\/warranty-extension\\\/\",\"name\":\"Bestway-garanti - Legal\",\"isPartOf\":{\"@id\":\"https:\\\/\\\/legal.bestway.eu\\\/dk-da\\\/#website\"},\"datePublished\":\"2023-10-24T09:15:40+00:00\",\"dateModified\":\"2026-02-10T09:51:29+00:00\",\"inLanguage\":\"dk-da\",\"potentialAction\":[{\"@type\":\"ReadAction\",\"target\":[\"https:\\\/\\\/legal.bestway.eu\\\/dk-da\\\/warranty-extension\\\/\"]}]},{\"@type\":\"WebSite\",\"@id\":\"https:\\\/\\\/legal.bestway.eu\\\/dk-da\\\/#website\",\"url\":\"https:\\\/\\\/legal.bestway.eu\\\/dk-da\\\/\",\"name\":\"Legal\",\"description\":\"Legal\",\"publisher\":{\"@id\":\"https:\\\/\\\/legal.bestway.eu\\\/dk-da\\\/#organization\"},\"potentialAction\":[{\"@type\":\"SearchAction\",\"target\":{\"@type\":\"EntryPoint\",\"urlTemplate\":\"https:\\\/\\\/legal.bestway.eu\\\/dk-da\\\/?s={search_term_string}\"},\"query-input\":{\"@type\":\"PropertyValueSpecification\",\"valueRequired\":true,\"valueName\":\"search_term_string\"}}],\"inLanguage\":\"dk-da\"},{\"@type\":\"Organization\",\"@id\":\"https:\\\/\\\/legal.bestway.eu\\\/dk-da\\\/#organization\",\"name\":\"Legal\",\"url\":\"https:\\\/\\\/legal.bestway.eu\\\/dk-da\\\/\",\"logo\":{\"@type\":\"ImageObject\",\"inLanguage\":\"dk-da\",\"@id\":\"https:\\\/\\\/legal.bestway.eu\\\/dk-da\\\/#\\\/schema\\\/logo\\\/image\\\/\",\"url\":\"https:\\\/\\\/legal.bestway.eu\\\/wp-content\\\/uploads\\\/sites\\\/2\\\/2023\\\/10\\\/bw-white-logo@2x.png\",\"contentUrl\":\"https:\\\/\\\/legal.bestway.eu\\\/wp-content\\\/uploads\\\/sites\\\/2\\\/2023\\\/10\\\/bw-white-logo@2x.png\",\"width\":348,\"height\":138,\"caption\":\"Legal\"},\"image\":{\"@id\":\"https:\\\/\\\/legal.bestway.eu\\\/dk-da\\\/#\\\/schema\\\/logo\\\/image\\\/\"}}]}<\/script>\n<!-- \/ Yoast SEO plugin. -->","yoast_head_json":{"title":"Bestway-garanti - Legal","robots":{"index":"noindex","follow":"follow","max-snippet":"max-snippet:-1","max-image-preview":"max-image-preview:large","max-video-preview":"max-video-preview:-1"},"og_locale":"en_US","og_type":"article","og_title":"Bestway-garanti - Legal","og_description":"Nedenfor er de garantibetingelser, der anvendes af BESTWAY EUROPE S.p.A., med registreret kontor i Via della Resistenza n. 5, San Giuliano Milanese (20098) &#8211; Milano, Italien (i det f\u00f8lgende ben\u00e6vnt \u00bbBESTWAY\u00ab), p\u00e5 produkter, der s\u00e6lges inden for Det Europ\u00e6iske \u00d8konomiske Samarbejdsomr\u00e5de under BESTWAY-m\u00e6rket. Juridisk garanti 1.1 Den juridiske garanti ydes i henhold til EU-direktiv 1999\/44\/EC [&hellip;]","og_url":"https:\/\/legal.bestway.eu\/dk-da\/warranty-extension\/","og_site_name":"Legal","article_modified_time":"2026-02-10T09:51:29+00:00","twitter_card":"summary_large_image","twitter_misc":{"Est. reading time":"2 minutes"},"schema":{"@context":"https:\/\/schema.org","@graph":[{"@type":"WebPage","@id":"https:\/\/legal.bestway.eu\/dk-da\/warranty-extension\/","url":"https:\/\/legal.bestway.eu\/dk-da\/warranty-extension\/","name":"Bestway-garanti - Legal","isPartOf":{"@id":"https:\/\/legal.bestway.eu\/dk-da\/#website"},"datePublished":"2023-10-24T09:15:40+00:00","dateModified":"2026-02-10T09:51:29+00:00","inLanguage":"dk-da","potentialAction":[{"@type":"ReadAction","target":["https:\/\/legal.bestway.eu\/dk-da\/warranty-extension\/"]}]},{"@type":"WebSite","@id":"https:\/\/legal.bestway.eu\/dk-da\/#website","url":"https:\/\/legal.bestway.eu\/dk-da\/","name":"Legal","description":"Legal","publisher":{"@id":"https:\/\/legal.bestway.eu\/dk-da\/#organization"},"potentialAction":[{"@type":"SearchAction","target":{"@type":"EntryPoint","urlTemplate":"https:\/\/legal.bestway.eu\/dk-da\/?s={search_term_string}"},"query-input":{"@type":"PropertyValueSpecification","valueRequired":true,"valueName":"search_term_string"}}],"inLanguage":"dk-da"},{"@type":"Organization","@id":"https:\/\/legal.bestway.eu\/dk-da\/#organization","name":"Legal","url":"https:\/\/legal.bestway.eu\/dk-da\/","logo":{"@type":"ImageObject","inLanguage":"dk-da","@id":"https:\/\/legal.bestway.eu\/dk-da\/#\/schema\/logo\/image\/","url":"https:\/\/legal.bestway.eu\/wp-content\/uploads\/sites\/2\/2023\/10\/bw-white-logo@2x.png","contentUrl":"https:\/\/legal.bestway.eu\/wp-content\/uploads\/sites\/2\/2023\/10\/bw-white-logo@2x.png","width":348,"height":138,"caption":"Legal"},"image":{"@id":"https:\/\/legal.bestway.eu\/dk-da\/#\/schema\/logo\/image\/"}}]}},"_links":{"self":[{"href":"https:\/\/legal.bestway.eu\/dk-da\/wp-json\/wp\/v2\/pages\/6648","targetHints":{"allow":["GET"]}}],"collection":[{"href":"https:\/\/legal.bestway.eu\/dk-da\/wp-json\/wp\/v2\/pages"}],"about":[{"href":"https:\/\/legal.bestway.eu\/dk-da\/wp-json\/wp\/v2\/types\/page"}],"author":[{"embeddable":true,"href":"https:\/\/legal.bestway.eu\/dk-da\/wp-json\/wp\/v2\/users\/9"}],"replies":[{"embeddable":true,"href":"https:\/\/legal.bestway.eu\/dk-da\/wp-json\/wp\/v2\/comments?post=6648"}],"version-history":[{"count":10,"href":"https:\/\/legal.bestway.eu\/dk-da\/wp-json\/wp\/v2\/pages\/6648\/revisions"}],"predecessor-version":[{"id":9019,"href":"https:\/\/legal.bestway.eu\/dk-da\/wp-json\/wp\/v2\/pages\/6648\/revisions\/9019"}],"wp:attachment":[{"href":"https:\/\/legal.bestway.eu\/dk-da\/wp-json\/wp\/v2\/media?parent=6648"}],"curies":[{"name":"wp","href":"https:\/\/api.w.org\/{rel}","templated":true}]}}