{"id":6567,"date":"2023-10-24T12:37:41","date_gmt":"2023-10-24T10:37:41","guid":{"rendered":"https:\/\/legal.bestway.eu\/?page_id=6567"},"modified":"2026-01-19T09:53:06","modified_gmt":"2026-01-19T08:53:06","slug":"privacy-notice","status":"publish","type":"page","link":"https:\/\/legal.bestway.eu\/dk-da\/privacy-notice\/","title":{"rendered":"Fortrolighedspolitik &#8211; GDPR"},"content":{"rendered":"\t\t<div data-elementor-type=\"wp-page\" data-elementor-id=\"6567\" class=\"elementor elementor-6567\" data-elementor-post-type=\"page\">\n\t\t\t\t<div class=\"elementor-element elementor-element-4233c87e e-flex e-con-boxed e-con e-parent\" data-id=\"4233c87e\" data-element_type=\"container\" data-e-type=\"container\">\n\t\t\t\t\t<div class=\"e-con-inner\">\n\t\t\t\t<div class=\"elementor-element elementor-element-eeb32c3 elementor-widget elementor-widget-menu-anchor\" data-id=\"eeb32c3\" data-element_type=\"widget\" data-e-type=\"widget\" data-widget_type=\"menu-anchor.default\">\n\t\t\t\t<div class=\"elementor-widget-container\">\n\t\t\t\t\t\t\t<div class=\"elementor-menu-anchor\" id=\"BoxNewsletter\"><\/div>\n\t\t\t\t\t\t<\/div>\n\t\t\t\t<\/div>\n\t\t\t\t<div class=\"elementor-element elementor-element-3c097587 elementor-widget elementor-widget-heading\" data-id=\"3c097587\" data-element_type=\"widget\" data-e-type=\"widget\" data-widget_type=\"heading.default\">\n\t\t\t\t<div class=\"elementor-widget-container\">\n\t\t\t\t\t<h2 class=\"elementor-heading-title elementor-size-default\">Markedsf\u00f8ring<\/h2>\t\t\t\t<\/div>\n\t\t\t\t<\/div>\n\t\t\t\t<div class=\"elementor-element elementor-element-375d8ec elementor-widget elementor-widget-text-editor\" data-id=\"375d8ec\" data-element_type=\"widget\" data-e-type=\"widget\" data-widget_type=\"text-editor.default\">\n\t\t\t\t<div class=\"elementor-widget-container\">\n\t\t\t\t\t\t\t\t\t<p>Politik i henhold til europ\u00e6isk forordning 2016\/679 (GDPR) som \u00e6ndringer og tilf\u00f8jelser hertil<\/p><p>Dataansvarlig: BESTWAY EUROPE S.P.A., med registreret kontor i San Giuliano Milanese (Mi), via Resistenza 5 (&#8220;BESTWAY&#8221;), Italien.<\/p><p>DPO: <a href=\"mailto:privacy@bestwaycorp.eu\">privacy@bestwaycorp.eu<\/a><\/p><p>Den dataansvarlige vil behandle f\u00f8lgende data:<\/p><p>Med forbehold for dit samtykke ved at markere det relevante felt, vil den dataansvarlige behandle dine data til markedsf\u00f8ringsform\u00e5l for at sende dig nyhedsbreve, der indeholder information og opdateringer om BESTWAYs produkter, tjenester, begivenheder og tilbud. Retsgrundlaget for behandlingen af de data, du har givet, er dit frie og valgfrie samtykke; ethvert afslag p\u00e5 at give et s\u00e5dant samtykke vil kun forhindre dig i at modtage den ovenfor beskrevne kommunikation.<\/p><p>Dine data vil blive behandlet p\u00e5 papir og elektroniske midler i overensstemmelse med g\u00e6ldende lovgivning om beskyttelse af persondata (EU-forordning 679\/2016 eller &#8220;GDPR&#8221; som \u00e6ndret og suppleret). De personlige data, du afgiver, kan blive videregivet til tredjeparter, s\u00e5som personer, foreninger, professionelle firmaer og virksomheder, der leverer konsulent- og supporttjenester og aktiviteter til BESTWAY (herunder virksomheder i BESTWAY-koncernen, som kan v\u00e6re beliggende uden for EU), i deres egenskaber som databehandlere, hvis de er beh\u00f8rigt udpeget og forudsat, at der er tilstr\u00e6kkelige sikkerhedsforanstaltninger p\u00e5 plads til beskyttelse af personoplysninger, f\u00e6lles dataansvarlige eller uafh\u00e6ngige dataansvarlige, samt BESTWAY-personale, der kun er udpeget som databehandlere til de form\u00e5l, der er beskrevet ovenfor. En komplet liste over de dataansvarlige eller databehandlere, som oplysningerne kan videregives til, er tilg\u00e6ngelig efter anmodning.<\/p><p>Med hensyn til markedsf\u00f8ringsform\u00e5lene, vil dine data ikke blive opbevaret i l\u00e6ngere end 8 \u00e5r fra det tidspunkt, du giver din tilladelse. Kunder kan til enhver tid afmelde nyhedsbrevstjenesten ved at klikke p\u00e5 linket &#8220;afmeld&#8221; i hver e-mail eller ved at sende en e-mail til <a href=\"mailto:privacy@bestwaycorp.eu\">privacy@bestwaycorp.eu<\/a>.<\/p><p>Du kan til enhver tid ud\u00f8ve alle de rettigheder, der er anf\u00f8rt i art. 15 ff. i forordningen, herunder is\u00e6r retten til at f\u00e5 adgang til dine personoplysninger, retten til berigtigelse, retten til sletning, retten til at g\u00f8re indsigelse mod deres behandling, retten til dataportabilitet og retten til at indgive en klage til den personlige Databeskyttelsesmyndighed, der er udpeget i dit land (<a href=\"https:\/\/edpb.europa.eu\/about-edpb\/board\/members_en\" target=\"_blank\" rel=\"noopener\">https:\/\/edpb.europa.eu\/about-edpb\/board\/members_en<\/a>).<\/p><p>De f\u00f8rn\u00e6vnte rettigheder kan ud\u00f8ves ved at sende en e-mail til f\u00f8lgende adresse <a href=\"mailto:privacy@bestwaycorp.eu\">privacy@bestwaycorp.eu<\/a><\/p>\t\t\t\t\t\t\t\t<\/div>\n\t\t\t\t<\/div>\n\t\t\t\t\t<\/div>\n\t\t\t\t<\/div>\n\t\t<div class=\"elementor-element elementor-element-fc9e459 e-flex e-con-boxed e-con e-parent\" data-id=\"fc9e459\" data-element_type=\"container\" data-e-type=\"container\">\n\t\t\t\t\t<div class=\"e-con-inner\">\n\t\t\t\t<div class=\"elementor-element elementor-element-4ff1b8f6 elementor-widget elementor-widget-menu-anchor\" data-id=\"4ff1b8f6\" data-element_type=\"widget\" data-e-type=\"widget\" data-widget_type=\"menu-anchor.default\">\n\t\t\t\t<div class=\"elementor-widget-container\">\n\t\t\t\t\t\t\t<div class=\"elementor-menu-anchor\" id=\"Sitoassistenza\"><\/div>\n\t\t\t\t\t\t<\/div>\n\t\t\t\t<\/div>\n\t\t\t\t<div class=\"elementor-element elementor-element-33a4a549 elementor-widget elementor-widget-heading\" data-id=\"33a4a549\" data-element_type=\"widget\" data-e-type=\"widget\" data-widget_type=\"heading.default\">\n\t\t\t\t<div class=\"elementor-widget-container\">\n\t\t\t\t\t<h2 class=\"elementor-heading-title elementor-size-default\">Support hjemmeside<\/h2>\t\t\t\t<\/div>\n\t\t\t\t<\/div>\n\t\t\t\t<div class=\"elementor-element elementor-element-10d7938d elementor-widget elementor-widget-text-editor\" data-id=\"10d7938d\" data-element_type=\"widget\" data-e-type=\"widget\" data-widget_type=\"text-editor.default\">\n\t\t\t\t<div class=\"elementor-widget-container\">\n\t\t\t\t\t\t\t\t\t<p>Dataansvarlig: BESTWAY EUROPE S.P.A., med registreret kontor i San Giuliano Milanese (Mi), via Resistenza 5 (&#8220;BESTWAY&#8221;), Italien.<\/p>\n<p>DPO: <a href=\"mailto:privacy@bestwaycorp.eu\">privacy@bestwaycorp.eu<\/a><\/p>\n<p>Den dataansvarlige vil behandle f\u00f8lgende data:<\/p>\n<p>i) For- og efternavn, e-mailadresse, forsendelsesadresse og telefonnummer, indsamlet via kundeservicecenter og\/eller chatbot,&nbsp;<span style=\"font-style: inherit; font-weight: inherit;\">give dig mulighed for at frems\u00e6tte klager via en personligt tilpasset konto p\u00e5 BESTWAYs hjemmeside, og som du f\u00e5r adgang til med et brugernavn og en adgangskode,du f\u00e5r tilsendt via e-mail &#8211; hvor sidstn\u00e6vnte skal \u00e6ndres f\u00f8rste gang, du logger p\u00e5 &#8211; og for at kunne tage ansvar for og h\u00e5ndtere din rapport om d\u00e5rlig service p\u00e5 korrekt vis, til administrative eller regnskabsm\u00e6ssige form\u00e5l, til overholdelse af juridiske eller regulatoriske forpligtelser.<\/span><\/p>\n<p>ii) til markedsf\u00f8ringsform\u00e5l at sende dig nyhedsbreve indeholdende information og opdateringer om BESTWAYs produkter, tjenester, begivenheder og tilbud, med forbehold for dit samtykke ved at s\u00e6tte kryds i den relevante boks.<\/p>\n<p>iii) med forbehold for dit samtykke ved at markere det relevante felt, kan oplysninger s\u00e5som k\u00f8n, aldersgruppe, besk\u00e6ftigelsesstatus, motivation for produktk\u00f8b, metode til produktk\u00f8b og antal b\u00f8rn i husstanden indsamles til statistiske form\u00e5l. Disse data indsamles af BESTWAY for at f\u00e5 et samlet overblik over sine kunder uden at fors\u00f8ge at komme med forudsigelser eller drage konklusioner, der er specifikke for dig, da form\u00e5let ikke er at evaluere individuelle karakteristika.with your consent, by checking the appropriate box, we may email you a request to join a survey about our products and your experience using them;<\/p>\n<p>iv) med dit samtykke, ved at markere det relevante felt, kan vi sende dig en e-mail med en anmodning om at deltage i en unders\u00f8gelse om vores produkter og din oplevelse med at bruge dem;<\/p>\n<p>Retsgrundlaget for behandlingen af de data, der er omhandlet i litra i), er etableringen og udf\u00f8relsen af de kontraktlige\/kommercielle betingelser og de g\u00e6ldende lovbestemmelser; disse data er obligatoriske, og afvisningen af at give dem kan forhindre BESTWAY i at opfylde den \u00f8nskede service. Med hensyn til punkt (ii), (iii) og (iv) er det juridiske grundlag for denne behandling dit frie og valgfrie samtykke, og ethvert afslag p\u00e5 at give et s\u00e5dant samtykke vil kun forhindre dig i at modtage de f\u00f8rn\u00e6vnte meddelelser.<\/p>\n<p>Dine data vil blive behandlet p\u00e5 papir og elektroniske midler i overensstemmelse med g\u00e6ldende lovgivning om beskyttelse af persondata (EU-forordning 679\/2016 eller &#8220;GDPR&#8221; som \u00e6ndret og suppleret). De personlige data, du afgiver, kan blive videregivet til tredjeparter, s\u00e5som personer, foreninger, professionelle firmaer og virksomheder, der leverer konsulent- og supporttjenester og aktiviteter til BESTWAY (herunder virksomheder i BESTWAY-koncernen, som kan v\u00e6re beliggende uden for EU), i deres egenskaber som databehandlere, hvis de er beh\u00f8rigt udpeget og forudsat, at der er tilstr\u00e6kkelige sikkerhedsforanstaltninger p\u00e5 plads til beskyttelse af personoplysninger, f\u00e6lles dataansvarlige eller uafh\u00e6ngige dataansvarlige, samt BESTWAY-personale, der kun er udpeget som databehandlere til de form\u00e5l, der er beskrevet ovenfor. En komplet liste over de dataansvarlige eller databehandlere, som oplysningerne kan videregives til, er tilg\u00e6ngelig efter anmodning.<\/p>\n<p>Med henblik p\u00e5 klageh\u00e5ndtering beskrevet i (i) vil dine data blive opbevaret selv efter oph\u00f8ret af det kontraktlige\/kommercielle forhold med BESTWAY til opfyldelse af alle forpligtelser relateret til eller opst\u00e5et fra indg\u00e5elsen af forholdet, herunder dem, der er relateret til juridiske forpligtelser og for\u00e6ldelsesregler fastsat til dette form\u00e5l af g\u00e6ldende lov og under alle omst\u00e6ndigheder ikke l\u00e6ngere end 10 \u00e5r.<\/p>\n<p>Med hensyn til markedsf\u00f8ringsform\u00e5lene beskrevet i (ii), vil dine data ikke blive opbevaret i l\u00e6ngere end 8 \u00e5r fra det tidspunkt, du giver din tilladelse. Kunder kan til enhver tid afmelde nyhedsbrevstjenesten ved at klikke p\u00e5 linket &#8220;afmeld&#8221; i hver e-mail eller ved at sende en e-mail til <a href=\"mailto:privacy@bestwaycorp.eu\">privacy@bestwaycorp.eu<\/a>.<\/p>\n<p>Med henblik p\u00e5 statistik og unders\u00f8gelser beskrevet i (iii) og (iv) ovenfor, vil dine data blive opbevaret i op til 8 \u00e5r fra den dato, vi modtager dit samtykke.<\/p>\n<p>Du kan til enhver tid ud\u00f8ve alle de rettigheder, der er anf\u00f8rt i art. 15 ff. i forordningen, herunder is\u00e6r retten til at f\u00e5 adgang til dine personoplysninger, retten til berigtigelse, retten til sletning, retten til at g\u00f8re indsigelse mod deres behandling, retten til dataportabilitet og retten til at indgive en klage til den personlige Databeskyttelsesmyndighed, der er udpeget i dit land (<a href=\"https:\/\/edpb.europa.eu\/about-edpb\/board\/members_en\" target=\"_blank\" rel=\"noopener\">https:\/\/edpb.europa.eu\/about-edpb\/board\/members_en<\/a>).<\/p>\n<p>De f\u00f8rn\u00e6vnte rettigheder kan ud\u00f8ves ved at sende en e-mail til f\u00f8lgende adresse <a href=\"mailto:privacy@bestwaycorp.eu\">privacy@bestwaycorp.eu<\/a><\/p>\t\t\t\t\t\t\t\t<\/div>\n\t\t\t\t<\/div>\n\t\t\t\t\t<\/div>\n\t\t\t\t<\/div>\n\t\t\t\t<\/div>\n\t\t","protected":false},"excerpt":{"rendered":"<p>Markedsf\u00f8ring Politik i henhold til europ\u00e6isk forordning 2016\/679 (GDPR) som \u00e6ndringer og tilf\u00f8jelser hertil Dataansvarlig: BESTWAY EUROPE S.P.A., med registreret kontor i San Giuliano Milanese (Mi), via Resistenza 5 (&#8220;BESTWAY&#8221;), Italien. DPO: privacy@bestwaycorp.eu Den dataansvarlige vil behandle f\u00f8lgende data: Med forbehold for dit samtykke ved at markere det relevante felt, vil den dataansvarlige behandle dine [&hellip;]<\/p>\n","protected":false},"author":9,"featured_media":0,"parent":0,"menu_order":0,"comment_status":"closed","ping_status":"closed","template":"","meta":{"_acf_changed":false,"site-sidebar-layout":"no-sidebar","site-content-layout":"page-builder","ast-site-content-layout":"full-width-container","site-content-style":"default","site-sidebar-style":"default","ast-global-header-display":"","ast-banner-title-visibility":"","ast-main-header-display":"","ast-hfb-above-header-display":"","ast-hfb-below-header-display":"","ast-hfb-mobile-header-display":"","site-post-title":"","ast-breadcrumbs-content":"","ast-featured-img":"disabled","footer-sml-layout":"","ast-disable-related-posts":"","theme-transparent-header-meta":"","adv-header-id-meta":"","stick-header-meta":"","header-above-stick-meta":"","header-main-stick-meta":"","header-below-stick-meta":"","astra-migrate-meta-layouts":"set","ast-page-background-enabled":"default","ast-page-background-meta":{"desktop":{"background-color":"var(--ast-global-color-4)","background-image":"","background-repeat":"repeat","background-position":"center center","background-size":"auto","background-attachment":"scroll","background-type":"","background-media":"","overlay-type":"","overlay-color":"","overlay-opacity":"","overlay-gradient":""},"tablet":{"background-color":"","background-image":"","background-repeat":"repeat","background-position":"center center","background-size":"auto","background-attachment":"scroll","background-type":"","background-media":"","overlay-type":"","overlay-color":"","overlay-opacity":"","overlay-gradient":""},"mobile":{"background-color":"","background-image":"","background-repeat":"repeat","background-position":"center center","background-size":"auto","background-attachment":"scroll","background-type":"","background-media":"","overlay-type":"","overlay-color":"","overlay-opacity":"","overlay-gradient":""}},"ast-content-background-meta":{"desktop":{"background-color":"var(--ast-global-color-5)","background-image":"","background-repeat":"repeat","background-position":"center center","background-size":"auto","background-attachment":"scroll","background-type":"","background-media":"","overlay-type":"","overlay-color":"","overlay-opacity":"","overlay-gradient":""},"tablet":{"background-color":"var(--ast-global-color-5)","background-image":"","background-repeat":"repeat","background-position":"center center","background-size":"auto","background-attachment":"scroll","background-type":"","background-media":"","overlay-type":"","overlay-color":"","overlay-opacity":"","overlay-gradient":""},"mobile":{"background-color":"var(--ast-global-color-5)","background-image":"","background-repeat":"repeat","background-position":"center center","background-size":"auto","background-attachment":"scroll","background-type":"","background-media":"","overlay-type":"","overlay-color":"","overlay-opacity":"","overlay-gradient":""}},"footnotes":""},"class_list":["post-6567","page","type-page","status-publish","hentry"],"acf":[],"yoast_head":"<!-- This site is optimized with the Yoast SEO plugin v27.4 - https:\/\/yoast.com\/product\/yoast-seo-wordpress\/ -->\n<title>Fortrolighedspolitik - GDPR - Legal<\/title>\n<meta name=\"robots\" content=\"noindex, follow, max-snippet:-1, max-image-preview:large, max-video-preview:-1\" \/>\n<meta property=\"og:locale\" content=\"en_US\" \/>\n<meta property=\"og:type\" content=\"article\" \/>\n<meta property=\"og:title\" content=\"Fortrolighedspolitik - GDPR - Legal\" \/>\n<meta property=\"og:description\" content=\"Markedsf\u00f8ring Politik i henhold til europ\u00e6isk forordning 2016\/679 (GDPR) som \u00e6ndringer og tilf\u00f8jelser hertil Dataansvarlig: BESTWAY EUROPE S.P.A., med registreret kontor i San Giuliano Milanese (Mi), via Resistenza 5 (&#8220;BESTWAY&#8221;), Italien. DPO: privacy@bestwaycorp.eu Den dataansvarlige vil behandle f\u00f8lgende data: Med forbehold for dit samtykke ved at markere det relevante felt, vil den dataansvarlige behandle dine [&hellip;]\" \/>\n<meta property=\"og:url\" content=\"https:\/\/legal.bestway.eu\/dk-da\/privacy-notice\/\" \/>\n<meta property=\"og:site_name\" content=\"Legal\" \/>\n<meta property=\"article:modified_time\" content=\"2026-01-19T08:53:06+00:00\" \/>\n<meta name=\"twitter:card\" content=\"summary_large_image\" \/>\n<meta name=\"twitter:label1\" content=\"Est. reading time\" \/>\n\t<meta name=\"twitter:data1\" content=\"6 minutes\" \/>\n<script type=\"application\/ld+json\" class=\"yoast-schema-graph\">{\"@context\":\"https:\\\/\\\/schema.org\",\"@graph\":[{\"@type\":\"WebPage\",\"@id\":\"https:\\\/\\\/legal.bestway.eu\\\/dk-da\\\/privacy-notice\\\/\",\"url\":\"https:\\\/\\\/legal.bestway.eu\\\/dk-da\\\/privacy-notice\\\/\",\"name\":\"Fortrolighedspolitik - GDPR - Legal\",\"isPartOf\":{\"@id\":\"https:\\\/\\\/legal.bestway.eu\\\/dk-da\\\/#website\"},\"datePublished\":\"2023-10-24T10:37:41+00:00\",\"dateModified\":\"2026-01-19T08:53:06+00:00\",\"inLanguage\":\"dk-da\",\"potentialAction\":[{\"@type\":\"ReadAction\",\"target\":[\"https:\\\/\\\/legal.bestway.eu\\\/dk-da\\\/privacy-notice\\\/\"]}]},{\"@type\":\"WebSite\",\"@id\":\"https:\\\/\\\/legal.bestway.eu\\\/dk-da\\\/#website\",\"url\":\"https:\\\/\\\/legal.bestway.eu\\\/dk-da\\\/\",\"name\":\"Legal\",\"description\":\"Legal\",\"publisher\":{\"@id\":\"https:\\\/\\\/legal.bestway.eu\\\/dk-da\\\/#organization\"},\"potentialAction\":[{\"@type\":\"SearchAction\",\"target\":{\"@type\":\"EntryPoint\",\"urlTemplate\":\"https:\\\/\\\/legal.bestway.eu\\\/dk-da\\\/?s={search_term_string}\"},\"query-input\":{\"@type\":\"PropertyValueSpecification\",\"valueRequired\":true,\"valueName\":\"search_term_string\"}}],\"inLanguage\":\"dk-da\"},{\"@type\":\"Organization\",\"@id\":\"https:\\\/\\\/legal.bestway.eu\\\/dk-da\\\/#organization\",\"name\":\"Legal\",\"url\":\"https:\\\/\\\/legal.bestway.eu\\\/dk-da\\\/\",\"logo\":{\"@type\":\"ImageObject\",\"inLanguage\":\"dk-da\",\"@id\":\"https:\\\/\\\/legal.bestway.eu\\\/dk-da\\\/#\\\/schema\\\/logo\\\/image\\\/\",\"url\":\"https:\\\/\\\/legal.bestway.eu\\\/wp-content\\\/uploads\\\/sites\\\/2\\\/2023\\\/10\\\/bw-white-logo@2x.png\",\"contentUrl\":\"https:\\\/\\\/legal.bestway.eu\\\/wp-content\\\/uploads\\\/sites\\\/2\\\/2023\\\/10\\\/bw-white-logo@2x.png\",\"width\":348,\"height\":138,\"caption\":\"Legal\"},\"image\":{\"@id\":\"https:\\\/\\\/legal.bestway.eu\\\/dk-da\\\/#\\\/schema\\\/logo\\\/image\\\/\"}}]}<\/script>\n<!-- \/ Yoast SEO plugin. -->","yoast_head_json":{"title":"Fortrolighedspolitik - GDPR - Legal","robots":{"index":"noindex","follow":"follow","max-snippet":"max-snippet:-1","max-image-preview":"max-image-preview:large","max-video-preview":"max-video-preview:-1"},"og_locale":"en_US","og_type":"article","og_title":"Fortrolighedspolitik - GDPR - Legal","og_description":"Markedsf\u00f8ring Politik i henhold til europ\u00e6isk forordning 2016\/679 (GDPR) som \u00e6ndringer og tilf\u00f8jelser hertil Dataansvarlig: BESTWAY EUROPE S.P.A., med registreret kontor i San Giuliano Milanese (Mi), via Resistenza 5 (&#8220;BESTWAY&#8221;), Italien. DPO: privacy@bestwaycorp.eu Den dataansvarlige vil behandle f\u00f8lgende data: Med forbehold for dit samtykke ved at markere det relevante felt, vil den dataansvarlige behandle dine [&hellip;]","og_url":"https:\/\/legal.bestway.eu\/dk-da\/privacy-notice\/","og_site_name":"Legal","article_modified_time":"2026-01-19T08:53:06+00:00","twitter_card":"summary_large_image","twitter_misc":{"Est. reading time":"6 minutes"},"schema":{"@context":"https:\/\/schema.org","@graph":[{"@type":"WebPage","@id":"https:\/\/legal.bestway.eu\/dk-da\/privacy-notice\/","url":"https:\/\/legal.bestway.eu\/dk-da\/privacy-notice\/","name":"Fortrolighedspolitik - GDPR - Legal","isPartOf":{"@id":"https:\/\/legal.bestway.eu\/dk-da\/#website"},"datePublished":"2023-10-24T10:37:41+00:00","dateModified":"2026-01-19T08:53:06+00:00","inLanguage":"dk-da","potentialAction":[{"@type":"ReadAction","target":["https:\/\/legal.bestway.eu\/dk-da\/privacy-notice\/"]}]},{"@type":"WebSite","@id":"https:\/\/legal.bestway.eu\/dk-da\/#website","url":"https:\/\/legal.bestway.eu\/dk-da\/","name":"Legal","description":"Legal","publisher":{"@id":"https:\/\/legal.bestway.eu\/dk-da\/#organization"},"potentialAction":[{"@type":"SearchAction","target":{"@type":"EntryPoint","urlTemplate":"https:\/\/legal.bestway.eu\/dk-da\/?s={search_term_string}"},"query-input":{"@type":"PropertyValueSpecification","valueRequired":true,"valueName":"search_term_string"}}],"inLanguage":"dk-da"},{"@type":"Organization","@id":"https:\/\/legal.bestway.eu\/dk-da\/#organization","name":"Legal","url":"https:\/\/legal.bestway.eu\/dk-da\/","logo":{"@type":"ImageObject","inLanguage":"dk-da","@id":"https:\/\/legal.bestway.eu\/dk-da\/#\/schema\/logo\/image\/","url":"https:\/\/legal.bestway.eu\/wp-content\/uploads\/sites\/2\/2023\/10\/bw-white-logo@2x.png","contentUrl":"https:\/\/legal.bestway.eu\/wp-content\/uploads\/sites\/2\/2023\/10\/bw-white-logo@2x.png","width":348,"height":138,"caption":"Legal"},"image":{"@id":"https:\/\/legal.bestway.eu\/dk-da\/#\/schema\/logo\/image\/"}}]}},"_links":{"self":[{"href":"https:\/\/legal.bestway.eu\/dk-da\/wp-json\/wp\/v2\/pages\/6567","targetHints":{"allow":["GET"]}}],"collection":[{"href":"https:\/\/legal.bestway.eu\/dk-da\/wp-json\/wp\/v2\/pages"}],"about":[{"href":"https:\/\/legal.bestway.eu\/dk-da\/wp-json\/wp\/v2\/types\/page"}],"author":[{"embeddable":true,"href":"https:\/\/legal.bestway.eu\/dk-da\/wp-json\/wp\/v2\/users\/9"}],"replies":[{"embeddable":true,"href":"https:\/\/legal.bestway.eu\/dk-da\/wp-json\/wp\/v2\/comments?post=6567"}],"version-history":[{"count":11,"href":"https:\/\/legal.bestway.eu\/dk-da\/wp-json\/wp\/v2\/pages\/6567\/revisions"}],"predecessor-version":[{"id":8958,"href":"https:\/\/legal.bestway.eu\/dk-da\/wp-json\/wp\/v2\/pages\/6567\/revisions\/8958"}],"wp:attachment":[{"href":"https:\/\/legal.bestway.eu\/dk-da\/wp-json\/wp\/v2\/media?parent=6567"}],"curies":[{"name":"wp","href":"https:\/\/api.w.org\/{rel}","templated":true}]}}