{"id":5636,"date":"2023-10-24T11:15:40","date_gmt":"2023-10-24T09:15:40","guid":{"rendered":"https:\/\/legal.bestway.eu\/?page_id=5636"},"modified":"2026-02-10T10:49:36","modified_gmt":"2026-02-10T09:49:36","slug":"warranty-extension","status":"publish","type":"page","link":"https:\/\/legal.bestway.eu\/cz-cs\/warranty-extension\/","title":{"rendered":"Z\u00e1ruka Bestway"},"content":{"rendered":"\t\t<div data-elementor-type=\"wp-page\" data-elementor-id=\"5636\" class=\"elementor elementor-5636\" data-elementor-post-type=\"page\">\n\t\t\t\t<div class=\"elementor-element elementor-element-201a7b e-flex e-con-boxed e-con e-parent\" data-id=\"201a7b\" data-element_type=\"container\" data-e-type=\"container\">\n\t\t\t\t\t<div class=\"e-con-inner\">\n\t\t\t\t<div class=\"elementor-element elementor-element-3862fa4 elementor-widget elementor-widget-text-editor\" data-id=\"3862fa4\" data-element_type=\"widget\" data-e-type=\"widget\" data-widget_type=\"text-editor.default\">\n\t\t\t\t<div class=\"elementor-widget-container\">\n\t\t\t\t\t\t\t\t\t<p>N\u00ed\u017ee jsou uvedeny z\u00e1ru\u010dn\u00ed podm\u00ednky uplat\u0148ovan\u00e9 spole\u010dnost\u00ed BESTWAY EUROPE S.p.A. se s\u00eddlem Via della Resistenza n 5, San Giuliano Milanese (20098) &#8211; Mil\u00e1n, It\u00e1lie (d\u00e1le jen \u201eBESTWAY\u201c) pro produkty prod\u00e1van\u00e9 v Evropsk\u00e9m hospod\u00e1\u0159sk\u00e9m prostoru pod. ochrann\u00e1 zn\u00e1mka BESTWAY.<\/p>\t\t\t\t\t\t\t\t<\/div>\n\t\t\t\t<\/div>\n\t\t\t\t\t<\/div>\n\t\t\t\t<\/div>\n\t\t<div class=\"elementor-element elementor-element-2d7f1d1b e-flex e-con-boxed e-con e-parent\" data-id=\"2d7f1d1b\" data-element_type=\"container\" data-e-type=\"container\">\n\t\t\t\t\t<div class=\"e-con-inner\">\n\t\t\t\t<div class=\"elementor-element elementor-element-7112739 elementor-widget elementor-widget-heading\" data-id=\"7112739\" data-element_type=\"widget\" data-e-type=\"widget\" data-widget_type=\"heading.default\">\n\t\t\t\t<div class=\"elementor-widget-container\">\n\t\t\t\t\t<h2 class=\"elementor-heading-title elementor-size-default\">Pr\u00e1vn\u00ed z\u00e1ruka<\/h2>\t\t\t\t<\/div>\n\t\t\t\t<\/div>\n\t\t\t\t<div class=\"elementor-element elementor-element-0f3351f elementor-widget elementor-widget-text-editor\" data-id=\"0f3351f\" data-element_type=\"widget\" data-e-type=\"widget\" data-widget_type=\"text-editor.default\">\n\t\t\t\t<div class=\"elementor-widget-container\">\n\t\t\t\t\t\t\t\t\t<p>1.1 Z\u00e1konn\u00e1 z\u00e1ruka je poskytov\u00e1na evropsk\u00fdmi sm\u011brnicemi 1999\/44\/ES a 2019\/771\/ES, jejich\u017e c\u00edlem je ochrana spot\u0159ebitele, jak je definov\u00e1n n\u00ed\u017ee, v p\u0159\u00edpad\u011b, \u017ee zakoupen\u00e9 zbo\u017e\u00ed (d\u00e1le jen \u201eprodukty\u201c) m\u00e1 vady shody.<\/p>\n<p>1.2 Spot\u0159ebitelem je v souladu s v\u00fd\u0161e uveden\u00fdmi evropsk\u00fdmi sm\u011brnicemi ka\u017ed\u00e1 fyzick\u00e1 osoba, kter\u00e1 nakupuje Produkt za \u00fa\u010delem nesouvisej\u00edc\u00edm s jej\u00edm podnik\u00e1n\u00edm, \u017eivnost\u00ed, \u0159emeslem nebo povol\u00e1n\u00edm (d\u00e1le jen \u201eSpot\u0159ebitel\u201c).<\/p>\n<p>1.3 Z\u00e1konn\u00e1 z\u00e1ruka trv\u00e1 24 m\u011bs\u00edc\u016f ode dne dod\u00e1n\u00ed zbo\u017e\u00ed Spot\u0159ebiteli. Upozor\u0148ujeme, \u017ee podm\u00ednky uveden\u00e9 ve zm\u00edn\u011bn\u00fdch sm\u011brnic\u00edch neplat\u00ed mimo zem\u011b Evropsk\u00e9ho hospod\u00e1\u0159sk\u00e9ho prostoru, na kter\u00e9 se vztahuj\u00ed p\u0159\u00edslu\u0161n\u00e9 m\u00edstn\u00ed p\u0159edpisy.<\/p>\n<p>1.4 Pokud se Spot\u0159ebitel domn\u00edv\u00e1, \u017ee zakoupil Produkt s vadou kompatibility, m\u011bl by kontaktovat sv\u00e9ho prodejce, aby mohl uplatnit z\u00e1ruku.<\/p>\n<p>1.5 BESTWAY poskytuje z\u00e1ruku na jak\u00e9koli mo\u017en\u00e9 vady ve shod\u011b Produkt\u016f ka\u017ed\u00e9mu Spot\u0159ebiteli, kter\u00fd zakoupil Produkty p\u0159\u00edmo od BESTWAY.<\/p>\t\t\t\t\t\t\t\t<\/div>\n\t\t\t\t<\/div>\n\t\t\t\t<div class=\"elementor-element elementor-element-1fe5510 elementor-widget elementor-widget-heading\" data-id=\"1fe5510\" data-element_type=\"widget\" data-e-type=\"widget\" data-widget_type=\"heading.default\">\n\t\t\t\t<div class=\"elementor-widget-container\">\n\t\t\t\t\t<h2 class=\"elementor-heading-title elementor-size-default\">Z\u00e1ruka v\u00fdrobce<\/h2>\t\t\t\t<\/div>\n\t\t\t\t<\/div>\n\t\t\t\t<div class=\"elementor-element elementor-element-b5b3ff4 elementor-widget elementor-widget-text-editor\" data-id=\"b5b3ff4\" data-element_type=\"widget\" data-e-type=\"widget\" data-widget_type=\"text-editor.default\">\n\t\t\t\t<div class=\"elementor-widget-container\">\n\t\t\t\t\t\t\t\t\t<p>Ani\u017e by byly dot\u010deny z\u00e1ruky a v\u00fdsady stanoven\u00e9 z\u00e1konem a ani\u017e by byla dot\u010dena mo\u017enost spot\u0159ebitele vyu\u017e\u00edvat v\u00fd\u0161e uvedenou z\u00e1ruku, spole\u010dnost BESTWAY poskytuje dodate\u010dnou z\u00e1ruku (&#8220;z\u00e1ruka v\u00fdrobce BESTWAY&#8221;) pokr\u00fdvaj\u00edc\u00ed mo\u017en\u00e9 vady shody v p\u0159\u00edpad\u011b omezen\u00e9ho sortimentu. produkt\u016f.<\/p><p>K<a href=\"https:\/\/support.bestway.eu\/cz-cs\/warranty\" target=\"_blank\" rel=\"noopener\">liknut\u00edm<\/a> sem zobraz\u00edte podm\u00ednky, pokryt\u00ed produktu a zp\u016fsoby aktivace.<\/p>\t\t\t\t\t\t\t\t<\/div>\n\t\t\t\t<\/div>\n\t\t\t\t\t<\/div>\n\t\t\t\t<\/div>\n\t\t\t\t<\/div>\n\t\t","protected":false},"excerpt":{"rendered":"<p>N\u00ed\u017ee jsou uvedeny z\u00e1ru\u010dn\u00ed podm\u00ednky uplat\u0148ovan\u00e9 spole\u010dnost\u00ed BESTWAY EUROPE S.p.A. se s\u00eddlem Via della Resistenza n 5, San Giuliano Milanese (20098) &#8211; Mil\u00e1n, It\u00e1lie (d\u00e1le jen \u201eBESTWAY\u201c) pro produkty prod\u00e1van\u00e9 v Evropsk\u00e9m hospod\u00e1\u0159sk\u00e9m prostoru pod. ochrann\u00e1 zn\u00e1mka BESTWAY. Pr\u00e1vn\u00ed z\u00e1ruka 1.1 Z\u00e1konn\u00e1 z\u00e1ruka je poskytov\u00e1na evropsk\u00fdmi sm\u011brnicemi 1999\/44\/ES a 2019\/771\/ES, jejich\u017e c\u00edlem je ochrana spot\u0159ebitele, [&hellip;]<\/p>\n","protected":false},"author":1,"featured_media":0,"parent":0,"menu_order":0,"comment_status":"closed","ping_status":"closed","template":"","meta":{"_acf_changed":false,"site-sidebar-layout":"no-sidebar","site-content-layout":"page-builder","ast-site-content-layout":"full-width-container","site-content-style":"default","site-sidebar-style":"default","ast-global-header-display":"","ast-banner-title-visibility":"","ast-main-header-display":"","ast-hfb-above-header-display":"","ast-hfb-below-header-display":"","ast-hfb-mobile-header-display":"","site-post-title":"disabled","ast-breadcrumbs-content":"","ast-featured-img":"disabled","footer-sml-layout":"","ast-disable-related-posts":"","theme-transparent-header-meta":"","adv-header-id-meta":"","stick-header-meta":"","header-above-stick-meta":"","header-main-stick-meta":"","header-below-stick-meta":"","astra-migrate-meta-layouts":"set","ast-page-background-enabled":"default","ast-page-background-meta":{"desktop":{"background-color":"var(--ast-global-color-4)","background-image":"","background-repeat":"repeat","background-position":"center center","background-size":"auto","background-attachment":"scroll","background-type":"","background-media":"","overlay-type":"","overlay-color":"","overlay-opacity":"","overlay-gradient":""},"tablet":{"background-color":"","background-image":"","background-repeat":"repeat","background-position":"center center","background-size":"auto","background-attachment":"scroll","background-type":"","background-media":"","overlay-type":"","overlay-color":"","overlay-opacity":"","overlay-gradient":""},"mobile":{"background-color":"","background-image":"","background-repeat":"repeat","background-position":"center center","background-size":"auto","background-attachment":"scroll","background-type":"","background-media":"","overlay-type":"","overlay-color":"","overlay-opacity":"","overlay-gradient":""}},"ast-content-background-meta":{"desktop":{"background-color":"var(--ast-global-color-5)","background-image":"","background-repeat":"repeat","background-position":"center center","background-size":"auto","background-attachment":"scroll","background-type":"","background-media":"","overlay-type":"","overlay-color":"","overlay-opacity":"","overlay-gradient":""},"tablet":{"background-color":"var(--ast-global-color-5)","background-image":"","background-repeat":"repeat","background-position":"center center","background-size":"auto","background-attachment":"scroll","background-type":"","background-media":"","overlay-type":"","overlay-color":"","overlay-opacity":"","overlay-gradient":""},"mobile":{"background-color":"var(--ast-global-color-5)","background-image":"","background-repeat":"repeat","background-position":"center center","background-size":"auto","background-attachment":"scroll","background-type":"","background-media":"","overlay-type":"","overlay-color":"","overlay-opacity":"","overlay-gradient":""}},"footnotes":""},"class_list":["post-5636","page","type-page","status-publish","hentry"],"acf":[],"yoast_head":"<!-- This site is optimized with the Yoast SEO plugin v27.6 - https:\/\/yoast.com\/product\/yoast-seo-wordpress\/ -->\n<title>Z\u00e1ruka Bestway - Legal<\/title>\n<meta name=\"robots\" content=\"noindex, follow, max-snippet:-1, max-image-preview:large, max-video-preview:-1\" \/>\n<meta property=\"og:locale\" content=\"en_US\" \/>\n<meta property=\"og:type\" content=\"article\" \/>\n<meta property=\"og:title\" content=\"Z\u00e1ruka Bestway - Legal\" \/>\n<meta property=\"og:description\" content=\"N\u00ed\u017ee jsou uvedeny z\u00e1ru\u010dn\u00ed podm\u00ednky uplat\u0148ovan\u00e9 spole\u010dnost\u00ed BESTWAY EUROPE S.p.A. se s\u00eddlem Via della Resistenza n 5, San Giuliano Milanese (20098) &#8211; Mil\u00e1n, It\u00e1lie (d\u00e1le jen \u201eBESTWAY\u201c) pro produkty prod\u00e1van\u00e9 v Evropsk\u00e9m hospod\u00e1\u0159sk\u00e9m prostoru pod. ochrann\u00e1 zn\u00e1mka BESTWAY. Pr\u00e1vn\u00ed z\u00e1ruka 1.1 Z\u00e1konn\u00e1 z\u00e1ruka je poskytov\u00e1na evropsk\u00fdmi sm\u011brnicemi 1999\/44\/ES a 2019\/771\/ES, jejich\u017e c\u00edlem je ochrana spot\u0159ebitele, [&hellip;]\" \/>\n<meta property=\"og:url\" content=\"https:\/\/legal.bestway.eu\/cz-cs\/warranty-extension\/\" \/>\n<meta property=\"og:site_name\" content=\"Legal\" \/>\n<meta property=\"article:modified_time\" content=\"2026-02-10T09:49:36+00:00\" \/>\n<meta name=\"twitter:card\" content=\"summary_large_image\" \/>\n<meta name=\"twitter:label1\" content=\"Est. reading time\" \/>\n\t<meta name=\"twitter:data1\" content=\"2 minutes\" \/>\n<script type=\"application\/ld+json\" class=\"yoast-schema-graph\">{\"@context\":\"https:\\\/\\\/schema.org\",\"@graph\":[{\"@type\":\"WebPage\",\"@id\":\"https:\\\/\\\/legal.bestway.eu\\\/cz-cs\\\/warranty-extension\\\/\",\"url\":\"https:\\\/\\\/legal.bestway.eu\\\/cz-cs\\\/warranty-extension\\\/\",\"name\":\"Z\u00e1ruka Bestway - Legal\",\"isPartOf\":{\"@id\":\"https:\\\/\\\/legal.bestway.eu\\\/cz-cs\\\/#website\"},\"datePublished\":\"2023-10-24T09:15:40+00:00\",\"dateModified\":\"2026-02-10T09:49:36+00:00\",\"inLanguage\":\"cz-cs\",\"potentialAction\":[{\"@type\":\"ReadAction\",\"target\":[\"https:\\\/\\\/legal.bestway.eu\\\/cz-cs\\\/warranty-extension\\\/\"]}]},{\"@type\":\"WebSite\",\"@id\":\"https:\\\/\\\/legal.bestway.eu\\\/cz-cs\\\/#website\",\"url\":\"https:\\\/\\\/legal.bestway.eu\\\/cz-cs\\\/\",\"name\":\"Legal\",\"description\":\"Legal\",\"publisher\":{\"@id\":\"https:\\\/\\\/legal.bestway.eu\\\/cz-cs\\\/#organization\"},\"potentialAction\":[{\"@type\":\"SearchAction\",\"target\":{\"@type\":\"EntryPoint\",\"urlTemplate\":\"https:\\\/\\\/legal.bestway.eu\\\/cz-cs\\\/?s={search_term_string}\"},\"query-input\":{\"@type\":\"PropertyValueSpecification\",\"valueRequired\":true,\"valueName\":\"search_term_string\"}}],\"inLanguage\":\"cz-cs\"},{\"@type\":\"Organization\",\"@id\":\"https:\\\/\\\/legal.bestway.eu\\\/cz-cs\\\/#organization\",\"name\":\"Legal\",\"url\":\"https:\\\/\\\/legal.bestway.eu\\\/cz-cs\\\/\",\"logo\":{\"@type\":\"ImageObject\",\"inLanguage\":\"cz-cs\",\"@id\":\"https:\\\/\\\/legal.bestway.eu\\\/cz-cs\\\/#\\\/schema\\\/logo\\\/image\\\/\",\"url\":\"https:\\\/\\\/legal.bestway.eu\\\/wp-content\\\/uploads\\\/sites\\\/2\\\/2023\\\/10\\\/bw-white-logo@2x.png\",\"contentUrl\":\"https:\\\/\\\/legal.bestway.eu\\\/wp-content\\\/uploads\\\/sites\\\/2\\\/2023\\\/10\\\/bw-white-logo@2x.png\",\"width\":348,\"height\":138,\"caption\":\"Legal\"},\"image\":{\"@id\":\"https:\\\/\\\/legal.bestway.eu\\\/cz-cs\\\/#\\\/schema\\\/logo\\\/image\\\/\"}}]}<\/script>\n<!-- \/ Yoast SEO plugin. -->","yoast_head_json":{"title":"Z\u00e1ruka Bestway - Legal","robots":{"index":"noindex","follow":"follow","max-snippet":"max-snippet:-1","max-image-preview":"max-image-preview:large","max-video-preview":"max-video-preview:-1"},"og_locale":"en_US","og_type":"article","og_title":"Z\u00e1ruka Bestway - Legal","og_description":"N\u00ed\u017ee jsou uvedeny z\u00e1ru\u010dn\u00ed podm\u00ednky uplat\u0148ovan\u00e9 spole\u010dnost\u00ed BESTWAY EUROPE S.p.A. se s\u00eddlem Via della Resistenza n 5, San Giuliano Milanese (20098) &#8211; Mil\u00e1n, It\u00e1lie (d\u00e1le jen \u201eBESTWAY\u201c) pro produkty prod\u00e1van\u00e9 v Evropsk\u00e9m hospod\u00e1\u0159sk\u00e9m prostoru pod. ochrann\u00e1 zn\u00e1mka BESTWAY. Pr\u00e1vn\u00ed z\u00e1ruka 1.1 Z\u00e1konn\u00e1 z\u00e1ruka je poskytov\u00e1na evropsk\u00fdmi sm\u011brnicemi 1999\/44\/ES a 2019\/771\/ES, jejich\u017e c\u00edlem je ochrana spot\u0159ebitele, [&hellip;]","og_url":"https:\/\/legal.bestway.eu\/cz-cs\/warranty-extension\/","og_site_name":"Legal","article_modified_time":"2026-02-10T09:49:36+00:00","twitter_card":"summary_large_image","twitter_misc":{"Est. reading time":"2 minutes"},"schema":{"@context":"https:\/\/schema.org","@graph":[{"@type":"WebPage","@id":"https:\/\/legal.bestway.eu\/cz-cs\/warranty-extension\/","url":"https:\/\/legal.bestway.eu\/cz-cs\/warranty-extension\/","name":"Z\u00e1ruka Bestway - Legal","isPartOf":{"@id":"https:\/\/legal.bestway.eu\/cz-cs\/#website"},"datePublished":"2023-10-24T09:15:40+00:00","dateModified":"2026-02-10T09:49:36+00:00","inLanguage":"cz-cs","potentialAction":[{"@type":"ReadAction","target":["https:\/\/legal.bestway.eu\/cz-cs\/warranty-extension\/"]}]},{"@type":"WebSite","@id":"https:\/\/legal.bestway.eu\/cz-cs\/#website","url":"https:\/\/legal.bestway.eu\/cz-cs\/","name":"Legal","description":"Legal","publisher":{"@id":"https:\/\/legal.bestway.eu\/cz-cs\/#organization"},"potentialAction":[{"@type":"SearchAction","target":{"@type":"EntryPoint","urlTemplate":"https:\/\/legal.bestway.eu\/cz-cs\/?s={search_term_string}"},"query-input":{"@type":"PropertyValueSpecification","valueRequired":true,"valueName":"search_term_string"}}],"inLanguage":"cz-cs"},{"@type":"Organization","@id":"https:\/\/legal.bestway.eu\/cz-cs\/#organization","name":"Legal","url":"https:\/\/legal.bestway.eu\/cz-cs\/","logo":{"@type":"ImageObject","inLanguage":"cz-cs","@id":"https:\/\/legal.bestway.eu\/cz-cs\/#\/schema\/logo\/image\/","url":"https:\/\/legal.bestway.eu\/wp-content\/uploads\/sites\/2\/2023\/10\/bw-white-logo@2x.png","contentUrl":"https:\/\/legal.bestway.eu\/wp-content\/uploads\/sites\/2\/2023\/10\/bw-white-logo@2x.png","width":348,"height":138,"caption":"Legal"},"image":{"@id":"https:\/\/legal.bestway.eu\/cz-cs\/#\/schema\/logo\/image\/"}}]}},"_links":{"self":[{"href":"https:\/\/legal.bestway.eu\/cz-cs\/wp-json\/wp\/v2\/pages\/5636","targetHints":{"allow":["GET"]}}],"collection":[{"href":"https:\/\/legal.bestway.eu\/cz-cs\/wp-json\/wp\/v2\/pages"}],"about":[{"href":"https:\/\/legal.bestway.eu\/cz-cs\/wp-json\/wp\/v2\/types\/page"}],"author":[{"embeddable":true,"href":"https:\/\/legal.bestway.eu\/cz-cs\/wp-json\/wp\/v2\/users\/1"}],"replies":[{"embeddable":true,"href":"https:\/\/legal.bestway.eu\/cz-cs\/wp-json\/wp\/v2\/comments?post=5636"}],"version-history":[{"count":8,"href":"https:\/\/legal.bestway.eu\/cz-cs\/wp-json\/wp\/v2\/pages\/5636\/revisions"}],"predecessor-version":[{"id":9010,"href":"https:\/\/legal.bestway.eu\/cz-cs\/wp-json\/wp\/v2\/pages\/5636\/revisions\/9010"}],"wp:attachment":[{"href":"https:\/\/legal.bestway.eu\/cz-cs\/wp-json\/wp\/v2\/media?parent=5636"}],"curies":[{"name":"wp","href":"https:\/\/api.w.org\/{rel}","templated":true}]}}