{"id":5593,"date":"2023-05-03T15:04:15","date_gmt":"2023-05-03T13:04:15","guid":{"rendered":"https:\/\/legal.bestway.eu\/?page_id=5593"},"modified":"2024-08-20T17:08:20","modified_gmt":"2024-08-20T15:08:20","slug":"home-page","status":"publish","type":"page","link":"https:\/\/legal.bestway.eu\/cz-cs\/","title":{"rendered":"Home Page"},"content":{"rendered":"\t\t<div data-elementor-type=\"wp-page\" data-elementor-id=\"5593\" class=\"elementor elementor-5593\" data-elementor-post-type=\"page\">\n\t\t\t\t<div class=\"elementor-element elementor-element-4cc69ae e-con-full e-flex e-con e-parent\" data-id=\"4cc69ae\" data-element_type=\"container\" data-e-type=\"container\">\n\t\t<div class=\"elementor-element elementor-element-7329dfa e-con-full e-flex e-con e-child\" data-id=\"7329dfa\" data-element_type=\"container\" data-e-type=\"container\">\n\t\t\t\t<div class=\"elementor-element elementor-element-8a67f6d elementor-widget elementor-widget-heading\" data-id=\"8a67f6d\" data-element_type=\"widget\" data-e-type=\"widget\" data-widget_type=\"heading.default\">\n\t\t\t\t<div class=\"elementor-widget-container\">\n\t\t\t\t\t<h2 class=\"elementor-heading-title elementor-size-xxl\">Star\u00e1me se o na\u0161e z\u00e1kazn\u00edky t\u00edm, \u017ee jim poskytujeme tu nejlep\u0161\u00ed podporu<\/h2>\t\t\t\t<\/div>\n\t\t\t\t<\/div>\n\t\t\t\t<\/div>\n\t\t<div class=\"elementor-element elementor-element-1b6acc0 e-con-full e-flex e-con e-child\" data-id=\"1b6acc0\" data-element_type=\"container\" data-e-type=\"container\">\n\t\t\t\t<\/div>\n\t\t\t\t<\/div>\n\t\t\t\t<\/div>\n\t\t","protected":false},"excerpt":{"rendered":"<p>Star\u00e1me se o na\u0161e z\u00e1kazn\u00edky t\u00edm, \u017ee jim poskytujeme tu nejlep\u0161\u00ed podporu<\/p>\n","protected":false},"author":1,"featured_media":0,"parent":0,"menu_order":0,"comment_status":"closed","ping_status":"closed","template":"","meta":{"_acf_changed":false,"site-sidebar-layout":"no-sidebar","site-content-layout":"page-builder","ast-site-content-layout":"default","site-content-style":"default","site-sidebar-style":"default","ast-global-header-display":"","ast-banner-title-visibility":"","ast-main-header-display":"","ast-hfb-above-header-display":"","ast-hfb-below-header-display":"","ast-hfb-mobile-header-display":"","site-post-title":"disabled","ast-breadcrumbs-content":"","ast-featured-img":"disabled","footer-sml-layout":"","ast-disable-related-posts":"","theme-transparent-header-meta":"","adv-header-id-meta":"","stick-header-meta":"","header-above-stick-meta":"","header-main-stick-meta":"","header-below-stick-meta":"","astra-migrate-meta-layouts":"set","ast-page-background-enabled":"default","ast-page-background-meta":{"desktop":{"background-color":"var(--ast-global-color-4)","background-image":"","background-repeat":"repeat","background-position":"center center","background-size":"auto","background-attachment":"scroll","background-type":"","background-media":"","overlay-type":"","overlay-color":"","overlay-opacity":"","overlay-gradient":""},"tablet":{"background-color":"","background-image":"","background-repeat":"repeat","background-position":"center center","background-size":"auto","background-attachment":"scroll","background-type":"","background-media":"","overlay-type":"","overlay-color":"","overlay-opacity":"","overlay-gradient":""},"mobile":{"background-color":"","background-image":"","background-repeat":"repeat","background-position":"center center","background-size":"auto","background-attachment":"scroll","background-type":"","background-media":"","overlay-type":"","overlay-color":"","overlay-opacity":"","overlay-gradient":""}},"ast-content-background-meta":{"desktop":{"background-color":"var(--ast-global-color-5)","background-image":"","background-repeat":"repeat","background-position":"center center","background-size":"auto","background-attachment":"scroll","background-type":"","background-media":"","overlay-type":"","overlay-color":"","overlay-opacity":"","overlay-gradient":""},"tablet":{"background-color":"var(--ast-global-color-5)","background-image":"","background-repeat":"repeat","background-position":"center center","background-size":"auto","background-attachment":"scroll","background-type":"","background-media":"","overlay-type":"","overlay-color":"","overlay-opacity":"","overlay-gradient":""},"mobile":{"background-color":"var(--ast-global-color-5)","background-image":"","background-repeat":"repeat","background-position":"center center","background-size":"auto","background-attachment":"scroll","background-type":"","background-media":"","overlay-type":"","overlay-color":"","overlay-opacity":"","overlay-gradient":""}},"footnotes":""},"class_list":["post-5593","page","type-page","status-publish","hentry"],"acf":[],"yoast_head":"<!-- This site is optimized with the Yoast SEO plugin v27.4 - https:\/\/yoast.com\/product\/yoast-seo-wordpress\/ -->\n<title>Home Page - Legal<\/title>\n<meta name=\"robots\" content=\"noindex, follow, max-snippet:-1, max-image-preview:large, max-video-preview:-1\" \/>\n<meta property=\"og:locale\" content=\"en_US\" \/>\n<meta property=\"og:type\" content=\"article\" \/>\n<meta property=\"og:title\" content=\"Home Page - Legal\" \/>\n<meta property=\"og:description\" content=\"Star\u00e1me se o na\u0161e z\u00e1kazn\u00edky t\u00edm, \u017ee jim poskytujeme tu nejlep\u0161\u00ed podporu\" \/>\n<meta property=\"og:url\" content=\"https:\/\/legal.bestway.eu\/cz-cs\/\" \/>\n<meta property=\"og:site_name\" content=\"Legal\" \/>\n<meta property=\"article:modified_time\" content=\"2024-08-20T15:08:20+00:00\" \/>\n<meta name=\"twitter:card\" content=\"summary_large_image\" \/>\n<meta name=\"twitter:label1\" content=\"Est. reading time\" \/>\n\t<meta name=\"twitter:data1\" content=\"1 minute\" \/>\n<script type=\"application\/ld+json\" class=\"yoast-schema-graph\">{\"@context\":\"https:\\\/\\\/schema.org\",\"@graph\":[{\"@type\":\"WebPage\",\"@id\":\"https:\\\/\\\/legal.bestway.eu\\\/cz-cs\\\/\",\"url\":\"https:\\\/\\\/legal.bestway.eu\\\/cz-cs\\\/\",\"name\":\"Home Page - Legal\",\"isPartOf\":{\"@id\":\"https:\\\/\\\/legal.bestway.eu\\\/cz-cs\\\/#website\"},\"datePublished\":\"2023-05-03T13:04:15+00:00\",\"dateModified\":\"2024-08-20T15:08:20+00:00\",\"inLanguage\":\"cz-cs\",\"potentialAction\":[{\"@type\":\"ReadAction\",\"target\":[\"https:\\\/\\\/legal.bestway.eu\\\/cz-cs\\\/\"]}]},{\"@type\":\"WebSite\",\"@id\":\"https:\\\/\\\/legal.bestway.eu\\\/cz-cs\\\/#website\",\"url\":\"https:\\\/\\\/legal.bestway.eu\\\/cz-cs\\\/\",\"name\":\"Legal\",\"description\":\"Legal\",\"publisher\":{\"@id\":\"https:\\\/\\\/legal.bestway.eu\\\/cz-cs\\\/#organization\"},\"potentialAction\":[{\"@type\":\"SearchAction\",\"target\":{\"@type\":\"EntryPoint\",\"urlTemplate\":\"https:\\\/\\\/legal.bestway.eu\\\/cz-cs\\\/?s={search_term_string}\"},\"query-input\":{\"@type\":\"PropertyValueSpecification\",\"valueRequired\":true,\"valueName\":\"search_term_string\"}}],\"inLanguage\":\"cz-cs\"},{\"@type\":\"Organization\",\"@id\":\"https:\\\/\\\/legal.bestway.eu\\\/cz-cs\\\/#organization\",\"name\":\"Legal\",\"url\":\"https:\\\/\\\/legal.bestway.eu\\\/cz-cs\\\/\",\"logo\":{\"@type\":\"ImageObject\",\"inLanguage\":\"cz-cs\",\"@id\":\"https:\\\/\\\/legal.bestway.eu\\\/cz-cs\\\/#\\\/schema\\\/logo\\\/image\\\/\",\"url\":\"https:\\\/\\\/legal.bestway.eu\\\/wp-content\\\/uploads\\\/sites\\\/2\\\/2023\\\/10\\\/bw-white-logo@2x.png\",\"contentUrl\":\"https:\\\/\\\/legal.bestway.eu\\\/wp-content\\\/uploads\\\/sites\\\/2\\\/2023\\\/10\\\/bw-white-logo@2x.png\",\"width\":348,\"height\":138,\"caption\":\"Legal\"},\"image\":{\"@id\":\"https:\\\/\\\/legal.bestway.eu\\\/cz-cs\\\/#\\\/schema\\\/logo\\\/image\\\/\"}}]}<\/script>\n<!-- \/ Yoast SEO plugin. -->","yoast_head_json":{"title":"Home Page - Legal","robots":{"index":"noindex","follow":"follow","max-snippet":"max-snippet:-1","max-image-preview":"max-image-preview:large","max-video-preview":"max-video-preview:-1"},"og_locale":"en_US","og_type":"article","og_title":"Home Page - Legal","og_description":"Star\u00e1me se o na\u0161e z\u00e1kazn\u00edky t\u00edm, \u017ee jim poskytujeme tu nejlep\u0161\u00ed podporu","og_url":"https:\/\/legal.bestway.eu\/cz-cs\/","og_site_name":"Legal","article_modified_time":"2024-08-20T15:08:20+00:00","twitter_card":"summary_large_image","twitter_misc":{"Est. reading time":"1 minute"},"schema":{"@context":"https:\/\/schema.org","@graph":[{"@type":"WebPage","@id":"https:\/\/legal.bestway.eu\/cz-cs\/","url":"https:\/\/legal.bestway.eu\/cz-cs\/","name":"Home Page - Legal","isPartOf":{"@id":"https:\/\/legal.bestway.eu\/cz-cs\/#website"},"datePublished":"2023-05-03T13:04:15+00:00","dateModified":"2024-08-20T15:08:20+00:00","inLanguage":"cz-cs","potentialAction":[{"@type":"ReadAction","target":["https:\/\/legal.bestway.eu\/cz-cs\/"]}]},{"@type":"WebSite","@id":"https:\/\/legal.bestway.eu\/cz-cs\/#website","url":"https:\/\/legal.bestway.eu\/cz-cs\/","name":"Legal","description":"Legal","publisher":{"@id":"https:\/\/legal.bestway.eu\/cz-cs\/#organization"},"potentialAction":[{"@type":"SearchAction","target":{"@type":"EntryPoint","urlTemplate":"https:\/\/legal.bestway.eu\/cz-cs\/?s={search_term_string}"},"query-input":{"@type":"PropertyValueSpecification","valueRequired":true,"valueName":"search_term_string"}}],"inLanguage":"cz-cs"},{"@type":"Organization","@id":"https:\/\/legal.bestway.eu\/cz-cs\/#organization","name":"Legal","url":"https:\/\/legal.bestway.eu\/cz-cs\/","logo":{"@type":"ImageObject","inLanguage":"cz-cs","@id":"https:\/\/legal.bestway.eu\/cz-cs\/#\/schema\/logo\/image\/","url":"https:\/\/legal.bestway.eu\/wp-content\/uploads\/sites\/2\/2023\/10\/bw-white-logo@2x.png","contentUrl":"https:\/\/legal.bestway.eu\/wp-content\/uploads\/sites\/2\/2023\/10\/bw-white-logo@2x.png","width":348,"height":138,"caption":"Legal"},"image":{"@id":"https:\/\/legal.bestway.eu\/cz-cs\/#\/schema\/logo\/image\/"}}]}},"_links":{"self":[{"href":"https:\/\/legal.bestway.eu\/cz-cs\/wp-json\/wp\/v2\/pages\/5593","targetHints":{"allow":["GET"]}}],"collection":[{"href":"https:\/\/legal.bestway.eu\/cz-cs\/wp-json\/wp\/v2\/pages"}],"about":[{"href":"https:\/\/legal.bestway.eu\/cz-cs\/wp-json\/wp\/v2\/types\/page"}],"author":[{"embeddable":true,"href":"https:\/\/legal.bestway.eu\/cz-cs\/wp-json\/wp\/v2\/users\/1"}],"replies":[{"embeddable":true,"href":"https:\/\/legal.bestway.eu\/cz-cs\/wp-json\/wp\/v2\/comments?post=5593"}],"version-history":[{"count":10,"href":"https:\/\/legal.bestway.eu\/cz-cs\/wp-json\/wp\/v2\/pages\/5593\/revisions"}],"predecessor-version":[{"id":5605,"href":"https:\/\/legal.bestway.eu\/cz-cs\/wp-json\/wp\/v2\/pages\/5593\/revisions\/5605"}],"wp:attachment":[{"href":"https:\/\/legal.bestway.eu\/cz-cs\/wp-json\/wp\/v2\/media?parent=5593"}],"curies":[{"name":"wp","href":"https:\/\/api.w.org\/{rel}","templated":true}]}}