{"id":6595,"date":"2023-10-24T12:37:41","date_gmt":"2023-10-24T10:37:41","guid":{"rendered":"https:\/\/legal.bestway.eu\/?page_id=6595"},"modified":"2025-03-24T16:54:59","modified_gmt":"2025-03-24T15:54:59","slug":"privacy-notice","status":"publish","type":"page","link":"https:\/\/legal.bestway.eu\/ch-it\/privacy-notice\/","title":{"rendered":"Informativa privacy &#8211; GDPR"},"content":{"rendered":"\t\t<div data-elementor-type=\"wp-page\" data-elementor-id=\"6595\" class=\"elementor elementor-6595\" data-elementor-post-type=\"page\">\n\t\t\t\t<div class=\"elementor-element elementor-element-4233c87e e-flex e-con-boxed e-con e-parent\" data-id=\"4233c87e\" data-element_type=\"container\" data-e-type=\"container\">\n\t\t\t\t\t<div class=\"e-con-inner\">\n\t\t\t\t<div class=\"elementor-element elementor-element-eeb32c3 elementor-widget elementor-widget-menu-anchor\" data-id=\"eeb32c3\" data-element_type=\"widget\" data-e-type=\"widget\" data-widget_type=\"menu-anchor.default\">\n\t\t\t\t<div class=\"elementor-widget-container\">\n\t\t\t\t\t\t\t<div class=\"elementor-menu-anchor\" id=\"BoxNewsletter\"><\/div>\n\t\t\t\t\t\t<\/div>\n\t\t\t\t<\/div>\n\t\t\t\t<div class=\"elementor-element elementor-element-3c097587 elementor-widget elementor-widget-heading\" data-id=\"3c097587\" data-element_type=\"widget\" data-e-type=\"widget\" data-widget_type=\"heading.default\">\n\t\t\t\t<div class=\"elementor-widget-container\">\n\t\t\t\t\t<h2 class=\"elementor-heading-title elementor-size-default\">Marketing<\/h2>\t\t\t\t<\/div>\n\t\t\t\t<\/div>\n\t\t\t\t<div class=\"elementor-element elementor-element-375d8ec elementor-widget elementor-widget-text-editor\" data-id=\"375d8ec\" data-element_type=\"widget\" data-e-type=\"widget\" data-widget_type=\"text-editor.default\">\n\t\t\t\t<div class=\"elementor-widget-container\">\n\t\t\t\t\t\t\t\t\t<p>Informativa ai sensi del Regolamento Europeo 2016\/679 (GDPR) e del D. Lgs 196\/03 (&#8220;Codice Privacy&#8221;) e s.m.i.\u00a0<\/p><p>Titolare del trattamento dei dati: BESTWAY EUROPE S.p.A. con sede legale in Via della Resistenza 5, San Giuliano Milanese -Milano (BESTWAY).\u00a0<\/p><p>Responsabile Protezione Dati:\u00a0<a href=\"mailto:privacy@bestwaycorp.eu\">privacy@bestwaycorp.eu<\/a>\u00a0<\/p><p>Il Titolare tratter\u00e0 i Suoi dati personali\u00a0per finalit\u00e0 di marketing al fine di poterle inviare comunicazioni via e-mail, contenenti informazioni e aggiornamenti su prodotti, servizi, eventi, offerte Bestway e per darle la possibilit\u00e0 di recuperare il suo carrello abbandonato, previo Suo consenso, inserendo il Suo indirizzo email nell&#8217;apposito campo o selezionando l&#8217;apposita casella.\u00a0<\/p><p>La base giuridica del trattamento dei dati da Lei forniti \u00e8 rappresentata dal Suo consenso libero e facoltativo e l&#8217;eventuale rifiuto di prestare detto consenso precluder\u00e0 la possibilit\u00e0 di ricevere le comunicazioni illustrate.\u00a0<\/p><p>I Suoi dati saranno trattati con modalit\u00e0 cartacee e telematiche nel rispetto della vigente normativa in materia di protezione dei dati personali (Regolamento EU 679\/2016 o \u201cGDPR\u201d e D.Lgs. 196\/2003 o \u201cCodice Privacy\u201d e successive modifiche e integrazioni).\u00a0<\/p><p>Potranno venire a conoscenza dei dati personali da Lei forniti, limitatamente alle finalit\u00e0 sopra illustrate, soggetti terzi quali persone, associazioni, studi professionali e societ\u00e0 che prestino servizi ed attivit\u00e0 di consulenza e assistenza a BESTWAY (incluse societ\u00e0 del Gruppo BESTWAY anche situate all&#8217;estero in Paesi extra-UE), in qualit\u00e0 di Responsabili del trattamento se debitamente nominati e sussistendo le adeguate garanzie in fatto di protezione dei dati personali, o contitolari del trattamento unitamente a BESTWAY, o quali autonomi Titolari, nonch\u00e9 personale di BESTWAY nominato incaricato del trattamento. La lista dei soggetti, Titolari o Responsabili del trattamento, cui i dati potranno essere comunicati, \u00e8 disponibile su richiesta.\u00a0\u00a0<\/p><p>I suoi dati verranno conservati fino a un periodo massimo di 8 anni dalla ricezione del consenso. Il cliente potr\u00e0 in ogni caso disiscriversi dal servizio di newsletter spontaneamente cliccando sul link\u202f\u201cunsubscribe\u201d presente in ogni mail ricevuta o inviando una e-mail a\u202f<a href=\"mailto:privacy@bestwaycorp.eu\">privacy@bestwaycorp.eu<\/a>.\u00a0<\/p><p>In qualsiasi momento \u00e8 possibile esercitare tutti i diritti indicati dagli artt. 15 ss. del Regolamento, tra cui, in particolare il diritto di accesso ai suoi dati, il diritto di rettifica, diritto alla cancellazione, diritto di opposizione al trattamento, diritto alla portabilit\u00e0 dei dati, nonch\u00e9 il diritto di proporre reclamo all&#8217;Autorit\u00e0 Garante per la Protezione dei Dati Personali (<a href=\"https:\/\/www.edpb.europa.eu\/about-edpb\/about-edpb\/members_en\">\u00a0https:\/\/www.edpb.europa.eu\/about-edpb\/about-edpb\/members_en<\/a>).\u00a0<\/p><p>I predetti diritti potranno essere esercitati inviando una e-mail all\u2019indirizzo di posta elettronica\u00a0<a href=\"mailto:privacy@bestwaycorp.eu\">privacy@bestwaycorp.eu<\/a>\u00a0<\/p><p>\u00a0<\/p>\t\t\t\t\t\t\t\t<\/div>\n\t\t\t\t<\/div>\n\t\t\t\t\t<\/div>\n\t\t\t\t<\/div>\n\t\t<div class=\"elementor-element elementor-element-fc9e459 e-flex e-con-boxed e-con e-parent\" data-id=\"fc9e459\" data-element_type=\"container\" data-e-type=\"container\">\n\t\t\t\t\t<div class=\"e-con-inner\">\n\t\t\t\t<div class=\"elementor-element elementor-element-4ff1b8f6 elementor-widget elementor-widget-menu-anchor\" data-id=\"4ff1b8f6\" data-element_type=\"widget\" data-e-type=\"widget\" data-widget_type=\"menu-anchor.default\">\n\t\t\t\t<div class=\"elementor-widget-container\">\n\t\t\t\t\t\t\t<div class=\"elementor-menu-anchor\" id=\"Sitoassistenza\"><\/div>\n\t\t\t\t\t\t<\/div>\n\t\t\t\t<\/div>\n\t\t\t\t<div class=\"elementor-element elementor-element-33a4a549 elementor-widget elementor-widget-heading\" data-id=\"33a4a549\" data-element_type=\"widget\" data-e-type=\"widget\" data-widget_type=\"heading.default\">\n\t\t\t\t<div class=\"elementor-widget-container\">\n\t\t\t\t\t<h2 class=\"elementor-heading-title elementor-size-default\">Sito assistenza<\/h2>\t\t\t\t<\/div>\n\t\t\t\t<\/div>\n\t\t\t\t<div class=\"elementor-element elementor-element-10d7938d elementor-widget elementor-widget-text-editor\" data-id=\"10d7938d\" data-element_type=\"widget\" data-e-type=\"widget\" data-widget_type=\"text-editor.default\">\n\t\t\t\t<div class=\"elementor-widget-container\">\n\t\t\t\t\t\t\t\t\t<p>Informativa ai sensi del Regolamento Europeo 2016\/679 (GDPR) e del D. Lgs 196\/03 (&#8220;Codice Privacy&#8221;) e s.m.i.\u00a0<\/p><p>Titolare del trattamento dei dati: BESTWAY EUROPE S.p.A. con sede legale in Via della Resistenza 5, San Giuliano Milanese -Milano (BESTWAY).\u00a0<\/p><p>Responsabile Protezione Dati: <a href=\"mailto:privacy@bestwaycorp.eu\">privacy@bestwaycorp.eu<\/a>\u00a0<\/p><p>Il Titolare tratter\u00e0 i Suoi dati personali:\u00a0\u00a0<\/p><ol><li>i) nome, cognome, indirizzo e-mail, indirizzo spedizione e numero di telefono per fornirLe il servizio di gestione reclami attraverso l\u2019apertura di un account personalizzato all\u2019interno del sito BESTWAY accessibile con l\u2019inserimento di User e Password che le saranno comunicate a mezzo e-mail &#8211; quest\u2019ultima da modificare al primo accesso- e la presa in carico e corretta gestione della Sua segnalazione di un disservizio, per finalit\u00e0 amministrativo contabili, per l\u2019adempimento di obblighi di legge o regolamentari; \u00a0<\/li><li>ii) previo Suo consenso, selezionando l&#8217;apposita casella, per finalit\u00e0 di marketing al fine di poterle inviare comunicazioni via e-mail, contenenti informazioni e aggiornamenti su prodotti, servizi, eventi, offerte Bestway e per darle la possibilit\u00e0 di recuperare il suo carrello abbandonato;\u00a0<\/li><\/ol><p>iii) previo Suo consenso, selezionando l\u2019apposita casella, per la raccolta dei dati quali sesso, range di et\u00e0, posizione lavorativa, motivazione per l\u2019acquisto del prodotto, modalit\u00e0 di acquisto del prodotto e numero di figli all\u2019interno del nucleo famigliare per finalit\u00e0 statistiche; \u00a0<\/p><ol><li>iv) previo consenso dell&#8217;utente, selezionando l&#8217;apposita casella, possiamo inviare via e-mail la richiesta di aderire a un sondaggio relativo ai nostri prodotti e alla sua esperienza d&#8217;uso durante l&#8217;utilizzo degli stessi; \u00a0<\/li><\/ol><p>La base giuridica del trattamento dei dati da Lei forniti di cui al punto (i) \u00e8 rappresentata dalla stipulazione ed esecuzione delle condizioni contrattuali\/commerciali e dalle disposizioni di legge applicabili, il conferimento di detti dati \u00e8 obbligatorio e il rifiuto a fornirli potr\u00e0 precludere a BESTWAY di offrirLe il servizio richiesto. In relazione ai punti (ii), (iii) e (iv) la base giuridica di tale trattamento \u00e8 rappresentata dal Suo consenso libero e facoltativo e l&#8217;eventuale rifiuto di prestare detto consenso precluder\u00e0 solo la possibilit\u00e0 di ricevere le comunicazioni illustrate e di raccogliere i Suoi dati solo per fini statistici.\u00a0<\/p><p>I Suoi dati saranno trattati con modalit\u00e0 cartacee e telematiche nel rispetto della vigente normativa in materia di protezione dei dati personali (Regolamento EU 679\/2016 o \u201cGDPR\u201d e D.Lgs. 196\/2003 o \u201cCodice Privacy\u201d e successive modifiche e integrazioni).\u00a0<\/p><p>Potranno venire a conoscenza dei dati personali da Lei forniti, limitatamente alle finalit\u00e0 sopra illustrate, soggetti terzi quali persone, associazioni, studi professionali e societ\u00e0 che prestino servizi ed attivit\u00e0 di consulenza e assistenza a BESTWAY (incluse societ\u00e0 del Gruppo BESTWAY anche situate all&#8217;estero in Paesi extra-UE), in qualit\u00e0 di Responsabili del trattamento se debitamente nominati e sussistendo le adeguate garanzie in fatto di protezione dei dati personali, o contitolari del trattamento unitamente a BESTWAY, o quali autonomi Titolari, nonch\u00e9 personale di BESTWAY nominato incaricato del trattamento. La lista dei soggetti, Titolari o Responsabili del trattamento, cui i dati potranno essere comunicati, \u00e8 disponibile su richiesta.\u00a0\u00a0<\/p><p>Per la finalit\u00e0 di cui al punto (i) gestione dei reclami, i Suoi dati verranno conservati anche dopo la cessazione del rapporto contrattuale\/commerciale con BESTWAY per l&#8217;espletamento di tutti gli eventuali adempimenti connessi o derivanti dalla conclusione del rapporto stesso, anche legati ad obblighi legali e ai termini di prescrizione a tal fine previsti dalla normativa applicabile e in ogni caso per un periodo non superiore ai 10 anni.\u00a0<\/p><p>Per la finalit\u00e0 di cui al punto (ii) finalit\u00e0 di marketing, i suoi dati verranno conservati fino a un periodo massimo di 8 anni dalla ricezione del consenso. Il cliente potr\u00e0 in ogni caso disiscriversi dal servizio di newsletter spontaneamente cliccando sul link\u202f\u201cunsubscribe\u201d presente in ogni mail ricevuta o inviando una e-mail a\u202f<a href=\"mailto:privacy@bestwaycorp.eu\">privacy@bestwaycorp.eu<\/a>.\u00a0<\/p><p>Per le finalit\u00e0 di cui ai punti (iii) e (iv) statistica\/survey, i Suoi dati saranno conservati per un periodo massimo di 8 anni dal ricevimento del Suo consenso.\u00a0<\/p><p>In qualsiasi momento \u00e8 possibile esercitare tutti i diritti indicati dagli artt. 15 ss. del Regolamento, tra cui, in particolare il diritto di accesso ai suoi dati, il diritto di rettifica, diritto alla cancellazione, diritto di opposizione al trattamento, diritto alla portabilit\u00e0 dei dati, nonch\u00e9 il diritto di proporre reclamo all&#8217;Autorit\u00e0 Garante per la Protezione dei Dati Personali (<a href=\"https:\/\/www.edpb.europa.eu\/about-edpb\/about-edpb\/members_en\">https:\/\/www.edpb.europa.eu\/about-edpb\/about-edpb\/members_en<\/a>).\u00a0<\/p><p>I predetti diritti potranno essere esercitati inviando una e-mail all\u2019indirizzo di posta elettronica <a href=\"mailto:privacy@bestwaycorp.eu\">privacy@bestwaycorp.eu<\/a>\u00a0<\/p><p>\u00a0<\/p>\t\t\t\t\t\t\t\t<\/div>\n\t\t\t\t<\/div>\n\t\t\t\t\t<\/div>\n\t\t\t\t<\/div>\n\t\t\t\t<\/div>\n\t\t","protected":false},"excerpt":{"rendered":"<p>Marketing Informativa ai sensi del Regolamento Europeo 2016\/679 (GDPR) e del D. Lgs 196\/03 (&#8220;Codice Privacy&#8221;) e s.m.i.\u00a0 Titolare del trattamento dei dati: BESTWAY EUROPE S.p.A. con sede legale in Via della Resistenza 5, San Giuliano Milanese -Milano (BESTWAY).\u00a0 Responsabile Protezione Dati:\u00a0privacy@bestwaycorp.eu\u00a0 Il Titolare tratter\u00e0 i Suoi dati personali\u00a0per finalit\u00e0 di marketing al fine di [&hellip;]<\/p>\n","protected":false},"author":9,"featured_media":0,"parent":0,"menu_order":0,"comment_status":"closed","ping_status":"closed","template":"","meta":{"_acf_changed":false,"site-sidebar-layout":"no-sidebar","site-content-layout":"page-builder","ast-site-content-layout":"full-width-container","site-content-style":"default","site-sidebar-style":"default","ast-global-header-display":"","ast-banner-title-visibility":"","ast-main-header-display":"","ast-hfb-above-header-display":"","ast-hfb-below-header-display":"","ast-hfb-mobile-header-display":"","site-post-title":"","ast-breadcrumbs-content":"","ast-featured-img":"disabled","footer-sml-layout":"","ast-disable-related-posts":"","theme-transparent-header-meta":"","adv-header-id-meta":"","stick-header-meta":"","header-above-stick-meta":"","header-main-stick-meta":"","header-below-stick-meta":"","astra-migrate-meta-layouts":"set","ast-page-background-enabled":"default","ast-page-background-meta":{"desktop":{"background-color":"var(--ast-global-color-4)","background-image":"","background-repeat":"repeat","background-position":"center center","background-size":"auto","background-attachment":"scroll","background-type":"","background-media":"","overlay-type":"","overlay-color":"","overlay-opacity":"","overlay-gradient":""},"tablet":{"background-color":"","background-image":"","background-repeat":"repeat","background-position":"center center","background-size":"auto","background-attachment":"scroll","background-type":"","background-media":"","overlay-type":"","overlay-color":"","overlay-opacity":"","overlay-gradient":""},"mobile":{"background-color":"","background-image":"","background-repeat":"repeat","background-position":"center center","background-size":"auto","background-attachment":"scroll","background-type":"","background-media":"","overlay-type":"","overlay-color":"","overlay-opacity":"","overlay-gradient":""}},"ast-content-background-meta":{"desktop":{"background-color":"var(--ast-global-color-5)","background-image":"","background-repeat":"repeat","background-position":"center center","background-size":"auto","background-attachment":"scroll","background-type":"","background-media":"","overlay-type":"","overlay-color":"","overlay-opacity":"","overlay-gradient":""},"tablet":{"background-color":"var(--ast-global-color-5)","background-image":"","background-repeat":"repeat","background-position":"center center","background-size":"auto","background-attachment":"scroll","background-type":"","background-media":"","overlay-type":"","overlay-color":"","overlay-opacity":"","overlay-gradient":""},"mobile":{"background-color":"var(--ast-global-color-5)","background-image":"","background-repeat":"repeat","background-position":"center center","background-size":"auto","background-attachment":"scroll","background-type":"","background-media":"","overlay-type":"","overlay-color":"","overlay-opacity":"","overlay-gradient":""}},"footnotes":""},"class_list":["post-6595","page","type-page","status-publish","hentry"],"acf":[],"yoast_head":"<!-- This site is optimized with the Yoast SEO plugin v27.4 - https:\/\/yoast.com\/product\/yoast-seo-wordpress\/ -->\n<title>Informativa privacy - GDPR - Legal<\/title>\n<meta name=\"robots\" content=\"noindex, follow, max-snippet:-1, max-image-preview:large, max-video-preview:-1\" \/>\n<meta property=\"og:locale\" content=\"it_IT\" \/>\n<meta property=\"og:type\" content=\"article\" \/>\n<meta property=\"og:title\" content=\"Informativa privacy - GDPR - Legal\" \/>\n<meta property=\"og:description\" content=\"Marketing Informativa ai sensi del Regolamento Europeo 2016\/679 (GDPR) e del D. Lgs 196\/03 (&#8220;Codice Privacy&#8221;) e s.m.i.\u00a0 Titolare del trattamento dei dati: BESTWAY EUROPE S.p.A. con sede legale in Via della Resistenza 5, San Giuliano Milanese -Milano (BESTWAY).\u00a0 Responsabile Protezione Dati:\u00a0privacy@bestwaycorp.eu\u00a0 Il Titolare tratter\u00e0 i Suoi dati personali\u00a0per finalit\u00e0 di marketing al fine di [&hellip;]\" \/>\n<meta property=\"og:url\" content=\"https:\/\/legal.bestway.eu\/ch-it\/privacy-notice\/\" \/>\n<meta property=\"og:site_name\" content=\"Legal\" \/>\n<meta property=\"article:modified_time\" content=\"2025-03-24T15:54:59+00:00\" \/>\n<meta name=\"twitter:card\" content=\"summary_large_image\" \/>\n<meta name=\"twitter:label1\" content=\"Est. reading time\" \/>\n\t<meta name=\"twitter:data1\" content=\"6 minutes\" \/>\n<script type=\"application\/ld+json\" class=\"yoast-schema-graph\">{\"@context\":\"https:\\\/\\\/schema.org\",\"@graph\":[{\"@type\":\"WebPage\",\"@id\":\"https:\\\/\\\/legal.bestway.eu\\\/ch-it\\\/privacy-notice\\\/\",\"url\":\"https:\\\/\\\/legal.bestway.eu\\\/ch-it\\\/privacy-notice\\\/\",\"name\":\"Informativa privacy - GDPR - Legal\",\"isPartOf\":{\"@id\":\"https:\\\/\\\/legal.bestway.eu\\\/ch-it\\\/#website\"},\"datePublished\":\"2023-10-24T10:37:41+00:00\",\"dateModified\":\"2025-03-24T15:54:59+00:00\",\"inLanguage\":\"it-ch\",\"potentialAction\":[{\"@type\":\"ReadAction\",\"target\":[\"https:\\\/\\\/legal.bestway.eu\\\/ch-it\\\/privacy-notice\\\/\"]}]},{\"@type\":\"WebSite\",\"@id\":\"https:\\\/\\\/legal.bestway.eu\\\/ch-it\\\/#website\",\"url\":\"https:\\\/\\\/legal.bestway.eu\\\/ch-it\\\/\",\"name\":\"Legal\",\"description\":\"Legal\",\"publisher\":{\"@id\":\"https:\\\/\\\/legal.bestway.eu\\\/ch-it\\\/#organization\"},\"potentialAction\":[{\"@type\":\"SearchAction\",\"target\":{\"@type\":\"EntryPoint\",\"urlTemplate\":\"https:\\\/\\\/legal.bestway.eu\\\/ch-it\\\/?s={search_term_string}\"},\"query-input\":{\"@type\":\"PropertyValueSpecification\",\"valueRequired\":true,\"valueName\":\"search_term_string\"}}],\"inLanguage\":\"it-ch\"},{\"@type\":\"Organization\",\"@id\":\"https:\\\/\\\/legal.bestway.eu\\\/ch-it\\\/#organization\",\"name\":\"Legal\",\"url\":\"https:\\\/\\\/legal.bestway.eu\\\/ch-it\\\/\",\"logo\":{\"@type\":\"ImageObject\",\"inLanguage\":\"it-ch\",\"@id\":\"https:\\\/\\\/legal.bestway.eu\\\/ch-it\\\/#\\\/schema\\\/logo\\\/image\\\/\",\"url\":\"https:\\\/\\\/legal.bestway.eu\\\/wp-content\\\/uploads\\\/sites\\\/2\\\/2023\\\/10\\\/bw-white-logo@2x.png\",\"contentUrl\":\"https:\\\/\\\/legal.bestway.eu\\\/wp-content\\\/uploads\\\/sites\\\/2\\\/2023\\\/10\\\/bw-white-logo@2x.png\",\"width\":348,\"height\":138,\"caption\":\"Legal\"},\"image\":{\"@id\":\"https:\\\/\\\/legal.bestway.eu\\\/ch-it\\\/#\\\/schema\\\/logo\\\/image\\\/\"}}]}<\/script>\n<!-- \/ Yoast SEO plugin. -->","yoast_head_json":{"title":"Informativa privacy - GDPR - Legal","robots":{"index":"noindex","follow":"follow","max-snippet":"max-snippet:-1","max-image-preview":"max-image-preview:large","max-video-preview":"max-video-preview:-1"},"og_locale":"it_IT","og_type":"article","og_title":"Informativa privacy - GDPR - Legal","og_description":"Marketing Informativa ai sensi del Regolamento Europeo 2016\/679 (GDPR) e del D. Lgs 196\/03 (&#8220;Codice Privacy&#8221;) e s.m.i.\u00a0 Titolare del trattamento dei dati: BESTWAY EUROPE S.p.A. con sede legale in Via della Resistenza 5, San Giuliano Milanese -Milano (BESTWAY).\u00a0 Responsabile Protezione Dati:\u00a0privacy@bestwaycorp.eu\u00a0 Il Titolare tratter\u00e0 i Suoi dati personali\u00a0per finalit\u00e0 di marketing al fine di [&hellip;]","og_url":"https:\/\/legal.bestway.eu\/ch-it\/privacy-notice\/","og_site_name":"Legal","article_modified_time":"2025-03-24T15:54:59+00:00","twitter_card":"summary_large_image","twitter_misc":{"Est. reading time":"6 minutes"},"schema":{"@context":"https:\/\/schema.org","@graph":[{"@type":"WebPage","@id":"https:\/\/legal.bestway.eu\/ch-it\/privacy-notice\/","url":"https:\/\/legal.bestway.eu\/ch-it\/privacy-notice\/","name":"Informativa privacy - GDPR - Legal","isPartOf":{"@id":"https:\/\/legal.bestway.eu\/ch-it\/#website"},"datePublished":"2023-10-24T10:37:41+00:00","dateModified":"2025-03-24T15:54:59+00:00","inLanguage":"it-ch","potentialAction":[{"@type":"ReadAction","target":["https:\/\/legal.bestway.eu\/ch-it\/privacy-notice\/"]}]},{"@type":"WebSite","@id":"https:\/\/legal.bestway.eu\/ch-it\/#website","url":"https:\/\/legal.bestway.eu\/ch-it\/","name":"Legal","description":"Legal","publisher":{"@id":"https:\/\/legal.bestway.eu\/ch-it\/#organization"},"potentialAction":[{"@type":"SearchAction","target":{"@type":"EntryPoint","urlTemplate":"https:\/\/legal.bestway.eu\/ch-it\/?s={search_term_string}"},"query-input":{"@type":"PropertyValueSpecification","valueRequired":true,"valueName":"search_term_string"}}],"inLanguage":"it-ch"},{"@type":"Organization","@id":"https:\/\/legal.bestway.eu\/ch-it\/#organization","name":"Legal","url":"https:\/\/legal.bestway.eu\/ch-it\/","logo":{"@type":"ImageObject","inLanguage":"it-ch","@id":"https:\/\/legal.bestway.eu\/ch-it\/#\/schema\/logo\/image\/","url":"https:\/\/legal.bestway.eu\/wp-content\/uploads\/sites\/2\/2023\/10\/bw-white-logo@2x.png","contentUrl":"https:\/\/legal.bestway.eu\/wp-content\/uploads\/sites\/2\/2023\/10\/bw-white-logo@2x.png","width":348,"height":138,"caption":"Legal"},"image":{"@id":"https:\/\/legal.bestway.eu\/ch-it\/#\/schema\/logo\/image\/"}}]}},"_links":{"self":[{"href":"https:\/\/legal.bestway.eu\/ch-it\/wp-json\/wp\/v2\/pages\/6595","targetHints":{"allow":["GET"]}}],"collection":[{"href":"https:\/\/legal.bestway.eu\/ch-it\/wp-json\/wp\/v2\/pages"}],"about":[{"href":"https:\/\/legal.bestway.eu\/ch-it\/wp-json\/wp\/v2\/types\/page"}],"author":[{"embeddable":true,"href":"https:\/\/legal.bestway.eu\/ch-it\/wp-json\/wp\/v2\/users\/9"}],"replies":[{"embeddable":true,"href":"https:\/\/legal.bestway.eu\/ch-it\/wp-json\/wp\/v2\/comments?post=6595"}],"version-history":[{"count":13,"href":"https:\/\/legal.bestway.eu\/ch-it\/wp-json\/wp\/v2\/pages\/6595\/revisions"}],"predecessor-version":[{"id":7994,"href":"https:\/\/legal.bestway.eu\/ch-it\/wp-json\/wp\/v2\/pages\/6595\/revisions\/7994"}],"wp:attachment":[{"href":"https:\/\/legal.bestway.eu\/ch-it\/wp-json\/wp\/v2\/media?parent=6595"}],"curies":[{"name":"wp","href":"https:\/\/api.w.org\/{rel}","templated":true}]}}