{"id":6609,"date":"2023-10-24T12:37:41","date_gmt":"2023-10-24T10:37:41","guid":{"rendered":"https:\/\/legal.bestway.eu\/?page_id=6609"},"modified":"2024-10-15T15:56:05","modified_gmt":"2024-10-15T13:56:05","slug":"privacy-notice","status":"publish","type":"page","link":"https:\/\/legal.bestway.eu\/ch-fr\/privacy-notice\/","title":{"rendered":"Politique de confidentialit\u00e9 &#8211; GDPR"},"content":{"rendered":"\t\t<div data-elementor-type=\"wp-page\" data-elementor-id=\"6609\" class=\"elementor elementor-6609\" data-elementor-post-type=\"page\">\n\t\t\t\t<div class=\"elementor-element elementor-element-4233c87e e-flex e-con-boxed e-con e-parent\" data-id=\"4233c87e\" data-element_type=\"container\" data-e-type=\"container\">\n\t\t\t\t\t<div class=\"e-con-inner\">\n\t\t\t\t<div class=\"elementor-element elementor-element-eeb32c3 elementor-widget elementor-widget-menu-anchor\" data-id=\"eeb32c3\" data-element_type=\"widget\" data-e-type=\"widget\" data-widget_type=\"menu-anchor.default\">\n\t\t\t\t<div class=\"elementor-widget-container\">\n\t\t\t\t\t\t\t<div class=\"elementor-menu-anchor\" id=\"BoxNewsletter\"><\/div>\n\t\t\t\t\t\t<\/div>\n\t\t\t\t<\/div>\n\t\t\t\t<div class=\"elementor-element elementor-element-3c097587 elementor-widget elementor-widget-heading\" data-id=\"3c097587\" data-element_type=\"widget\" data-e-type=\"widget\" data-widget_type=\"heading.default\">\n\t\t\t\t<div class=\"elementor-widget-container\">\n\t\t\t\t\t<h2 class=\"elementor-heading-title elementor-size-default\">Case marketing<\/h2>\t\t\t\t<\/div>\n\t\t\t\t<\/div>\n\t\t\t\t<div class=\"elementor-element elementor-element-375d8ec elementor-widget elementor-widget-text-editor\" data-id=\"375d8ec\" data-element_type=\"widget\" data-e-type=\"widget\" data-widget_type=\"text-editor.default\">\n\t\t\t\t<div class=\"elementor-widget-container\">\n\t\t\t\t\t\t\t\t\t<p>Politique en vertu du r\u00e8glement europ\u00e9en\u00a02016\/679 (RGPD) et de ses modifications et ajouts<\/p><p>Responsable du traitement des donn\u00e9es\u00a0: BESTWAY EUROPE S.P.A., dont le si\u00e8ge social est situ\u00e9 \u00e0 San Giuliano Milanese (Mi), via Resistenza\u00a05 (\u00ab\u00a0BESTWAY\u00a0\u00bb), Italie, et BESTWAY France Sarl, 1681, route des Dolines Les Taissouni\u00e8res &#8211; Belem 06560 Valbonne, France.<\/p><p>DPO\u00a0: <a href=\"mailto:privacy@bestwaycorp.eu\">privacy@bestwaycorp.eu<\/a><\/p><p>Le responsable du traitement des donn\u00e9es traitera les donn\u00e9es suivantes\u00a0:<\/p><p>\u00e0 des fins de marketing, pour vous envoyer des communications \u00e9lectroniques contenant des informations et des mises \u00e0 jour sur les produits, les services, les \u00e9v\u00e9nements, les offres de BESTWAY et de vous donner la possibilit\u00e9 de r\u00e9cup\u00e9rer votre panier abandonn\u00e9, sous r\u00e9serve de votre consentement en dans le champ pr\u00e9vu \u00e0 cet effet ou en cochant la case appropri\u00e9e;<\/p><p>La base juridique du traitement des donn\u00e9es que vous avez fournies est votre consentement libre et facultatif\u00a0; tout refus de fournir ce consentement vous emp\u00eachera uniquement de recevoir les communications d\u00e9crites ci-dessus.<\/p><p>Vos donn\u00e9es seront trait\u00e9es par des moyens papier et \u00e9lectroniques en conformit\u00e9 avec la l\u00e9gislation en vigueur sur la protection des donn\u00e9es personnelles (R\u00e8glement UE 679\/2016 ou \u00ab\u00a0RGPD\u00a0\u00bb tel que modifi\u00e9 et compl\u00e9t\u00e9). Les donn\u00e9es personnelles que vous fournissez peuvent \u00eatre divulgu\u00e9es \u00e0 des tiers, tels que des personnes, des associations, des cabinets professionnels et des soci\u00e9t\u00e9s fournissant des services et des activit\u00e9s de conseil et d\u2019aide \u00e0 BESTWAY (y compris des soci\u00e9t\u00e9s du groupe BESTWAY qui peuvent \u00eatre situ\u00e9es en dehors de l\u2019UE), en leur qualit\u00e9 de responsables du traitement des donn\u00e9es s\u2019ils sont d\u00fbment d\u00e9sign\u00e9s et si des garanties ad\u00e9quates sont en place pour la protection des donn\u00e9es personnelles, de responsables conjoints du traitement des donn\u00e9es ou de responsables ind\u00e9pendants du traitement des donn\u00e9es, ainsi que de membres du personnel de BESTWAY d\u00e9sign\u00e9s comme responsables du traitement des donn\u00e9es, uniquement aux fins d\u00e9crites ci-dessus. Une liste compl\u00e8te des responsables du traitement des donn\u00e9es ou des sous-traitants auxquels les donn\u00e9es peuvent \u00eatre divulgu\u00e9es est disponible sur demande.<\/p><p>En ce qui concerne les objectifs de marketing, vos donn\u00e9es seront conserv\u00e9es pendant une dur\u00e9e maximale de 8\u00a0ans \u00e0 compter du moment o\u00f9 vous donnez votre autorisation. Les clients peuvent se d\u00e9sinscrire du service de newsletter \u00e0 tout moment en cliquant sur le lien \u00ab\u00a0se d\u00e9sinscrire\u00a0\u00bb contenu dans chaque e-mail ou en envoyant un e-mail \u00e0 l\u2019adresse <a href=\"mailto:privacy@bestwaycorp.eu\">privacy@bestwaycorp.eu<\/a><\/p><p>Vous pouvez \u00e0 tout moment exercer l\u2019ensemble des droits pr\u00e9vus aux art.\u00a015 et suivants du R\u00e8glement, notamment le droit d\u2019acc\u00e8s \u00e0 vos donn\u00e9es personnelles, le droit de rectification, le droit d\u2019effacement, le droit d\u2019opposition \u00e0 leur traitement, le droit \u00e0 la portabilit\u00e9 des donn\u00e9es et le droit d\u2019introduire une r\u00e9clamation aupr\u00e8s de l\u2019Autorit\u00e9 de protection des donn\u00e9es personnelles d\u00e9sign\u00e9e dans votre pays (<a href=\"https:\/\/edpb.europa.eu\/about-edpb\/board\/members_en\" target=\"_blank\" rel=\"noopener\">https:\/\/edpb.europa.eu\/about-edpb\/board\/members_en<\/a>).<\/p><p>Les droits susmentionn\u00e9s peuvent \u00eatre exerc\u00e9s en envoyant un e-mail \u00e0 l\u2019adresse <a href=\"mailto:privacy@bestwaycorp.eu\">privacy@bestwaycorp.eu<\/a><\/p>\t\t\t\t\t\t\t\t<\/div>\n\t\t\t\t<\/div>\n\t\t\t\t\t<\/div>\n\t\t\t\t<\/div>\n\t\t<div class=\"elementor-element elementor-element-fc9e459 e-flex e-con-boxed e-con e-parent\" data-id=\"fc9e459\" data-element_type=\"container\" data-e-type=\"container\">\n\t\t\t\t\t<div class=\"e-con-inner\">\n\t\t\t\t<div class=\"elementor-element elementor-element-4ff1b8f6 elementor-widget elementor-widget-menu-anchor\" data-id=\"4ff1b8f6\" data-element_type=\"widget\" data-e-type=\"widget\" data-widget_type=\"menu-anchor.default\">\n\t\t\t\t<div class=\"elementor-widget-container\">\n\t\t\t\t\t\t\t<div class=\"elementor-menu-anchor\" id=\"Sitoassistenza\"><\/div>\n\t\t\t\t\t\t<\/div>\n\t\t\t\t<\/div>\n\t\t\t\t<div class=\"elementor-element elementor-element-33a4a549 elementor-widget elementor-widget-heading\" data-id=\"33a4a549\" data-element_type=\"widget\" data-e-type=\"widget\" data-widget_type=\"heading.default\">\n\t\t\t\t<div class=\"elementor-widget-container\">\n\t\t\t\t\t<h2 class=\"elementor-heading-title elementor-size-default\">Assistance site web<\/h2>\t\t\t\t<\/div>\n\t\t\t\t<\/div>\n\t\t\t\t<div class=\"elementor-element elementor-element-10d7938d elementor-widget elementor-widget-text-editor\" data-id=\"10d7938d\" data-element_type=\"widget\" data-e-type=\"widget\" data-widget_type=\"text-editor.default\">\n\t\t\t\t<div class=\"elementor-widget-container\">\n\t\t\t\t\t\t\t\t\t<p>Politique en vertu du r\u00e8glement europ\u00e9en\u00a02016\/679 (RGPD) et de ses modifications et ajouts<\/p><p>Responsable du traitement des donn\u00e9es\u00a0: BESTWAY EUROPE S.P.A., dont le si\u00e8ge social est situ\u00e9 \u00e0 San Giuliano Milanese (Mi), via Resistenza\u00a05 (\u00ab\u00a0BESTWAY\u00a0\u00bb), Italie.<\/p><p>DPO\u00a0: <a href=\"mailto:privacy@bestwaycorp.eu\">privacy@bestwaycorp.eu<\/a><\/p><p>Le responsable du traitement des donn\u00e9es traitera les donn\u00e9es suivantes\u00a0:<\/p><p>i) Nom et pr\u00e9nom, adresse \u00e9lectronique, adresse de livraison et num\u00e9ro de t\u00e9l\u00e9phone afin de vous fournir le service de traitement des r\u00e9clamations en ouvrant un compte personnalis\u00e9 sur le site internet BESTWAY, accessible en saisissant le nom d&#8217;utilisateur et le mot de passe qui vous seront communiqu\u00e9s par courrier \u00e9lectronique &#8211; le mot de passe sera modifi\u00e9 lors du premier acc\u00e8s &#8211; et en traitant votre rapport concernant la d\u00e9faillance du service, \u00e0 des fins administratives et comptables, en vue de l&#8217;ex\u00e9cution des obligations l\u00e9gales ou r\u00e9glementaires.<\/p><p>ii) \u00e0 des fins de marketing, pour vous envoyer des communications \u00e9lectroniques contenant des informations et des mises \u00e0 jour sur les produits, les services, les \u00e9v\u00e9nements, les offres de BESTWAY et de vous donner la possibilit\u00e9 de r\u00e9cup\u00e9rer votre panier abandonn\u00e9, sous r\u00e9serve de votre consentement en cochant la case appropri\u00e9e; \u00a0\u00a0<\/p><p>iii) sous r\u00e9serve de votre consentement en cochant la case appropri\u00e9e, des informations telles que le genre, la tranche d\u2019\u00e2ge, la situation professionnelle, la motivation d\u2019achat du produit, la m\u00e9thode d\u2019achat du produit et le nombre d\u2019enfants dans le m\u00e9nage peuvent \u00eatre collect\u00e9es \u00e0 des fins statistiques. Ces donn\u00e9es sont collect\u00e9es par BESTWAY pour obtenir une vue d\u2019ensemble de ses clients sans tenter de faire des pr\u00e9dictions ou de tirer des conclusions sp\u00e9cifiques \u00e0 votre \u00e9gard, car l\u2019objectif n\u2019est pas d\u2019\u00e9valuer les caract\u00e9ristiques individuelles.<\/p><p>iv) avec votre consentement, en cochant la case appropri\u00e9e, nous sommes susceptibles de vous envoyer par courrier \u00e9lectronique une demande de participation \u00e0 une enqu\u00eate sur nos produits et sur votre exp\u00e9rience de leur utilisation ;<\/p><p>La base juridique du traitement des donn\u00e9es vis\u00e9es au point i) est l\u2019\u00e9tablissement et l\u2019ex\u00e9cution des conditions contractuelles\/commerciales et des dispositions l\u00e9gales applicables\u00a0; ces donn\u00e9es sont obligatoires et le refus de les fournir peut emp\u00eacher BESTWAY de fournir le service demand\u00e9. En ce qui concerne les points\u00a0ii), iii) et iv), la base juridique de ce traitement est votre consentement libre et facultatif, et tout refus de fournir ce consentement vous emp\u00eachera uniquement de recevoir les communications susmentionn\u00e9es.<\/p><p>Vos donn\u00e9es seront trait\u00e9es par des moyens papier et \u00e9lectroniques en conformit\u00e9 avec la l\u00e9gislation en vigueur sur la protection des donn\u00e9es personnelles (R\u00e8glement UE 679\/2016 ou \u00ab\u00a0RGPD\u00a0\u00bb tel que modifi\u00e9 et compl\u00e9t\u00e9). Les donn\u00e9es personnelles que vous fournissez peuvent \u00eatre divulgu\u00e9es \u00e0 des tiers, tels que des personnes, des associations, des cabinets professionnels et des soci\u00e9t\u00e9s fournissant des services et des activit\u00e9s de conseil et d\u2019aide \u00e0 BESTWAY (y compris des soci\u00e9t\u00e9s du groupe BESTWAY qui peuvent \u00eatre situ\u00e9es en dehors de l\u2019UE), en leur qualit\u00e9 de responsables du traitement des donn\u00e9es s\u2019ils sont d\u00fbment d\u00e9sign\u00e9s et si des garanties ad\u00e9quates sont en place pour la protection des donn\u00e9es personnelles, de responsables conjoints du traitement des donn\u00e9es ou de responsables ind\u00e9pendants du traitement des donn\u00e9es, ainsi que de membres du personnel de BESTWAY d\u00e9sign\u00e9s comme responsables du traitement des donn\u00e9es, uniquement aux fins d\u00e9crites ci-dessus. Une liste compl\u00e8te des responsables du traitement des donn\u00e9es ou des sous-traitants auxquels les donn\u00e9es peuvent \u00eatre divulgu\u00e9es est disponible sur demande.<\/p><p>Aux fins de la gestion des r\u00e9clamations d\u00e9crite au point (i), vos donn\u00e9es seront conserv\u00e9es m\u00eame apr\u00e8s la fin de la relation contractuelle\/commerciale avec BESTWAY pour l\u2019ex\u00e9cution de toutes les obligations li\u00e9es \u00e0 la conclusion de la relation ou en d\u00e9coulant, y compris celles li\u00e9es aux obligations l\u00e9gales et aux d\u00e9lais de prescription pr\u00e9vus \u00e0 cet effet par la loi applicable et, en tout \u00e9tat de cause, pour une dur\u00e9e n\u2019exc\u00e9dant pas 10\u00a0ans.<\/p><p>En ce qui concerne les objectifs de marketing d\u00e9crits au point\u00a0ii), vos donn\u00e9es seront conserv\u00e9es pendant une dur\u00e9e maximale de 8\u00a0ans \u00e0 compter du moment o\u00f9 vous donnez votre autorisation. Les clients peuvent se d\u00e9sinscrire du service de newsletter \u00e0 tout moment en cliquant sur le lien \u00ab\u00a0se d\u00e9sinscrire\u00a0\u00bb contenu dans chaque e-mail ou en envoyant un e-mail \u00e0 l\u2019adresse <a href=\"mailto:privacy@bestwaycorp.eu\">privacy@bestwaycorp.eu<\/a>.<\/p><p>Aux fins des statistiques et des enqu\u00eates d\u00e9crites aux points (iii) et (iv) ci-dessus, vos donn\u00e9es seront conserv\u00e9es pendant une p\u00e9riode maximale de 8\u00a0ans \u00e0 compter de la date \u00e0 laquelle nous recevons votre consentement.<\/p><p>Vous pouvez \u00e0 tout moment exercer l\u2019ensemble des droits pr\u00e9vus aux art.\u00a015 et suivants du R\u00e8glement, notamment le droit d\u2019acc\u00e8s \u00e0 vos donn\u00e9es personnelles, le droit de rectification, le droit d\u2019effacement, le droit d\u2019opposition \u00e0 leur traitement, le droit \u00e0 la portabilit\u00e9 des donn\u00e9es et le droit d\u2019introduire une r\u00e9clamation aupr\u00e8s de l\u2019Autorit\u00e9 de protection des donn\u00e9es personnelles d\u00e9sign\u00e9e dans votre pays (<a href=\"https:\/\/edpb.europa.eu\/about-edpb\/board\/members_en\" target=\"_blank\" rel=\"noopener\">https:\/\/edpb.europa.eu\/about-edpb\/board\/members_en<\/a>).<\/p><p>Les droits susmentionn\u00e9s peuvent \u00eatre exerc\u00e9s en envoyant un e-mail \u00e0 l\u2019adresse <a href=\"mailto:privacy@bestwaycorp.eu\">privacy@bestwaycorp.eu<\/a><\/p>\t\t\t\t\t\t\t\t<\/div>\n\t\t\t\t<\/div>\n\t\t\t\t\t<\/div>\n\t\t\t\t<\/div>\n\t\t\t\t<\/div>\n\t\t","protected":false},"excerpt":{"rendered":"<p>Case marketing Politique en vertu du r\u00e8glement europ\u00e9en\u00a02016\/679 (RGPD) et de ses modifications et ajouts Responsable du traitement des donn\u00e9es\u00a0: BESTWAY EUROPE S.P.A., dont le si\u00e8ge social est situ\u00e9 \u00e0 San Giuliano Milanese (Mi), via Resistenza\u00a05 (\u00ab\u00a0BESTWAY\u00a0\u00bb), Italie, et BESTWAY France Sarl, 1681, route des Dolines Les Taissouni\u00e8res &#8211; Belem 06560 Valbonne, France. DPO\u00a0: privacy@bestwaycorp.eu [&hellip;]<\/p>\n","protected":false},"author":9,"featured_media":0,"parent":0,"menu_order":0,"comment_status":"closed","ping_status":"closed","template":"","meta":{"_acf_changed":false,"site-sidebar-layout":"no-sidebar","site-content-layout":"page-builder","ast-site-content-layout":"full-width-container","site-content-style":"default","site-sidebar-style":"default","ast-global-header-display":"","ast-banner-title-visibility":"","ast-main-header-display":"","ast-hfb-above-header-display":"","ast-hfb-below-header-display":"","ast-hfb-mobile-header-display":"","site-post-title":"","ast-breadcrumbs-content":"","ast-featured-img":"disabled","footer-sml-layout":"","ast-disable-related-posts":"","theme-transparent-header-meta":"","adv-header-id-meta":"","stick-header-meta":"","header-above-stick-meta":"","header-main-stick-meta":"","header-below-stick-meta":"","astra-migrate-meta-layouts":"set","ast-page-background-enabled":"default","ast-page-background-meta":{"desktop":{"background-color":"var(--ast-global-color-4)","background-image":"","background-repeat":"repeat","background-position":"center center","background-size":"auto","background-attachment":"scroll","background-type":"","background-media":"","overlay-type":"","overlay-color":"","overlay-opacity":"","overlay-gradient":""},"tablet":{"background-color":"","background-image":"","background-repeat":"repeat","background-position":"center center","background-size":"auto","background-attachment":"scroll","background-type":"","background-media":"","overlay-type":"","overlay-color":"","overlay-opacity":"","overlay-gradient":""},"mobile":{"background-color":"","background-image":"","background-repeat":"repeat","background-position":"center center","background-size":"auto","background-attachment":"scroll","background-type":"","background-media":"","overlay-type":"","overlay-color":"","overlay-opacity":"","overlay-gradient":""}},"ast-content-background-meta":{"desktop":{"background-color":"var(--ast-global-color-5)","background-image":"","background-repeat":"repeat","background-position":"center center","background-size":"auto","background-attachment":"scroll","background-type":"","background-media":"","overlay-type":"","overlay-color":"","overlay-opacity":"","overlay-gradient":""},"tablet":{"background-color":"var(--ast-global-color-5)","background-image":"","background-repeat":"repeat","background-position":"center center","background-size":"auto","background-attachment":"scroll","background-type":"","background-media":"","overlay-type":"","overlay-color":"","overlay-opacity":"","overlay-gradient":""},"mobile":{"background-color":"var(--ast-global-color-5)","background-image":"","background-repeat":"repeat","background-position":"center center","background-size":"auto","background-attachment":"scroll","background-type":"","background-media":"","overlay-type":"","overlay-color":"","overlay-opacity":"","overlay-gradient":""}},"footnotes":""},"class_list":["post-6609","page","type-page","status-publish","hentry"],"acf":[],"yoast_head":"<!-- This site is optimized with the Yoast SEO plugin v27.4 - https:\/\/yoast.com\/product\/yoast-seo-wordpress\/ -->\n<title>Politique de confidentialit\u00e9 - GDPR - Legal<\/title>\n<meta name=\"robots\" content=\"noindex, follow, max-snippet:-1, max-image-preview:large, max-video-preview:-1\" \/>\n<meta property=\"og:locale\" content=\"fr_FR\" \/>\n<meta property=\"og:type\" content=\"article\" \/>\n<meta property=\"og:title\" content=\"Politique de confidentialit\u00e9 - GDPR - Legal\" \/>\n<meta property=\"og:description\" content=\"Case marketing Politique en vertu du r\u00e8glement europ\u00e9en\u00a02016\/679 (RGPD) et de ses modifications et ajouts Responsable du traitement des donn\u00e9es\u00a0: BESTWAY EUROPE S.P.A., dont le si\u00e8ge social est situ\u00e9 \u00e0 San Giuliano Milanese (Mi), via Resistenza\u00a05 (\u00ab\u00a0BESTWAY\u00a0\u00bb), Italie, et BESTWAY France Sarl, 1681, route des Dolines Les Taissouni\u00e8res &#8211; Belem 06560 Valbonne, France. DPO\u00a0: privacy@bestwaycorp.eu [&hellip;]\" \/>\n<meta property=\"og:url\" content=\"https:\/\/legal.bestway.eu\/ch-fr\/privacy-notice\/\" \/>\n<meta property=\"og:site_name\" content=\"Legal\" \/>\n<meta property=\"article:modified_time\" content=\"2024-10-15T13:56:05+00:00\" \/>\n<meta name=\"twitter:card\" content=\"summary_large_image\" \/>\n<meta name=\"twitter:label1\" content=\"Est. reading time\" \/>\n\t<meta name=\"twitter:data1\" content=\"7 minutes\" \/>\n<script type=\"application\/ld+json\" class=\"yoast-schema-graph\">{\"@context\":\"https:\\\/\\\/schema.org\",\"@graph\":[{\"@type\":\"WebPage\",\"@id\":\"https:\\\/\\\/legal.bestway.eu\\\/ch-fr\\\/privacy-notice\\\/\",\"url\":\"https:\\\/\\\/legal.bestway.eu\\\/ch-fr\\\/privacy-notice\\\/\",\"name\":\"Politique de confidentialit\u00e9 - GDPR - Legal\",\"isPartOf\":{\"@id\":\"https:\\\/\\\/legal.bestway.eu\\\/ch-fr\\\/#website\"},\"datePublished\":\"2023-10-24T10:37:41+00:00\",\"dateModified\":\"2024-10-15T13:56:05+00:00\",\"inLanguage\":\"fr-ch\",\"potentialAction\":[{\"@type\":\"ReadAction\",\"target\":[\"https:\\\/\\\/legal.bestway.eu\\\/ch-fr\\\/privacy-notice\\\/\"]}]},{\"@type\":\"WebSite\",\"@id\":\"https:\\\/\\\/legal.bestway.eu\\\/ch-fr\\\/#website\",\"url\":\"https:\\\/\\\/legal.bestway.eu\\\/ch-fr\\\/\",\"name\":\"Legal\",\"description\":\"Legal\",\"publisher\":{\"@id\":\"https:\\\/\\\/legal.bestway.eu\\\/ch-fr\\\/#organization\"},\"potentialAction\":[{\"@type\":\"SearchAction\",\"target\":{\"@type\":\"EntryPoint\",\"urlTemplate\":\"https:\\\/\\\/legal.bestway.eu\\\/ch-fr\\\/?s={search_term_string}\"},\"query-input\":{\"@type\":\"PropertyValueSpecification\",\"valueRequired\":true,\"valueName\":\"search_term_string\"}}],\"inLanguage\":\"fr-ch\"},{\"@type\":\"Organization\",\"@id\":\"https:\\\/\\\/legal.bestway.eu\\\/ch-fr\\\/#organization\",\"name\":\"Legal\",\"url\":\"https:\\\/\\\/legal.bestway.eu\\\/ch-fr\\\/\",\"logo\":{\"@type\":\"ImageObject\",\"inLanguage\":\"fr-ch\",\"@id\":\"https:\\\/\\\/legal.bestway.eu\\\/ch-fr\\\/#\\\/schema\\\/logo\\\/image\\\/\",\"url\":\"https:\\\/\\\/legal.bestway.eu\\\/wp-content\\\/uploads\\\/sites\\\/2\\\/2023\\\/10\\\/bw-white-logo@2x.png\",\"contentUrl\":\"https:\\\/\\\/legal.bestway.eu\\\/wp-content\\\/uploads\\\/sites\\\/2\\\/2023\\\/10\\\/bw-white-logo@2x.png\",\"width\":348,\"height\":138,\"caption\":\"Legal\"},\"image\":{\"@id\":\"https:\\\/\\\/legal.bestway.eu\\\/ch-fr\\\/#\\\/schema\\\/logo\\\/image\\\/\"}}]}<\/script>\n<!-- \/ Yoast SEO plugin. -->","yoast_head_json":{"title":"Politique de confidentialit\u00e9 - GDPR - Legal","robots":{"index":"noindex","follow":"follow","max-snippet":"max-snippet:-1","max-image-preview":"max-image-preview:large","max-video-preview":"max-video-preview:-1"},"og_locale":"fr_FR","og_type":"article","og_title":"Politique de confidentialit\u00e9 - GDPR - Legal","og_description":"Case marketing Politique en vertu du r\u00e8glement europ\u00e9en\u00a02016\/679 (RGPD) et de ses modifications et ajouts Responsable du traitement des donn\u00e9es\u00a0: BESTWAY EUROPE S.P.A., dont le si\u00e8ge social est situ\u00e9 \u00e0 San Giuliano Milanese (Mi), via Resistenza\u00a05 (\u00ab\u00a0BESTWAY\u00a0\u00bb), Italie, et BESTWAY France Sarl, 1681, route des Dolines Les Taissouni\u00e8res &#8211; Belem 06560 Valbonne, France. DPO\u00a0: privacy@bestwaycorp.eu [&hellip;]","og_url":"https:\/\/legal.bestway.eu\/ch-fr\/privacy-notice\/","og_site_name":"Legal","article_modified_time":"2024-10-15T13:56:05+00:00","twitter_card":"summary_large_image","twitter_misc":{"Est. reading time":"7 minutes"},"schema":{"@context":"https:\/\/schema.org","@graph":[{"@type":"WebPage","@id":"https:\/\/legal.bestway.eu\/ch-fr\/privacy-notice\/","url":"https:\/\/legal.bestway.eu\/ch-fr\/privacy-notice\/","name":"Politique de confidentialit\u00e9 - GDPR - Legal","isPartOf":{"@id":"https:\/\/legal.bestway.eu\/ch-fr\/#website"},"datePublished":"2023-10-24T10:37:41+00:00","dateModified":"2024-10-15T13:56:05+00:00","inLanguage":"fr-ch","potentialAction":[{"@type":"ReadAction","target":["https:\/\/legal.bestway.eu\/ch-fr\/privacy-notice\/"]}]},{"@type":"WebSite","@id":"https:\/\/legal.bestway.eu\/ch-fr\/#website","url":"https:\/\/legal.bestway.eu\/ch-fr\/","name":"Legal","description":"Legal","publisher":{"@id":"https:\/\/legal.bestway.eu\/ch-fr\/#organization"},"potentialAction":[{"@type":"SearchAction","target":{"@type":"EntryPoint","urlTemplate":"https:\/\/legal.bestway.eu\/ch-fr\/?s={search_term_string}"},"query-input":{"@type":"PropertyValueSpecification","valueRequired":true,"valueName":"search_term_string"}}],"inLanguage":"fr-ch"},{"@type":"Organization","@id":"https:\/\/legal.bestway.eu\/ch-fr\/#organization","name":"Legal","url":"https:\/\/legal.bestway.eu\/ch-fr\/","logo":{"@type":"ImageObject","inLanguage":"fr-ch","@id":"https:\/\/legal.bestway.eu\/ch-fr\/#\/schema\/logo\/image\/","url":"https:\/\/legal.bestway.eu\/wp-content\/uploads\/sites\/2\/2023\/10\/bw-white-logo@2x.png","contentUrl":"https:\/\/legal.bestway.eu\/wp-content\/uploads\/sites\/2\/2023\/10\/bw-white-logo@2x.png","width":348,"height":138,"caption":"Legal"},"image":{"@id":"https:\/\/legal.bestway.eu\/ch-fr\/#\/schema\/logo\/image\/"}}]}},"_links":{"self":[{"href":"https:\/\/legal.bestway.eu\/ch-fr\/wp-json\/wp\/v2\/pages\/6609","targetHints":{"allow":["GET"]}}],"collection":[{"href":"https:\/\/legal.bestway.eu\/ch-fr\/wp-json\/wp\/v2\/pages"}],"about":[{"href":"https:\/\/legal.bestway.eu\/ch-fr\/wp-json\/wp\/v2\/types\/page"}],"author":[{"embeddable":true,"href":"https:\/\/legal.bestway.eu\/ch-fr\/wp-json\/wp\/v2\/users\/9"}],"replies":[{"embeddable":true,"href":"https:\/\/legal.bestway.eu\/ch-fr\/wp-json\/wp\/v2\/comments?post=6609"}],"version-history":[{"count":5,"href":"https:\/\/legal.bestway.eu\/ch-fr\/wp-json\/wp\/v2\/pages\/6609\/revisions"}],"predecessor-version":[{"id":6818,"href":"https:\/\/legal.bestway.eu\/ch-fr\/wp-json\/wp\/v2\/pages\/6609\/revisions\/6818"}],"wp:attachment":[{"href":"https:\/\/legal.bestway.eu\/ch-fr\/wp-json\/wp\/v2\/media?parent=6609"}],"curies":[{"name":"wp","href":"https:\/\/api.w.org\/{rel}","templated":true}]}}