{"id":8651,"date":"2025-06-09T15:47:15","date_gmt":"2025-06-09T13:47:15","guid":{"rendered":"https:\/\/legal.bestway.eu\/accessibility\/"},"modified":"2025-06-18T16:11:15","modified_gmt":"2025-06-18T14:11:15","slug":"accessibility","status":"publish","type":"page","link":"https:\/\/legal.bestway.eu\/ch-de\/accessibility\/","title":{"rendered":"Zug\u00e4nglichkeit"},"content":{"rendered":"\t\t<div data-elementor-type=\"wp-page\" data-elementor-id=\"8651\" class=\"elementor elementor-8651\" data-elementor-post-type=\"page\">\n\t\t\t\t<div class=\"elementor-element elementor-element-5b5bf09 e-flex e-con-boxed e-con e-parent\" data-id=\"5b5bf09\" data-element_type=\"container\" data-e-type=\"container\">\n\t\t\t\t\t<div class=\"e-con-inner\">\n\t\t\t\t<div class=\"elementor-element elementor-element-febc057 elementor-widget elementor-widget-text-editor\" data-id=\"febc057\" data-element_type=\"widget\" data-e-type=\"widget\" data-widget_type=\"text-editor.default\">\n\t\t\t\t<div class=\"elementor-widget-container\">\n\t\t\t\t\t\t\t\t\t<p>Wir sind \u00fcberzeugt, dass das Internet f\u00fcr alle verf\u00fcgbar und zug\u00e4nglich sein sollte. Daher ist es unser Ziel, eine Website bereitzustellen, die einem m\u00f6glichst breiten Publikum zug\u00e4nglich ist.<\/p><p>Wir orientieren uns an den Web Content Accessibility Guidelines 2.1 (WCAG 2.1) des World Wide Web Consortium (W3C). Diese Richtlinien erl\u00e4utern, wie Webinhalte f\u00fcr ein breites Spektrum an Nutzern mit unterschiedlichen Bed\u00fcrfnissen zug\u00e4nglich gemacht werden k\u00f6nnen. Durch die Einhaltung dieser Richtlinien stellen wir sicher, dass unsere Websites einer m\u00f6glichst gro\u00dfen Zahl von Menschen zug\u00e4nglich sind.<\/p>\t\t\t\t\t\t\t\t<\/div>\n\t\t\t\t<\/div>\n\t\t\t\t<div class=\"elementor-element elementor-element-a41cc72 elementor-widget elementor-widget-heading\" data-id=\"a41cc72\" data-element_type=\"widget\" data-e-type=\"widget\" data-widget_type=\"heading.default\">\n\t\t\t\t<div class=\"elementor-widget-container\">\n\t\t\t\t\t<h2 class=\"elementor-heading-title elementor-size-default\">Erkl\u00e4rungen zur Barrierefreiheit<\/h2>\t\t\t\t<\/div>\n\t\t\t\t<\/div>\n\t\t\t\t<div class=\"elementor-element elementor-element-dd82ffd elementor-widget elementor-widget-n-accordion\" data-id=\"dd82ffd\" data-element_type=\"widget\" data-e-type=\"widget\" data-settings=\"{&quot;max_items_expended&quot;:&quot;multiple&quot;,&quot;default_state&quot;:&quot;expanded&quot;,&quot;n_accordion_animation_duration&quot;:{&quot;unit&quot;:&quot;ms&quot;,&quot;size&quot;:400,&quot;sizes&quot;:[]}}\" data-widget_type=\"nested-accordion.default\">\n\t\t\t\t<div class=\"elementor-widget-container\">\n\t\t\t\t\t\t\t<div class=\"e-n-accordion\" aria-label=\"Accordion. Open links with Enter or Space, close with Escape, and navigate with Arrow Keys\">\n\t\t\t\t\t\t<details id=\"e-n-accordion-item-2320\" class=\"e-n-accordion-item\" open>\n\t\t\t\t<summary class=\"e-n-accordion-item-title\" data-accordion-index=\"1\" tabindex=\"0\" aria-expanded=\"true\" aria-controls=\"e-n-accordion-item-2320\" >\n\t\t\t\t\t<span class='e-n-accordion-item-title-header'><div class=\"e-n-accordion-item-title-text\"> Support-Website (support.bestway.eu) <\/div><\/span>\n\t\t\t\t\t\t\t<span class='e-n-accordion-item-title-icon'>\n\t\t\t<span class='e-opened' ><i aria-hidden=\"true\" class=\"fas fa-minus\"><\/i><\/span>\n\t\t\t<span class='e-closed'><i aria-hidden=\"true\" class=\"fas fa-plus\"><\/i><\/span>\n\t\t<\/span>\n\n\t\t\t\t\t\t<\/summary>\n\t\t\t\t<div role=\"region\" aria-labelledby=\"e-n-accordion-item-2320\" class=\"elementor-element elementor-element-0ab357d e-con-full e-flex e-con e-child\" data-id=\"0ab357d\" data-element_type=\"container\" data-e-type=\"container\">\n\t\t\t\t<div class=\"elementor-element elementor-element-7f3cfd0 elementor-widget elementor-widget-text-editor\" data-id=\"7f3cfd0\" data-element_type=\"widget\" data-e-type=\"widget\" data-widget_type=\"text-editor.default\">\n\t\t\t\t<div class=\"elementor-widget-container\">\n\t\t\t\t\t\t\t\t\t<p data-start=\"114\" data-end=\"199\"><strong data-start=\"114\" data-end=\"199\">Die folgende Erkl\u00e4rung zur Barrierefreiheit gilt f\u00fcr: https:\/\/support.bestway.eu.<\/strong><\/p><p data-start=\"201\" data-end=\"404\"><strong data-start=\"201\" data-end=\"243\">Konformit\u00e4tsstatus: Teilweise konform.<\/strong><br data-start=\"243\" data-end=\"246\" \/>Diese Website ist teilweise konform mit den Anforderungen des Anhangs A der Norm UNI CEI EN 301549 aufgrund der unten aufgef\u00fchrten F\u00e4lle von Nichtkonformit\u00e4t.<\/p><p data-start=\"561\" data-end=\"598\"><strong data-start=\"561\" data-end=\"596\">1.1.1 \u2013 Nicht-textuelle Inhalte<\/strong><\/p><ul data-start=\"599\" data-end=\"947\"><li data-start=\"599\" data-end=\"706\"><p data-start=\"601\" data-end=\"706\">Einige Bilder verf\u00fcgen nicht \u00fcber ein <em data-start=\"639\" data-end=\"644\">alt<\/em>-Attribut oder haben keinen aussagekr\u00e4ftigen Alternativtext.<\/p><\/li><li data-start=\"707\" data-end=\"812\"><p data-start=\"709\" data-end=\"812\">Einige <em data-start=\"716\" data-end=\"724\">iframe<\/em>-Elemente enthalten keinen Alternativtext \u00fcber das Attribut <em data-start=\"784\" data-end=\"791\">title<\/em> oder <em data-start=\"797\" data-end=\"809\">aria-label<\/em>.<\/p><\/li><li data-start=\"813\" data-end=\"947\"><p data-start=\"815\" data-end=\"947\">Einige nur zur Pr\u00e4sentation dienende Elemente sind nicht korrekt mit <em data-start=\"884\" data-end=\"905\">role=&#8221;presentation&#8221;<\/em> oder <em data-start=\"911\" data-end=\"931\">aria-hidden=&#8221;true&#8221;<\/em> gekennzeichnet.<\/p><\/li><\/ul><p data-start=\"949\" data-end=\"992\"><strong data-start=\"949\" data-end=\"990\">1.3.1 \u2013 Informationen und Beziehungen<\/strong><\/p><ul data-start=\"993\" data-end=\"1415\"><li data-start=\"993\" data-end=\"1085\"><p data-start=\"995\" data-end=\"1085\">Mehrere Container-Elemente sind im DOM leer, was zu nicht-semantischen Strukturen f\u00fchrt.<\/p><\/li><li data-start=\"1086\" data-end=\"1190\"><p data-start=\"1088\" data-end=\"1190\">Einige Formularfelder haben keine zugeordneten Beschriftungen \u00fcber <code data-start=\"1155\" data-end=\"1164\">&lt;label&gt;<\/code> oder <em data-start=\"1170\" data-end=\"1187\">aria-labelledby<\/em>.<\/p><\/li><li data-start=\"1191\" data-end=\"1251\"><p data-start=\"1193\" data-end=\"1251\">Einige Texte haben keine Rollen oder ARIA-Eigenschaften.<\/p><\/li><li data-start=\"1252\" data-end=\"1415\"><p data-start=\"1254\" data-end=\"1415\">Einige Dokumente verwenden keine semantischen Markierungen f\u00fcr \u00dcberschriften (<em data-start=\"1332\" data-end=\"1341\">heading<\/em>), was die strukturierte Navigation mit assistiven Technologien erschwert.<\/p><\/li><\/ul><p data-start=\"1417\" data-end=\"1508\"><strong data-start=\"1417\" data-end=\"1506\">1.3.2 \/ 2.1.1 \/ 2.4.3 \u2013 Bedeutungsvolle Reihenfolge, Tastaturzugang, Fokusreihenfolge<\/strong><\/p><ul data-start=\"1509\" data-end=\"1671\"><li data-start=\"1509\" data-end=\"1671\"><p data-start=\"1511\" data-end=\"1671\">In einigen Dokumenten entspricht die Lese- und Navigationsreihenfolge nicht der visuellen Anordnung, was die Bedienung per Tastatur oder Screenreader erschwert.<\/p><\/li><\/ul><p data-start=\"1673\" data-end=\"1709\"><strong data-start=\"1673\" data-end=\"1707\">1.4.3 \u2013 Kontrast (Mindestwert)<\/strong><\/p><ul data-start=\"1710\" data-end=\"1828\"><li data-start=\"1710\" data-end=\"1828\"><p data-start=\"1712\" data-end=\"1828\">Der Farbkontrast zwischen Text und Hintergrund bei einigen Elementen erreicht nicht das Mindestverh\u00e4ltnis von 4,5:1.<\/p><\/li><\/ul><p data-start=\"1830\" data-end=\"1860\"><strong data-start=\"1830\" data-end=\"1858\">1.4.4 \u2013 Textvergr\u00f6\u00dferung<\/strong><\/p><ul data-start=\"1861\" data-end=\"1935\"><li data-start=\"1861\" data-end=\"1935\"><p data-start=\"1863\" data-end=\"1935\">Einige Texte werden bei Vergr\u00f6\u00dferung abgeschnitten oder \u00fcberlagern sich.<\/p><\/li><\/ul><p data-start=\"1937\" data-end=\"1989\"><strong data-start=\"1937\" data-end=\"1987\">1.4.10 \u2013 Inhaltliche Umstrukturierung (Reflow)<\/strong><\/p><ul data-start=\"1990\" data-end=\"2107\"><li data-start=\"1990\" data-end=\"2107\"><p data-start=\"1992\" data-end=\"2107\">Einige Seiten oder Komponenten reagieren nicht korrekt auf Zoom oder Gr\u00f6\u00dfen\u00e4nderung, was zu Layout-Problemen f\u00fchrt.<\/p><\/li><\/ul><p data-start=\"2109\" data-end=\"2154\"><strong data-start=\"2109\" data-end=\"2152\">2.4.1 \u2013 \u00dcberspringen von Inhaltsbl\u00f6cken<\/strong><\/p><ul data-start=\"2155\" data-end=\"2246\"><li data-start=\"2155\" data-end=\"2246\"><p data-start=\"2157\" data-end=\"2246\">Auf einigen Seiten fehlt ein \u201eZum Inhalt springen\u201c-Link, der per Tastatur erreichbar ist.<\/p><\/li><\/ul><p data-start=\"2248\" data-end=\"2273\"><strong data-start=\"2248\" data-end=\"2271\">2.4.2 \u2013 Seitentitel<\/strong><\/p><ul data-start=\"2274\" data-end=\"2402\"><li data-start=\"2274\" data-end=\"2402\"><p data-start=\"2276\" data-end=\"2402\">In den Metadaten einiger Dokumente fehlt der Titel, was die Erkennbarkeit des Inhalts bei unterst\u00fctzter Navigation verringert.<\/p><\/li><\/ul><p data-start=\"2404\" data-end=\"2446\"><strong data-start=\"2404\" data-end=\"2444\">2.4.4 \u2013 Zweck von Links (im Kontext)<\/strong><\/p><ul data-start=\"2447\" data-end=\"2520\"><li data-start=\"2447\" data-end=\"2520\"><p data-start=\"2449\" data-end=\"2520\">Einige Links verf\u00fcgen nicht \u00fcber einen aussagekr\u00e4ftigen Alternativtext.<\/p><\/li><\/ul><p data-start=\"2522\" data-end=\"2568\"><strong data-start=\"2522\" data-end=\"2566\">2.4.6 \u2013 \u00dcberschriften und Beschriftungen<\/strong><\/p><ul data-start=\"2569\" data-end=\"2642\"><li data-start=\"2569\" data-end=\"2642\"><p data-start=\"2571\" data-end=\"2642\">Auf einigen Seiten fehlen semantische \u00dcberschriften oder <em data-start=\"2628\" data-end=\"2636\">header<\/em>-Tags.<\/p><\/li><\/ul><p data-start=\"2644\" data-end=\"2675\"><strong data-start=\"2644\" data-end=\"2673\">3.1.1 \u2013 Sprache der Seite<\/strong><\/p><ul data-start=\"2676\" data-end=\"2798\"><li data-start=\"2676\" data-end=\"2798\"><p data-start=\"2678\" data-end=\"2798\">Die Standard-Sprache des Dokuments ist nicht festgelegt, was zu Problemen bei der Sprachausgabe mit Screenreadern f\u00fchrt.<\/p><\/li><\/ul><p data-start=\"2800\" data-end=\"2831\"><strong data-start=\"2800\" data-end=\"2829\">4.1.2 \u2013 Name, Rolle, Wert<\/strong><\/p><ul data-start=\"2832\" data-end=\"2990\"><li data-start=\"2832\" data-end=\"2905\"><p data-start=\"2834\" data-end=\"2905\">Mehrere Schaltfl\u00e4chen haben keine Textbeschriftung oder <em data-start=\"2890\" data-end=\"2902\">aria-label<\/em>.<\/p><\/li><li data-start=\"2906\" data-end=\"2990\"><p data-start=\"2908\" data-end=\"2990\">Einige ARIA-Attribute enthalten ung\u00fcltige oder nicht spezifikationskonforme Werte.<\/p><\/li><\/ul>\t\t\t\t\t\t\t\t<\/div>\n\t\t\t\t<\/div>\n\t\t\t\t<\/div>\n\t\t\t\t\t<\/details>\n\t\t\t\t\t<\/div>\n\t\t\t\t\t\t<\/div>\n\t\t\t\t<\/div>\n\t\t\t\t<div class=\"elementor-element elementor-element-3003df7 elementor-widget elementor-widget-heading\" data-id=\"3003df7\" data-element_type=\"widget\" data-e-type=\"widget\" data-widget_type=\"heading.default\">\n\t\t\t\t<div class=\"elementor-widget-container\">\n\t\t\t\t\t<h2 class=\"elementor-heading-title elementor-size-default\">Kommentare und Feedback<\/h2>\t\t\t\t<\/div>\n\t\t\t\t<\/div>\n\t\t\t\t<div class=\"elementor-element elementor-element-2b49daa elementor-widget elementor-widget-text-editor\" data-id=\"2b49daa\" data-element_type=\"widget\" data-e-type=\"widget\" data-widget_type=\"text-editor.default\">\n\t\t\t\t<div class=\"elementor-widget-container\">\n\t\t\t\t\t\t\t\t\t<p><span style=\"font-size: 16px;\"><br \/>Wir entwickeln unsere Websites unter Ber\u00fccksichtigung der Kriterien f\u00fcr digitale Barrierefreiheit. Dennoch kann es vorkommen, dass Seiten oder Abschnitte nicht vollst\u00e4ndig barrierefrei sind, sich im Barrierefreiheitsprozess befinden oder keine geeignete technische L\u00f6sung daf\u00fcr vorhanden ist. F\u00fcr Feedback oder Berichte schreiben Sie bitte an\u00a0<\/span><a style=\"font-size: 16px; background-color: #ffffff;\" href=\"mailto:accessibility@bestwaycorp.eu\"><strong>accessibility@bestwaycorp.eu<\/strong><\/a><\/p>\t\t\t\t\t\t\t\t<\/div>\n\t\t\t\t<\/div>\n\t\t\t\t\t<\/div>\n\t\t\t\t<\/div>\n\t\t\t\t<\/div>\n\t\t","protected":false},"excerpt":{"rendered":"<p>Wir sind \u00fcberzeugt, dass das Internet f\u00fcr alle verf\u00fcgbar und zug\u00e4nglich sein sollte. Daher ist es unser Ziel, eine Website bereitzustellen, die einem m\u00f6glichst breiten Publikum zug\u00e4nglich ist. Wir orientieren uns an den Web Content Accessibility Guidelines 2.1 (WCAG 2.1) des World Wide Web Consortium (W3C). Diese Richtlinien erl\u00e4utern, wie Webinhalte f\u00fcr ein breites Spektrum [&hellip;]<\/p>\n","protected":false},"author":1,"featured_media":0,"parent":0,"menu_order":0,"comment_status":"closed","ping_status":"closed","template":"","meta":{"_acf_changed":false,"site-sidebar-layout":"no-sidebar","site-content-layout":"page-builder","ast-site-content-layout":"full-width-container","site-content-style":"default","site-sidebar-style":"default","ast-global-header-display":"","ast-banner-title-visibility":"","ast-main-header-display":"","ast-hfb-above-header-display":"","ast-hfb-below-header-display":"","ast-hfb-mobile-header-display":"","site-post-title":"disabled","ast-breadcrumbs-content":"","ast-featured-img":"disabled","footer-sml-layout":"","ast-disable-related-posts":"","theme-transparent-header-meta":"","adv-header-id-meta":"","stick-header-meta":"","header-above-stick-meta":"","header-main-stick-meta":"","header-below-stick-meta":"","astra-migrate-meta-layouts":"set","ast-page-background-enabled":"default","ast-page-background-meta":{"desktop":{"background-color":"var(--ast-global-color-4)","background-image":"","background-repeat":"repeat","background-position":"center center","background-size":"auto","background-attachment":"scroll","background-type":"","background-media":"","overlay-type":"","overlay-color":"","overlay-opacity":"","overlay-gradient":""},"tablet":{"background-color":"","background-image":"","background-repeat":"repeat","background-position":"center center","background-size":"auto","background-attachment":"scroll","background-type":"","background-media":"","overlay-type":"","overlay-color":"","overlay-opacity":"","overlay-gradient":""},"mobile":{"background-color":"","background-image":"","background-repeat":"repeat","background-position":"center center","background-size":"auto","background-attachment":"scroll","background-type":"","background-media":"","overlay-type":"","overlay-color":"","overlay-opacity":"","overlay-gradient":""}},"ast-content-background-meta":{"desktop":{"background-color":"var(--ast-global-color-5)","background-image":"","background-repeat":"repeat","background-position":"center center","background-size":"auto","background-attachment":"scroll","background-type":"","background-media":"","overlay-type":"","overlay-color":"","overlay-opacity":"","overlay-gradient":""},"tablet":{"background-color":"var(--ast-global-color-5)","background-image":"","background-repeat":"repeat","background-position":"center center","background-size":"auto","background-attachment":"scroll","background-type":"","background-media":"","overlay-type":"","overlay-color":"","overlay-opacity":"","overlay-gradient":""},"mobile":{"background-color":"var(--ast-global-color-5)","background-image":"","background-repeat":"repeat","background-position":"center center","background-size":"auto","background-attachment":"scroll","background-type":"","background-media":"","overlay-type":"","overlay-color":"","overlay-opacity":"","overlay-gradient":""}},"footnotes":""},"class_list":["post-8651","page","type-page","status-publish","hentry"],"acf":[],"yoast_head":"<!-- This site is optimized with the Yoast SEO plugin v27.6 - https:\/\/yoast.com\/product\/yoast-seo-wordpress\/ -->\n<title>Zug\u00e4nglichkeit - Legal<\/title>\n<meta name=\"robots\" content=\"noindex, follow, max-snippet:-1, max-image-preview:large, max-video-preview:-1\" \/>\n<meta property=\"og:locale\" content=\"de_DE\" \/>\n<meta property=\"og:type\" content=\"article\" \/>\n<meta property=\"og:title\" content=\"Zug\u00e4nglichkeit - Legal\" \/>\n<meta property=\"og:description\" content=\"Wir sind \u00fcberzeugt, dass das Internet f\u00fcr alle verf\u00fcgbar und zug\u00e4nglich sein sollte. Daher ist es unser Ziel, eine Website bereitzustellen, die einem m\u00f6glichst breiten Publikum zug\u00e4nglich ist. Wir orientieren uns an den Web Content Accessibility Guidelines 2.1 (WCAG 2.1) des World Wide Web Consortium (W3C). Diese Richtlinien erl\u00e4utern, wie Webinhalte f\u00fcr ein breites Spektrum [&hellip;]\" \/>\n<meta property=\"og:url\" content=\"https:\/\/legal.bestway.eu\/ch-de\/accessibility\/\" \/>\n<meta property=\"og:site_name\" content=\"Legal\" \/>\n<meta property=\"article:modified_time\" content=\"2025-06-18T14:11:15+00:00\" \/>\n<meta name=\"twitter:card\" content=\"summary_large_image\" \/>\n<meta name=\"twitter:label1\" content=\"Est. reading time\" \/>\n\t<meta name=\"twitter:data1\" content=\"5 minutes\" \/>\n<script type=\"application\/ld+json\" class=\"yoast-schema-graph\">{\"@context\":\"https:\\\/\\\/schema.org\",\"@graph\":[{\"@type\":\"WebPage\",\"@id\":\"https:\\\/\\\/legal.bestway.eu\\\/ch-de\\\/accessibility\\\/\",\"url\":\"https:\\\/\\\/legal.bestway.eu\\\/ch-de\\\/accessibility\\\/\",\"name\":\"Zug\u00e4nglichkeit - Legal\",\"isPartOf\":{\"@id\":\"https:\\\/\\\/legal.bestway.eu\\\/ch-de\\\/#website\"},\"datePublished\":\"2025-06-09T13:47:15+00:00\",\"dateModified\":\"2025-06-18T14:11:15+00:00\",\"inLanguage\":\"de-ch\",\"potentialAction\":[{\"@type\":\"ReadAction\",\"target\":[\"https:\\\/\\\/legal.bestway.eu\\\/ch-de\\\/accessibility\\\/\"]}]},{\"@type\":\"WebSite\",\"@id\":\"https:\\\/\\\/legal.bestway.eu\\\/ch-de\\\/#website\",\"url\":\"https:\\\/\\\/legal.bestway.eu\\\/ch-de\\\/\",\"name\":\"Legal\",\"description\":\"Legal\",\"publisher\":{\"@id\":\"https:\\\/\\\/legal.bestway.eu\\\/ch-de\\\/#organization\"},\"potentialAction\":[{\"@type\":\"SearchAction\",\"target\":{\"@type\":\"EntryPoint\",\"urlTemplate\":\"https:\\\/\\\/legal.bestway.eu\\\/ch-de\\\/?s={search_term_string}\"},\"query-input\":{\"@type\":\"PropertyValueSpecification\",\"valueRequired\":true,\"valueName\":\"search_term_string\"}}],\"inLanguage\":\"de-ch\"},{\"@type\":\"Organization\",\"@id\":\"https:\\\/\\\/legal.bestway.eu\\\/ch-de\\\/#organization\",\"name\":\"Legal\",\"url\":\"https:\\\/\\\/legal.bestway.eu\\\/ch-de\\\/\",\"logo\":{\"@type\":\"ImageObject\",\"inLanguage\":\"de-ch\",\"@id\":\"https:\\\/\\\/legal.bestway.eu\\\/ch-de\\\/#\\\/schema\\\/logo\\\/image\\\/\",\"url\":\"https:\\\/\\\/legal.bestway.eu\\\/wp-content\\\/uploads\\\/sites\\\/2\\\/2023\\\/10\\\/bw-white-logo@2x.png\",\"contentUrl\":\"https:\\\/\\\/legal.bestway.eu\\\/wp-content\\\/uploads\\\/sites\\\/2\\\/2023\\\/10\\\/bw-white-logo@2x.png\",\"width\":348,\"height\":138,\"caption\":\"Legal\"},\"image\":{\"@id\":\"https:\\\/\\\/legal.bestway.eu\\\/ch-de\\\/#\\\/schema\\\/logo\\\/image\\\/\"}}]}<\/script>\n<!-- \/ Yoast SEO plugin. -->","yoast_head_json":{"title":"Zug\u00e4nglichkeit - Legal","robots":{"index":"noindex","follow":"follow","max-snippet":"max-snippet:-1","max-image-preview":"max-image-preview:large","max-video-preview":"max-video-preview:-1"},"og_locale":"de_DE","og_type":"article","og_title":"Zug\u00e4nglichkeit - Legal","og_description":"Wir sind \u00fcberzeugt, dass das Internet f\u00fcr alle verf\u00fcgbar und zug\u00e4nglich sein sollte. Daher ist es unser Ziel, eine Website bereitzustellen, die einem m\u00f6glichst breiten Publikum zug\u00e4nglich ist. Wir orientieren uns an den Web Content Accessibility Guidelines 2.1 (WCAG 2.1) des World Wide Web Consortium (W3C). Diese Richtlinien erl\u00e4utern, wie Webinhalte f\u00fcr ein breites Spektrum [&hellip;]","og_url":"https:\/\/legal.bestway.eu\/ch-de\/accessibility\/","og_site_name":"Legal","article_modified_time":"2025-06-18T14:11:15+00:00","twitter_card":"summary_large_image","twitter_misc":{"Est. reading time":"5 minutes"},"schema":{"@context":"https:\/\/schema.org","@graph":[{"@type":"WebPage","@id":"https:\/\/legal.bestway.eu\/ch-de\/accessibility\/","url":"https:\/\/legal.bestway.eu\/ch-de\/accessibility\/","name":"Zug\u00e4nglichkeit - Legal","isPartOf":{"@id":"https:\/\/legal.bestway.eu\/ch-de\/#website"},"datePublished":"2025-06-09T13:47:15+00:00","dateModified":"2025-06-18T14:11:15+00:00","inLanguage":"de-ch","potentialAction":[{"@type":"ReadAction","target":["https:\/\/legal.bestway.eu\/ch-de\/accessibility\/"]}]},{"@type":"WebSite","@id":"https:\/\/legal.bestway.eu\/ch-de\/#website","url":"https:\/\/legal.bestway.eu\/ch-de\/","name":"Legal","description":"Legal","publisher":{"@id":"https:\/\/legal.bestway.eu\/ch-de\/#organization"},"potentialAction":[{"@type":"SearchAction","target":{"@type":"EntryPoint","urlTemplate":"https:\/\/legal.bestway.eu\/ch-de\/?s={search_term_string}"},"query-input":{"@type":"PropertyValueSpecification","valueRequired":true,"valueName":"search_term_string"}}],"inLanguage":"de-ch"},{"@type":"Organization","@id":"https:\/\/legal.bestway.eu\/ch-de\/#organization","name":"Legal","url":"https:\/\/legal.bestway.eu\/ch-de\/","logo":{"@type":"ImageObject","inLanguage":"de-ch","@id":"https:\/\/legal.bestway.eu\/ch-de\/#\/schema\/logo\/image\/","url":"https:\/\/legal.bestway.eu\/wp-content\/uploads\/sites\/2\/2023\/10\/bw-white-logo@2x.png","contentUrl":"https:\/\/legal.bestway.eu\/wp-content\/uploads\/sites\/2\/2023\/10\/bw-white-logo@2x.png","width":348,"height":138,"caption":"Legal"},"image":{"@id":"https:\/\/legal.bestway.eu\/ch-de\/#\/schema\/logo\/image\/"}}]}},"_links":{"self":[{"href":"https:\/\/legal.bestway.eu\/ch-de\/wp-json\/wp\/v2\/pages\/8651","targetHints":{"allow":["GET"]}}],"collection":[{"href":"https:\/\/legal.bestway.eu\/ch-de\/wp-json\/wp\/v2\/pages"}],"about":[{"href":"https:\/\/legal.bestway.eu\/ch-de\/wp-json\/wp\/v2\/types\/page"}],"author":[{"embeddable":true,"href":"https:\/\/legal.bestway.eu\/ch-de\/wp-json\/wp\/v2\/users\/1"}],"replies":[{"embeddable":true,"href":"https:\/\/legal.bestway.eu\/ch-de\/wp-json\/wp\/v2\/comments?post=8651"}],"version-history":[{"count":7,"href":"https:\/\/legal.bestway.eu\/ch-de\/wp-json\/wp\/v2\/pages\/8651\/revisions"}],"predecessor-version":[{"id":8658,"href":"https:\/\/legal.bestway.eu\/ch-de\/wp-json\/wp\/v2\/pages\/8651\/revisions\/8658"}],"wp:attachment":[{"href":"https:\/\/legal.bestway.eu\/ch-de\/wp-json\/wp\/v2\/media?parent=8651"}],"curies":[{"name":"wp","href":"https:\/\/api.w.org\/{rel}","templated":true}]}}