{"id":6668,"date":"2023-10-24T11:15:40","date_gmt":"2023-10-24T09:15:40","guid":{"rendered":"https:\/\/legal.bestway.eu\/?page_id=6668"},"modified":"2026-02-10T10:58:32","modified_gmt":"2026-02-10T09:58:32","slug":"warranty-extension","status":"publish","type":"page","link":"https:\/\/legal.bestway.eu\/ch-de\/warranty-extension\/","title":{"rendered":"Bestway-Garantie"},"content":{"rendered":"\t\t<div data-elementor-type=\"wp-page\" data-elementor-id=\"6668\" class=\"elementor elementor-6668\" data-elementor-post-type=\"page\">\n\t\t\t\t<div class=\"elementor-element elementor-element-201a7b e-flex e-con-boxed e-con e-parent\" data-id=\"201a7b\" data-element_type=\"container\" data-e-type=\"container\">\n\t\t\t\t\t<div class=\"e-con-inner\">\n\t\t\t\t<div class=\"elementor-element elementor-element-3862fa4 elementor-widget elementor-widget-text-editor\" data-id=\"3862fa4\" data-element_type=\"widget\" data-e-type=\"widget\" data-widget_type=\"text-editor.default\">\n\t\t\t\t<div class=\"elementor-widget-container\">\n\t\t\t\t\t\t\t\t\t<p>Nachstehend finden Sie die von BESTWAY EUROPE S.p.A. mit Sitz in Via della Resistenza n. 5, San Giuliano Milanese (20098) &#8211; Mailand, Italien (im Folgenden \u201eBESTWAY\u201c genannt), angewandten Garantiebedingungen f\u00fcr Produkte, die innerhalb des Europ\u00e4ischen Wirtschaftsraums unter dem Markennamen BESTWAY verkauft werden.<\/p>\t\t\t\t\t\t\t\t<\/div>\n\t\t\t\t<\/div>\n\t\t\t\t\t<\/div>\n\t\t\t\t<\/div>\n\t\t<div class=\"elementor-element elementor-element-2d7f1d1b e-flex e-con-boxed e-con e-parent\" data-id=\"2d7f1d1b\" data-element_type=\"container\" data-e-type=\"container\">\n\t\t\t\t\t<div class=\"e-con-inner\">\n\t\t\t\t<div class=\"elementor-element elementor-element-7112739 elementor-widget elementor-widget-heading\" data-id=\"7112739\" data-element_type=\"widget\" data-e-type=\"widget\" data-widget_type=\"heading.default\">\n\t\t\t\t<div class=\"elementor-widget-container\">\n\t\t\t\t\t<h2 class=\"elementor-heading-title elementor-size-default\">Gesetzliche Garantie<\/h2>\t\t\t\t<\/div>\n\t\t\t\t<\/div>\n\t\t\t\t<div class=\"elementor-element elementor-element-0f3351f elementor-widget elementor-widget-text-editor\" data-id=\"0f3351f\" data-element_type=\"widget\" data-e-type=\"widget\" data-widget_type=\"text-editor.default\">\n\t\t\t\t<div class=\"elementor-widget-container\">\n\t\t\t\t\t\t\t\t\t<p>1.1 Die gesetzliche Gew\u00e4hrleistung wird durch die europ\u00e4ischen Richtlinien 1999\/44\/EC und 2019\/771\/EC gew\u00e4hrt, die darauf abzielen, den Verbraucher, wie nachstehend definiert, zu sch\u00fctzen, falls die gekauften Waren (\u201eProdukte\u201c) Konformit\u00e4tsm\u00e4ngel aufweisen.<\/p><ul class=\"points-list-blue\">\n<\/ul>\n<p>1.2 Gem\u00e4\u00df den vorgenannten europ\u00e4ischen Richtlinien ist ein Verbraucher jede nat\u00fcrliche Person, die ein Produkt zu Zwecken erwirbt, die nicht mit ihrem Gesch\u00e4ft, Handel, Handwerk oder Beruf zusammenh\u00e4ngen (der \u201eVerbraucher\u201c).<\/p>\n<p>1.3 Die gesetzliche vorgeschriebene Gew\u00e4hrleistungsfrist betr\u00e4gt ab Lieferung der Ware an den Verbraucher 24 Monate. Bitte beachten Sie, dass die in den Richtlinien genannten Bedingungen nicht f\u00fcr L\u00e4nder au\u00dferhalb des Europ\u00e4ischen Wirtschaftsraums gelten, in diesem Fall greift die lokale Gesetzgebung.<\/p>\n<p>1.4 Wenn der Verbraucher der Meinung ist, dass er ein Produkt mit einem Konformit\u00e4tsfehler erworben hat, muss er sich an seinen Einzelh\u00e4ndler wenden, um die entsprechende Gew\u00e4hrleistung in Anspruch zu nehmen.<\/p>\n<p>1.5 BESTWAY \u00fcbernimmt die Gew\u00e4hrleistung f\u00fcr etwaige Konformit\u00e4tsm\u00e4ngel der Produkte f\u00fcr jeden Verbraucher, der die Produkte direkt bei BESTWAY gekauft hat.<\/p>\t\t\t\t\t\t\t\t<\/div>\n\t\t\t\t<\/div>\n\t\t\t\t<div class=\"elementor-element elementor-element-1fe5510 elementor-widget elementor-widget-heading\" data-id=\"1fe5510\" data-element_type=\"widget\" data-e-type=\"widget\" data-widget_type=\"heading.default\">\n\t\t\t\t<div class=\"elementor-widget-container\">\n\t\t\t\t\t<h2 class=\"elementor-heading-title elementor-size-default\">Garantie des Herstellers\n<\/h2>\t\t\t\t<\/div>\n\t\t\t\t<\/div>\n\t\t\t\t<div class=\"elementor-element elementor-element-b5b3ff4 elementor-widget elementor-widget-text-editor\" data-id=\"b5b3ff4\" data-element_type=\"widget\" data-e-type=\"widget\" data-widget_type=\"text-editor.default\">\n\t\t\t\t<div class=\"elementor-widget-container\">\n\t\t\t\t\t\t\t\t\t<p>Vorbehaltlich der gesetzlich vorgesehenen Garantien und Vorrechte und unbeschadet der M\u00f6glichkeit des Verbrauchers, die oben genannte gesetzliche Garantie in Anspruch zu nehmen, bietet BESTWAY eine zus\u00e4tzliche Garantie (\u201eBESTWAY-Herstellergarantie\u201c) auf etwaige Vertragswidrigkeiten, die f\u00fcr eine begrenzte Anzahl von Produkten gilt.<\/p><p><a href=\"https:\/\/support.bestway.eu\/ch-de\/warranty\" target=\"_blank\" rel=\"noopener\">Klicken Sie hier<\/a>, um die Bedingungen, die abgedeckte Produktpalette und die Aktivierung der Garantie zu erfahren.<\/p>\t\t\t\t\t\t\t\t<\/div>\n\t\t\t\t<\/div>\n\t\t\t\t\t<\/div>\n\t\t\t\t<\/div>\n\t\t\t\t<\/div>\n\t\t","protected":false},"excerpt":{"rendered":"<p>Nachstehend finden Sie die von BESTWAY EUROPE S.p.A. mit Sitz in Via della Resistenza n. 5, San Giuliano Milanese (20098) &#8211; Mailand, Italien (im Folgenden \u201eBESTWAY\u201c genannt), angewandten Garantiebedingungen f\u00fcr Produkte, die innerhalb des Europ\u00e4ischen Wirtschaftsraums unter dem Markennamen BESTWAY verkauft werden. Gesetzliche Garantie 1.1 Die gesetzliche Gew\u00e4hrleistung wird durch die europ\u00e4ischen Richtlinien 1999\/44\/EC und [&hellip;]<\/p>\n","protected":false},"author":9,"featured_media":0,"parent":0,"menu_order":0,"comment_status":"closed","ping_status":"closed","template":"","meta":{"_acf_changed":false,"site-sidebar-layout":"no-sidebar","site-content-layout":"page-builder","ast-site-content-layout":"full-width-container","site-content-style":"default","site-sidebar-style":"default","ast-global-header-display":"","ast-banner-title-visibility":"","ast-main-header-display":"","ast-hfb-above-header-display":"","ast-hfb-below-header-display":"","ast-hfb-mobile-header-display":"","site-post-title":"disabled","ast-breadcrumbs-content":"","ast-featured-img":"disabled","footer-sml-layout":"","ast-disable-related-posts":"","theme-transparent-header-meta":"","adv-header-id-meta":"","stick-header-meta":"","header-above-stick-meta":"","header-main-stick-meta":"","header-below-stick-meta":"","astra-migrate-meta-layouts":"set","ast-page-background-enabled":"default","ast-page-background-meta":{"desktop":{"background-color":"var(--ast-global-color-4)","background-image":"","background-repeat":"repeat","background-position":"center center","background-size":"auto","background-attachment":"scroll","background-type":"","background-media":"","overlay-type":"","overlay-color":"","overlay-opacity":"","overlay-gradient":""},"tablet":{"background-color":"","background-image":"","background-repeat":"repeat","background-position":"center center","background-size":"auto","background-attachment":"scroll","background-type":"","background-media":"","overlay-type":"","overlay-color":"","overlay-opacity":"","overlay-gradient":""},"mobile":{"background-color":"","background-image":"","background-repeat":"repeat","background-position":"center center","background-size":"auto","background-attachment":"scroll","background-type":"","background-media":"","overlay-type":"","overlay-color":"","overlay-opacity":"","overlay-gradient":""}},"ast-content-background-meta":{"desktop":{"background-color":"var(--ast-global-color-5)","background-image":"","background-repeat":"repeat","background-position":"center center","background-size":"auto","background-attachment":"scroll","background-type":"","background-media":"","overlay-type":"","overlay-color":"","overlay-opacity":"","overlay-gradient":""},"tablet":{"background-color":"var(--ast-global-color-5)","background-image":"","background-repeat":"repeat","background-position":"center center","background-size":"auto","background-attachment":"scroll","background-type":"","background-media":"","overlay-type":"","overlay-color":"","overlay-opacity":"","overlay-gradient":""},"mobile":{"background-color":"var(--ast-global-color-5)","background-image":"","background-repeat":"repeat","background-position":"center center","background-size":"auto","background-attachment":"scroll","background-type":"","background-media":"","overlay-type":"","overlay-color":"","overlay-opacity":"","overlay-gradient":""}},"footnotes":""},"class_list":["post-6668","page","type-page","status-publish","hentry"],"acf":[],"yoast_head":"<!-- This site is optimized with the Yoast SEO plugin v27.4 - https:\/\/yoast.com\/product\/yoast-seo-wordpress\/ -->\n<title>Bestway-Garantie - Legal<\/title>\n<meta name=\"robots\" content=\"noindex, follow, max-snippet:-1, max-image-preview:large, max-video-preview:-1\" \/>\n<meta property=\"og:locale\" content=\"de_DE\" \/>\n<meta property=\"og:type\" content=\"article\" \/>\n<meta property=\"og:title\" content=\"Bestway-Garantie - Legal\" \/>\n<meta property=\"og:description\" content=\"Nachstehend finden Sie die von BESTWAY EUROPE S.p.A. mit Sitz in Via della Resistenza n. 5, San Giuliano Milanese (20098) &#8211; Mailand, Italien (im Folgenden \u201eBESTWAY\u201c genannt), angewandten Garantiebedingungen f\u00fcr Produkte, die innerhalb des Europ\u00e4ischen Wirtschaftsraums unter dem Markennamen BESTWAY verkauft werden. Gesetzliche Garantie 1.1 Die gesetzliche Gew\u00e4hrleistung wird durch die europ\u00e4ischen Richtlinien 1999\/44\/EC und [&hellip;]\" \/>\n<meta property=\"og:url\" content=\"https:\/\/legal.bestway.eu\/ch-de\/warranty-extension\/\" \/>\n<meta property=\"og:site_name\" content=\"Legal\" \/>\n<meta property=\"article:modified_time\" content=\"2026-02-10T09:58:32+00:00\" \/>\n<meta name=\"twitter:card\" content=\"summary_large_image\" \/>\n<meta name=\"twitter:label1\" content=\"Est. reading time\" \/>\n\t<meta name=\"twitter:data1\" content=\"2 minutes\" \/>\n<script type=\"application\/ld+json\" class=\"yoast-schema-graph\">{\"@context\":\"https:\\\/\\\/schema.org\",\"@graph\":[{\"@type\":\"WebPage\",\"@id\":\"https:\\\/\\\/legal.bestway.eu\\\/ch-de\\\/warranty-extension\\\/\",\"url\":\"https:\\\/\\\/legal.bestway.eu\\\/ch-de\\\/warranty-extension\\\/\",\"name\":\"Bestway-Garantie - Legal\",\"isPartOf\":{\"@id\":\"https:\\\/\\\/legal.bestway.eu\\\/ch-de\\\/#website\"},\"datePublished\":\"2023-10-24T09:15:40+00:00\",\"dateModified\":\"2026-02-10T09:58:32+00:00\",\"inLanguage\":\"de-ch\",\"potentialAction\":[{\"@type\":\"ReadAction\",\"target\":[\"https:\\\/\\\/legal.bestway.eu\\\/ch-de\\\/warranty-extension\\\/\"]}]},{\"@type\":\"WebSite\",\"@id\":\"https:\\\/\\\/legal.bestway.eu\\\/ch-de\\\/#website\",\"url\":\"https:\\\/\\\/legal.bestway.eu\\\/ch-de\\\/\",\"name\":\"Legal\",\"description\":\"Legal\",\"publisher\":{\"@id\":\"https:\\\/\\\/legal.bestway.eu\\\/ch-de\\\/#organization\"},\"potentialAction\":[{\"@type\":\"SearchAction\",\"target\":{\"@type\":\"EntryPoint\",\"urlTemplate\":\"https:\\\/\\\/legal.bestway.eu\\\/ch-de\\\/?s={search_term_string}\"},\"query-input\":{\"@type\":\"PropertyValueSpecification\",\"valueRequired\":true,\"valueName\":\"search_term_string\"}}],\"inLanguage\":\"de-ch\"},{\"@type\":\"Organization\",\"@id\":\"https:\\\/\\\/legal.bestway.eu\\\/ch-de\\\/#organization\",\"name\":\"Legal\",\"url\":\"https:\\\/\\\/legal.bestway.eu\\\/ch-de\\\/\",\"logo\":{\"@type\":\"ImageObject\",\"inLanguage\":\"de-ch\",\"@id\":\"https:\\\/\\\/legal.bestway.eu\\\/ch-de\\\/#\\\/schema\\\/logo\\\/image\\\/\",\"url\":\"https:\\\/\\\/legal.bestway.eu\\\/wp-content\\\/uploads\\\/sites\\\/2\\\/2023\\\/10\\\/bw-white-logo@2x.png\",\"contentUrl\":\"https:\\\/\\\/legal.bestway.eu\\\/wp-content\\\/uploads\\\/sites\\\/2\\\/2023\\\/10\\\/bw-white-logo@2x.png\",\"width\":348,\"height\":138,\"caption\":\"Legal\"},\"image\":{\"@id\":\"https:\\\/\\\/legal.bestway.eu\\\/ch-de\\\/#\\\/schema\\\/logo\\\/image\\\/\"}}]}<\/script>\n<!-- \/ Yoast SEO plugin. -->","yoast_head_json":{"title":"Bestway-Garantie - Legal","robots":{"index":"noindex","follow":"follow","max-snippet":"max-snippet:-1","max-image-preview":"max-image-preview:large","max-video-preview":"max-video-preview:-1"},"og_locale":"de_DE","og_type":"article","og_title":"Bestway-Garantie - Legal","og_description":"Nachstehend finden Sie die von BESTWAY EUROPE S.p.A. mit Sitz in Via della Resistenza n. 5, San Giuliano Milanese (20098) &#8211; Mailand, Italien (im Folgenden \u201eBESTWAY\u201c genannt), angewandten Garantiebedingungen f\u00fcr Produkte, die innerhalb des Europ\u00e4ischen Wirtschaftsraums unter dem Markennamen BESTWAY verkauft werden. Gesetzliche Garantie 1.1 Die gesetzliche Gew\u00e4hrleistung wird durch die europ\u00e4ischen Richtlinien 1999\/44\/EC und [&hellip;]","og_url":"https:\/\/legal.bestway.eu\/ch-de\/warranty-extension\/","og_site_name":"Legal","article_modified_time":"2026-02-10T09:58:32+00:00","twitter_card":"summary_large_image","twitter_misc":{"Est. reading time":"2 minutes"},"schema":{"@context":"https:\/\/schema.org","@graph":[{"@type":"WebPage","@id":"https:\/\/legal.bestway.eu\/ch-de\/warranty-extension\/","url":"https:\/\/legal.bestway.eu\/ch-de\/warranty-extension\/","name":"Bestway-Garantie - Legal","isPartOf":{"@id":"https:\/\/legal.bestway.eu\/ch-de\/#website"},"datePublished":"2023-10-24T09:15:40+00:00","dateModified":"2026-02-10T09:58:32+00:00","inLanguage":"de-ch","potentialAction":[{"@type":"ReadAction","target":["https:\/\/legal.bestway.eu\/ch-de\/warranty-extension\/"]}]},{"@type":"WebSite","@id":"https:\/\/legal.bestway.eu\/ch-de\/#website","url":"https:\/\/legal.bestway.eu\/ch-de\/","name":"Legal","description":"Legal","publisher":{"@id":"https:\/\/legal.bestway.eu\/ch-de\/#organization"},"potentialAction":[{"@type":"SearchAction","target":{"@type":"EntryPoint","urlTemplate":"https:\/\/legal.bestway.eu\/ch-de\/?s={search_term_string}"},"query-input":{"@type":"PropertyValueSpecification","valueRequired":true,"valueName":"search_term_string"}}],"inLanguage":"de-ch"},{"@type":"Organization","@id":"https:\/\/legal.bestway.eu\/ch-de\/#organization","name":"Legal","url":"https:\/\/legal.bestway.eu\/ch-de\/","logo":{"@type":"ImageObject","inLanguage":"de-ch","@id":"https:\/\/legal.bestway.eu\/ch-de\/#\/schema\/logo\/image\/","url":"https:\/\/legal.bestway.eu\/wp-content\/uploads\/sites\/2\/2023\/10\/bw-white-logo@2x.png","contentUrl":"https:\/\/legal.bestway.eu\/wp-content\/uploads\/sites\/2\/2023\/10\/bw-white-logo@2x.png","width":348,"height":138,"caption":"Legal"},"image":{"@id":"https:\/\/legal.bestway.eu\/ch-de\/#\/schema\/logo\/image\/"}}]}},"_links":{"self":[{"href":"https:\/\/legal.bestway.eu\/ch-de\/wp-json\/wp\/v2\/pages\/6668","targetHints":{"allow":["GET"]}}],"collection":[{"href":"https:\/\/legal.bestway.eu\/ch-de\/wp-json\/wp\/v2\/pages"}],"about":[{"href":"https:\/\/legal.bestway.eu\/ch-de\/wp-json\/wp\/v2\/types\/page"}],"author":[{"embeddable":true,"href":"https:\/\/legal.bestway.eu\/ch-de\/wp-json\/wp\/v2\/users\/9"}],"replies":[{"embeddable":true,"href":"https:\/\/legal.bestway.eu\/ch-de\/wp-json\/wp\/v2\/comments?post=6668"}],"version-history":[{"count":9,"href":"https:\/\/legal.bestway.eu\/ch-de\/wp-json\/wp\/v2\/pages\/6668\/revisions"}],"predecessor-version":[{"id":9055,"href":"https:\/\/legal.bestway.eu\/ch-de\/wp-json\/wp\/v2\/pages\/6668\/revisions\/9055"}],"wp:attachment":[{"href":"https:\/\/legal.bestway.eu\/ch-de\/wp-json\/wp\/v2\/media?parent=6668"}],"curies":[{"name":"wp","href":"https:\/\/api.w.org\/{rel}","templated":true}]}}