{"id":6602,"date":"2023-10-24T12:37:41","date_gmt":"2023-10-24T10:37:41","guid":{"rendered":"https:\/\/legal.bestway.eu\/?page_id=6602"},"modified":"2024-10-15T15:41:00","modified_gmt":"2024-10-15T13:41:00","slug":"privacy-notice","status":"publish","type":"page","link":"https:\/\/legal.bestway.eu\/ch-de\/privacy-notice\/","title":{"rendered":"Datenschutzrichtlinie &#8211; GDPR"},"content":{"rendered":"\t\t<div data-elementor-type=\"wp-page\" data-elementor-id=\"6602\" class=\"elementor elementor-6602\" data-elementor-post-type=\"page\">\n\t\t\t\t<div class=\"elementor-element elementor-element-4233c87e e-flex e-con-boxed e-con e-parent\" data-id=\"4233c87e\" data-element_type=\"container\" data-e-type=\"container\">\n\t\t\t\t\t<div class=\"e-con-inner\">\n\t\t\t\t<div class=\"elementor-element elementor-element-eeb32c3 elementor-widget elementor-widget-menu-anchor\" data-id=\"eeb32c3\" data-element_type=\"widget\" data-e-type=\"widget\" data-widget_type=\"menu-anchor.default\">\n\t\t\t\t<div class=\"elementor-widget-container\">\n\t\t\t\t\t\t\t<div class=\"elementor-menu-anchor\" id=\"BoxNewsletter\"><\/div>\n\t\t\t\t\t\t<\/div>\n\t\t\t\t<\/div>\n\t\t\t\t<div class=\"elementor-element elementor-element-3c097587 elementor-widget elementor-widget-heading\" data-id=\"3c097587\" data-element_type=\"widget\" data-e-type=\"widget\" data-widget_type=\"heading.default\">\n\t\t\t\t<div class=\"elementor-widget-container\">\n\t\t\t\t\t<h2 class=\"elementor-heading-title elementor-size-default\">Vermarktung<\/h2>\t\t\t\t<\/div>\n\t\t\t\t<\/div>\n\t\t\t\t<div class=\"elementor-element elementor-element-375d8ec elementor-widget elementor-widget-text-editor\" data-id=\"375d8ec\" data-element_type=\"widget\" data-e-type=\"widget\" data-widget_type=\"text-editor.default\">\n\t\t\t\t<div class=\"elementor-widget-container\">\n\t\t\t\t\t\t\t\t\t<p>Datenverantwortlicher: BESTWAY EUROPE S.P.A., mit Sitz in San Giuliano Milanese (Mi), via Resistenza 5 (&#8220;BESTWAY&#8221;), Italien.<\/p><p>DATENSCHUTZBEAUFTRAGTER: <a href=\"mailto:privacy@bestwaycorp.eu\">privacy@bestwaycorp.eu<\/a><\/p><p>Folgende Daten werden durch den Datenschutzbeauftragten zu folgenden Zwecken erhoben:<\/p><p>Ihre Daten k\u00f6nnen f\u00fcr Marketingzwecke weiterverarbeitet werden, und dienen so beispielsweise der Zusendung von diversen Newslettern mit Produktinformationen, Dienstleistungen, Veranstaltungen und Angeboten. Die Rechtsgrundlage f\u00fcr die Verarbeitung dieser Daten basiert vollumf\u00e4nglich auf Ihrer freiwilligen Zustimmung. Eine Verweigerung eben dieser hat lediglich zur Folge, dass Sie die oben genannten Mitteilungen nicht erhalten.<\/p><p>Ihre Daten werden gem\u00e4\u00df aller geltenden Rechtsvorschriften zum Schutz personenbezogener Daten (EU-Verordnung 679\/2016 oder &#8220;GDPR&#8221; in ihrer angepassten und erg\u00e4nzenden Fassung) in Papier- sowie elektronischer Form verarbeitet.<\/p><p>Die von Ihnen zur Verf\u00fcgung gestellten personenbezogenen Daten k\u00f6nnen an Dritte weitergegeben werden. Dazu z\u00e4hlen Personen, Verb\u00e4nde, Fachfirmen sowie Unternehmen, welche in beratender wie unterst\u00fctzender Funktion mit BESTWAY in Verbindung stehen. Dazu z\u00e4hlen im weiteren Sinne auch m\u00f6gliche nicht in der EU ans\u00e4ssige Unternehmen der BESTWAY-Gruppe. Diese Weitergabe darf nur dann erfolgen, wenn Personen in Ihrer T\u00e4tigkeit ordnungsgem\u00e4\u00df ernannt wurden und angemessene Garantien f\u00fcr den Schutz personenbezogener Daten bestehen. Dies gilt f\u00fcr zum Beispiel f\u00fcr Datenverarbeitende in gemeinsamer Verantwortung sowie in unabh\u00e4ngiger Position und BESTWAY-Personal, welche nur f\u00fcr die oben beschriebenen Zwecke als Datenverarbeitende eingesetzt werden. Eine vollst\u00e4ndige Liste der f\u00fcr die Datenverarbeitung verantwortlichen Personen sowie der entsprechenden Dritten, welche diese Daten erhalten k\u00f6nnen, ist auf Anfrage erh\u00e4ltlich.<\/p><p>In Bezug auf die Marketingzwecke werden Ihre Daten nicht l\u00e4nger als 8 Jahre ab dem Zeitpunkt Ihrer Zustimmung gespeichert. Diese k\u00f6nnen Sie zu jeder Zeit widerrufen. Klicken Sie zum \u201eAbbestellen\u201c einfach auf den in jeder E-Mail enthaltenen Link oder schreiben Sie eine E-Mail an <a href=\"mailto:privacy@bestwaycorp.eu\">privacy@bestwaycorp.eu<\/a>.<\/p><p>Sie haben jederzeit das Recht, alle in Art. 15 ff der Verordnung festgehaltenen Rechte geltend zu machen. Dazu z\u00e4hlt insbesondere das Recht auf Zugang zu Ihren personenbezogenen Daten, Berichtigung, L\u00f6schung, Widerspruch gegen die Verarbeitung, Daten\u00fcbertragbarkeit sowie das Recht auf Beschwerde bei der in Ihrem Land zust\u00e4ndigen Datenschutzbeh\u00f6rde (<a href=\"https:\/\/edpb.europa.eu\/about-edpb\/board\/members_en\" target=\"_blank\" rel=\"noopener\">https:\/\/edpb.europa.eu\/about-edpb\/board\/members_en<\/a>).<\/p><p>Die vorabgenannten Rechte k\u00f6nnen per E-Mail an <a href=\"mailto:privacy@bestwaycorp.eu\">privacy@bestwaycorp.eu<\/a> geltend gemacht werden.<\/p>\t\t\t\t\t\t\t\t<\/div>\n\t\t\t\t<\/div>\n\t\t\t\t\t<\/div>\n\t\t\t\t<\/div>\n\t\t<div class=\"elementor-element elementor-element-fc9e459 e-flex e-con-boxed e-con e-parent\" data-id=\"fc9e459\" data-element_type=\"container\" data-e-type=\"container\">\n\t\t\t\t\t<div class=\"e-con-inner\">\n\t\t\t\t<div class=\"elementor-element elementor-element-4ff1b8f6 elementor-widget elementor-widget-menu-anchor\" data-id=\"4ff1b8f6\" data-element_type=\"widget\" data-e-type=\"widget\" data-widget_type=\"menu-anchor.default\">\n\t\t\t\t<div class=\"elementor-widget-container\">\n\t\t\t\t\t\t\t<div class=\"elementor-menu-anchor\" id=\"Sitoassistenza\"><\/div>\n\t\t\t\t\t\t<\/div>\n\t\t\t\t<\/div>\n\t\t\t\t<div class=\"elementor-element elementor-element-33a4a549 elementor-widget elementor-widget-heading\" data-id=\"33a4a549\" data-element_type=\"widget\" data-e-type=\"widget\" data-widget_type=\"heading.default\">\n\t\t\t\t<div class=\"elementor-widget-container\">\n\t\t\t\t\t<h2 class=\"elementor-heading-title elementor-size-default\">Serviceseite<\/h2>\t\t\t\t<\/div>\n\t\t\t\t<\/div>\n\t\t\t\t<div class=\"elementor-element elementor-element-10d7938d elementor-widget elementor-widget-text-editor\" data-id=\"10d7938d\" data-element_type=\"widget\" data-e-type=\"widget\" data-widget_type=\"text-editor.default\">\n\t\t\t\t<div class=\"elementor-widget-container\">\n\t\t\t\t\t\t\t\t\t<p>Gem\u00e4\u00df der europ\u00e4ischen Datenschutz-Grundverordnung unter Ber\u00fccksichtigung alle \u00c4nderungen bzw. Erg\u00e4nzungen<\/p><p>Datenverantwortlicher: BESTWAY EUROPE S.P.A., mit Sitz in San Giuliano Milanese (Mi), via Resistenza 5 (&#8220;BESTWAY&#8221;), Italien.<\/p><p>DATENSCHUTZBEAUFTRAGTER: <a href=\"mailto:privacy@bestwaycorp.eu\">privacy@bestwaycorp.eu<\/a><\/p><p>Folgende Daten werden durch den Datenschutzbeauftragten zu folgenden Zwecken erhoben:<\/p><p>i) Vor- und Nachname, E-Mail-Adresse, Lieferadresse und Telefonnummer um Ihnen den Beschwerdemanagement-Service zur Verf\u00fcgung zu stellen; hierf\u00fcr er\u00f6ffnet sie f\u00fcr Sie ein personalisiertes Konto auf der BESTWAY-Website, auf das Sie durch die Eingabe Ihres Benutzernamens und Ihres Passworts Zugriff haben, die Ihnen per E-Mail mitgeteilt werden \u2013 wobei Sie letzteres beim ersten Zugriff \u00e4ndern m\u00fcssen \u2013 und nimmt zu verwaltungstechnischen und buchhalterischen Zwecken sowie zur Erf\u00fcllung gesetzlicher bzw. beh\u00f6rdlicher Auflagen Ihre Meldungen \u00fcber St\u00f6rungen bzw. Sch\u00e4den entgegen und verwaltet diese ordnungsgem\u00e4\u00df.<\/p><p>ii) zu Marketingzwecken, z.B. Zusendung von diversen Newslettern mit Produktinformationen, Dienstleistungen, Veranstaltungen und Angeboten, insofern Sie diesem vorab zugestimmt haben.<\/p><p>iii) basierend auf Ihrer Zustimmung k\u00f6nnen Informationen wie Geschlecht, Altersspanne, Besch\u00e4ftigungsstatus, Grund und Art des Produktkaufs sowie Anzahl der Kinder in Ihrem Haushalt zu statistischen Zwecken erfasst werden. Die von BESTWAY erhobenen Daten dienen dem Zweck, einen \u00dcberblick \u00fcber die Kundenbasis zu erhalten. Dabei wird darauf geachtet, keine Vorhersagen zu treffen oder individuelle Schlussfolgerungen zu ziehen, welche speziell auf einen einzelnen Kunden zugeschnitten sind. Der Fokus liegt hierbei nicht auf der Bewertung individueller Eigenschaften.<\/p><p>iv) Einladung per E-Mail zur Teilnahme an Produktumfragen, insofern Sie diesen vorab zugestimmt haben;<\/p><p>Die Verarbeitung der unter i) genannten Daten basiert auf der Erf\u00fcllung der vertraglichen bzw. gesch\u00e4ftlichen Bedingungen sowie der geltenden Rechtsvorschriften. Diese Daten sind obligatorisch, eine Zur\u00fcckhaltung kann dazu f\u00fchren, dass die von BESTWAY angeforderte Dienstleistung nicht erbracht werden kann. In Bezug auf die Punkte (ii), (iii) und (iv) beruht die Rechtsgrundlage f\u00fcr die Verarbeitung der dort genannten Daten, vollumf\u00e4nglich auf Ihrer freiwilligen Zustimmung. Eine Verweigerung hat lediglich zur Folge, dass Sie die oben genannten Mitteilungen nicht erhalten.<\/p><p>Ihre Daten werden gem\u00e4\u00df aller geltenden Rechtsvorschriften zum Schutz personenbezogener Daten (EU-Verordnung 679\/2016 oder &#8220;GDPR&#8221; in ihrer angepassten und erg\u00e4nzenden Fassung) in Papier- sowie elektronischer Form verarbeitet.<\/p><p>Die von Ihnen zur Verf\u00fcgung gestellten personenbezogenen Daten k\u00f6nnen an Dritte weitergegeben werden. Dazu z\u00e4hlen Personen, Verb\u00e4nde, Fachfirmen sowie Unternehmen, welche in beratender wie unterst\u00fctzender Funktion mit BESTWAY in Verbindung stehen. Dazu z\u00e4hlen im weiteren Sinne auch m\u00f6gliche nicht in der EU ans\u00e4ssige Unternehmen der BESTWAY-Gruppe. Diese Weitergabe darf nur dann erfolgen, wenn Personen in Ihrer T\u00e4tigkeit ordnungsgem\u00e4\u00df ernannt wurden und angemessene Garantien f\u00fcr den Schutz personenbezogener Daten bestehen. Dies gilt f\u00fcr zum Beispiel f\u00fcr Datenverarbeitende in gemeinsamer Verantwortung sowie in unabh\u00e4ngiger Position und BESTWAY-Personal, welche nur f\u00fcr die oben beschriebenen Zwecke als Datenverarbeitende eingesetzt werden. Eine vollst\u00e4ndige Liste der f\u00fcr die Datenverarbeitung verantwortlichen Personen sowie der entsprechenden Dritten, welche diese Daten erhalten k\u00f6nnen, ist auf Anfrage erh\u00e4ltlich.<\/p><p>F\u00fcr die Erf\u00fcllung der unter (i) beschriebenen gesetzlichen Verpflichtungen werden Ihre Daten auch nach Beendigung der vertraglichen oder gesch\u00e4ftlichen Beziehung mit BESTWAY f\u00fcr die Erf\u00fcllung aller damit verbundenen Vorgaben gespeichert. Dies umfasst zudem gesetzliche Verpflichtungen und Verj\u00e4hrungsfristen, die das geltende Recht f\u00fcr diesen Zweck vorsieht. Die Aufbewahrungsdauer betr\u00e4gt in jedem Fall nicht mehr als 10 Jahre.<\/p><p>In Bezug auf die unter (ii) beschriebenen Marketingzwecke werden Ihre Daten nicht l\u00e4nger als 8 Jahre ab dem Zeitpunkt Ihrer Zustimmung gespeichert. Diese k\u00f6nnen Sie zu jeder Zeit widerrufen. Klicken Sie zum \u201eAbbestellen\u201c einfach auf den in jeder E-Mail enthaltenen Link oder schreiben Sie eine E-Mail an <a href=\"mailto:privacy@bestwaycorp.eu\">privacy@bestwaycorp.eu<\/a>.<\/p><p>F\u00fcr die unter (iii) und (iv) beschriebenen statistischen Zwecke und Erhebungen werden Ihre Daten bis zu 8 Jahre lang ab dem Zeitpunkt Ihrer Zustimmung gespeichert.<\/p><p>Sie haben jederzeit das Recht, alle in Art. 15 ff der Verordnung festgehaltenen Rechte geltend zu machen. Dazu z\u00e4hlt insbesondere das Recht auf Zugang zu Ihren personenbezogenen Daten, Berichtigung, L\u00f6schung, Widerspruch gegen die Verarbeitung, Daten\u00fcbertragbarkeit sowie das Recht auf Beschwerde bei der in Ihrem Land zust\u00e4ndigen Datenschutzbeh\u00f6rde (<a href=\"https:\/\/edpb.europa.eu\/about-edpb\/board\/members_en\" target=\"_blank\" rel=\"noopener\">https:\/\/edpb.europa.eu\/about-edpb\/board\/members_en<\/a>).<\/p><p>Die vorabgenannten Rechte k\u00f6nnen per E-Mail an <a href=\"mailto:privacy@bestwaycorp.eu\">privacy@bestwaycorp.eu<\/a> geltend gemacht werden.<\/p>\t\t\t\t\t\t\t\t<\/div>\n\t\t\t\t<\/div>\n\t\t\t\t\t<\/div>\n\t\t\t\t<\/div>\n\t\t\t\t<\/div>\n\t\t","protected":false},"excerpt":{"rendered":"<p>Vermarktung Datenverantwortlicher: BESTWAY EUROPE S.P.A., mit Sitz in San Giuliano Milanese (Mi), via Resistenza 5 (&#8220;BESTWAY&#8221;), Italien. DATENSCHUTZBEAUFTRAGTER: privacy@bestwaycorp.eu Folgende Daten werden durch den Datenschutzbeauftragten zu folgenden Zwecken erhoben: Ihre Daten k\u00f6nnen f\u00fcr Marketingzwecke weiterverarbeitet werden, und dienen so beispielsweise der Zusendung von diversen Newslettern mit Produktinformationen, Dienstleistungen, Veranstaltungen und Angeboten. Die Rechtsgrundlage f\u00fcr die [&hellip;]<\/p>\n","protected":false},"author":9,"featured_media":0,"parent":0,"menu_order":0,"comment_status":"closed","ping_status":"closed","template":"","meta":{"_acf_changed":false,"site-sidebar-layout":"no-sidebar","site-content-layout":"page-builder","ast-site-content-layout":"full-width-container","site-content-style":"default","site-sidebar-style":"default","ast-global-header-display":"","ast-banner-title-visibility":"","ast-main-header-display":"","ast-hfb-above-header-display":"","ast-hfb-below-header-display":"","ast-hfb-mobile-header-display":"","site-post-title":"","ast-breadcrumbs-content":"","ast-featured-img":"disabled","footer-sml-layout":"","ast-disable-related-posts":"","theme-transparent-header-meta":"","adv-header-id-meta":"","stick-header-meta":"","header-above-stick-meta":"","header-main-stick-meta":"","header-below-stick-meta":"","astra-migrate-meta-layouts":"set","ast-page-background-enabled":"default","ast-page-background-meta":{"desktop":{"background-color":"var(--ast-global-color-4)","background-image":"","background-repeat":"repeat","background-position":"center center","background-size":"auto","background-attachment":"scroll","background-type":"","background-media":"","overlay-type":"","overlay-color":"","overlay-opacity":"","overlay-gradient":""},"tablet":{"background-color":"","background-image":"","background-repeat":"repeat","background-position":"center center","background-size":"auto","background-attachment":"scroll","background-type":"","background-media":"","overlay-type":"","overlay-color":"","overlay-opacity":"","overlay-gradient":""},"mobile":{"background-color":"","background-image":"","background-repeat":"repeat","background-position":"center center","background-size":"auto","background-attachment":"scroll","background-type":"","background-media":"","overlay-type":"","overlay-color":"","overlay-opacity":"","overlay-gradient":""}},"ast-content-background-meta":{"desktop":{"background-color":"var(--ast-global-color-5)","background-image":"","background-repeat":"repeat","background-position":"center center","background-size":"auto","background-attachment":"scroll","background-type":"","background-media":"","overlay-type":"","overlay-color":"","overlay-opacity":"","overlay-gradient":""},"tablet":{"background-color":"var(--ast-global-color-5)","background-image":"","background-repeat":"repeat","background-position":"center center","background-size":"auto","background-attachment":"scroll","background-type":"","background-media":"","overlay-type":"","overlay-color":"","overlay-opacity":"","overlay-gradient":""},"mobile":{"background-color":"var(--ast-global-color-5)","background-image":"","background-repeat":"repeat","background-position":"center center","background-size":"auto","background-attachment":"scroll","background-type":"","background-media":"","overlay-type":"","overlay-color":"","overlay-opacity":"","overlay-gradient":""}},"footnotes":""},"class_list":["post-6602","page","type-page","status-publish","hentry"],"acf":[],"yoast_head":"<!-- This site is optimized with the Yoast SEO plugin v27.4 - https:\/\/yoast.com\/product\/yoast-seo-wordpress\/ -->\n<title>Datenschutzrichtlinie - GDPR - Legal<\/title>\n<meta name=\"robots\" content=\"noindex, follow, max-snippet:-1, max-image-preview:large, max-video-preview:-1\" \/>\n<meta property=\"og:locale\" content=\"de_DE\" \/>\n<meta property=\"og:type\" content=\"article\" \/>\n<meta property=\"og:title\" content=\"Datenschutzrichtlinie - GDPR - Legal\" \/>\n<meta property=\"og:description\" content=\"Vermarktung Datenverantwortlicher: BESTWAY EUROPE S.P.A., mit Sitz in San Giuliano Milanese (Mi), via Resistenza 5 (&#8220;BESTWAY&#8221;), Italien. DATENSCHUTZBEAUFTRAGTER: privacy@bestwaycorp.eu Folgende Daten werden durch den Datenschutzbeauftragten zu folgenden Zwecken erhoben: Ihre Daten k\u00f6nnen f\u00fcr Marketingzwecke weiterverarbeitet werden, und dienen so beispielsweise der Zusendung von diversen Newslettern mit Produktinformationen, Dienstleistungen, Veranstaltungen und Angeboten. Die Rechtsgrundlage f\u00fcr die [&hellip;]\" \/>\n<meta property=\"og:url\" content=\"https:\/\/legal.bestway.eu\/ch-de\/privacy-notice\/\" \/>\n<meta property=\"og:site_name\" content=\"Legal\" \/>\n<meta property=\"article:modified_time\" content=\"2024-10-15T13:41:00+00:00\" \/>\n<meta name=\"twitter:card\" content=\"summary_large_image\" \/>\n<meta name=\"twitter:label1\" content=\"Est. reading time\" \/>\n\t<meta name=\"twitter:data1\" content=\"6 minutes\" \/>\n<script type=\"application\/ld+json\" class=\"yoast-schema-graph\">{\"@context\":\"https:\\\/\\\/schema.org\",\"@graph\":[{\"@type\":\"WebPage\",\"@id\":\"https:\\\/\\\/legal.bestway.eu\\\/ch-de\\\/privacy-notice\\\/\",\"url\":\"https:\\\/\\\/legal.bestway.eu\\\/ch-de\\\/privacy-notice\\\/\",\"name\":\"Datenschutzrichtlinie - GDPR - Legal\",\"isPartOf\":{\"@id\":\"https:\\\/\\\/legal.bestway.eu\\\/ch-de\\\/#website\"},\"datePublished\":\"2023-10-24T10:37:41+00:00\",\"dateModified\":\"2024-10-15T13:41:00+00:00\",\"inLanguage\":\"de-ch\",\"potentialAction\":[{\"@type\":\"ReadAction\",\"target\":[\"https:\\\/\\\/legal.bestway.eu\\\/ch-de\\\/privacy-notice\\\/\"]}]},{\"@type\":\"WebSite\",\"@id\":\"https:\\\/\\\/legal.bestway.eu\\\/ch-de\\\/#website\",\"url\":\"https:\\\/\\\/legal.bestway.eu\\\/ch-de\\\/\",\"name\":\"Legal\",\"description\":\"Legal\",\"publisher\":{\"@id\":\"https:\\\/\\\/legal.bestway.eu\\\/ch-de\\\/#organization\"},\"potentialAction\":[{\"@type\":\"SearchAction\",\"target\":{\"@type\":\"EntryPoint\",\"urlTemplate\":\"https:\\\/\\\/legal.bestway.eu\\\/ch-de\\\/?s={search_term_string}\"},\"query-input\":{\"@type\":\"PropertyValueSpecification\",\"valueRequired\":true,\"valueName\":\"search_term_string\"}}],\"inLanguage\":\"de-ch\"},{\"@type\":\"Organization\",\"@id\":\"https:\\\/\\\/legal.bestway.eu\\\/ch-de\\\/#organization\",\"name\":\"Legal\",\"url\":\"https:\\\/\\\/legal.bestway.eu\\\/ch-de\\\/\",\"logo\":{\"@type\":\"ImageObject\",\"inLanguage\":\"de-ch\",\"@id\":\"https:\\\/\\\/legal.bestway.eu\\\/ch-de\\\/#\\\/schema\\\/logo\\\/image\\\/\",\"url\":\"https:\\\/\\\/legal.bestway.eu\\\/wp-content\\\/uploads\\\/sites\\\/2\\\/2023\\\/10\\\/bw-white-logo@2x.png\",\"contentUrl\":\"https:\\\/\\\/legal.bestway.eu\\\/wp-content\\\/uploads\\\/sites\\\/2\\\/2023\\\/10\\\/bw-white-logo@2x.png\",\"width\":348,\"height\":138,\"caption\":\"Legal\"},\"image\":{\"@id\":\"https:\\\/\\\/legal.bestway.eu\\\/ch-de\\\/#\\\/schema\\\/logo\\\/image\\\/\"}}]}<\/script>\n<!-- \/ Yoast SEO plugin. -->","yoast_head_json":{"title":"Datenschutzrichtlinie - GDPR - Legal","robots":{"index":"noindex","follow":"follow","max-snippet":"max-snippet:-1","max-image-preview":"max-image-preview:large","max-video-preview":"max-video-preview:-1"},"og_locale":"de_DE","og_type":"article","og_title":"Datenschutzrichtlinie - GDPR - Legal","og_description":"Vermarktung Datenverantwortlicher: BESTWAY EUROPE S.P.A., mit Sitz in San Giuliano Milanese (Mi), via Resistenza 5 (&#8220;BESTWAY&#8221;), Italien. DATENSCHUTZBEAUFTRAGTER: privacy@bestwaycorp.eu Folgende Daten werden durch den Datenschutzbeauftragten zu folgenden Zwecken erhoben: Ihre Daten k\u00f6nnen f\u00fcr Marketingzwecke weiterverarbeitet werden, und dienen so beispielsweise der Zusendung von diversen Newslettern mit Produktinformationen, Dienstleistungen, Veranstaltungen und Angeboten. Die Rechtsgrundlage f\u00fcr die [&hellip;]","og_url":"https:\/\/legal.bestway.eu\/ch-de\/privacy-notice\/","og_site_name":"Legal","article_modified_time":"2024-10-15T13:41:00+00:00","twitter_card":"summary_large_image","twitter_misc":{"Est. reading time":"6 minutes"},"schema":{"@context":"https:\/\/schema.org","@graph":[{"@type":"WebPage","@id":"https:\/\/legal.bestway.eu\/ch-de\/privacy-notice\/","url":"https:\/\/legal.bestway.eu\/ch-de\/privacy-notice\/","name":"Datenschutzrichtlinie - GDPR - Legal","isPartOf":{"@id":"https:\/\/legal.bestway.eu\/ch-de\/#website"},"datePublished":"2023-10-24T10:37:41+00:00","dateModified":"2024-10-15T13:41:00+00:00","inLanguage":"de-ch","potentialAction":[{"@type":"ReadAction","target":["https:\/\/legal.bestway.eu\/ch-de\/privacy-notice\/"]}]},{"@type":"WebSite","@id":"https:\/\/legal.bestway.eu\/ch-de\/#website","url":"https:\/\/legal.bestway.eu\/ch-de\/","name":"Legal","description":"Legal","publisher":{"@id":"https:\/\/legal.bestway.eu\/ch-de\/#organization"},"potentialAction":[{"@type":"SearchAction","target":{"@type":"EntryPoint","urlTemplate":"https:\/\/legal.bestway.eu\/ch-de\/?s={search_term_string}"},"query-input":{"@type":"PropertyValueSpecification","valueRequired":true,"valueName":"search_term_string"}}],"inLanguage":"de-ch"},{"@type":"Organization","@id":"https:\/\/legal.bestway.eu\/ch-de\/#organization","name":"Legal","url":"https:\/\/legal.bestway.eu\/ch-de\/","logo":{"@type":"ImageObject","inLanguage":"de-ch","@id":"https:\/\/legal.bestway.eu\/ch-de\/#\/schema\/logo\/image\/","url":"https:\/\/legal.bestway.eu\/wp-content\/uploads\/sites\/2\/2023\/10\/bw-white-logo@2x.png","contentUrl":"https:\/\/legal.bestway.eu\/wp-content\/uploads\/sites\/2\/2023\/10\/bw-white-logo@2x.png","width":348,"height":138,"caption":"Legal"},"image":{"@id":"https:\/\/legal.bestway.eu\/ch-de\/#\/schema\/logo\/image\/"}}]}},"_links":{"self":[{"href":"https:\/\/legal.bestway.eu\/ch-de\/wp-json\/wp\/v2\/pages\/6602","targetHints":{"allow":["GET"]}}],"collection":[{"href":"https:\/\/legal.bestway.eu\/ch-de\/wp-json\/wp\/v2\/pages"}],"about":[{"href":"https:\/\/legal.bestway.eu\/ch-de\/wp-json\/wp\/v2\/types\/page"}],"author":[{"embeddable":true,"href":"https:\/\/legal.bestway.eu\/ch-de\/wp-json\/wp\/v2\/users\/9"}],"replies":[{"embeddable":true,"href":"https:\/\/legal.bestway.eu\/ch-de\/wp-json\/wp\/v2\/comments?post=6602"}],"version-history":[{"count":4,"href":"https:\/\/legal.bestway.eu\/ch-de\/wp-json\/wp\/v2\/pages\/6602\/revisions"}],"predecessor-version":[{"id":6608,"href":"https:\/\/legal.bestway.eu\/ch-de\/wp-json\/wp\/v2\/pages\/6602\/revisions\/6608"}],"wp:attachment":[{"href":"https:\/\/legal.bestway.eu\/ch-de\/wp-json\/wp\/v2\/media?parent=6602"}],"curies":[{"name":"wp","href":"https:\/\/api.w.org\/{rel}","templated":true}]}}