{"id":5656,"date":"2023-10-24T11:15:40","date_gmt":"2023-10-24T09:15:40","guid":{"rendered":"https:\/\/legal.bestway.eu\/?page_id=5656"},"modified":"2026-02-10T10:50:41","modified_gmt":"2026-02-10T09:50:41","slug":"warranty-extension","status":"publish","type":"page","link":"https:\/\/legal.bestway.eu\/be-fr\/warranty-extension\/","title":{"rendered":"Garantie Bestway\u00a0"},"content":{"rendered":"\t\t<div data-elementor-type=\"wp-page\" data-elementor-id=\"5656\" class=\"elementor elementor-5656\" data-elementor-post-type=\"page\">\n\t\t\t\t<div class=\"elementor-element elementor-element-201a7b e-flex e-con-boxed e-con e-parent\" data-id=\"201a7b\" data-element_type=\"container\" data-e-type=\"container\">\n\t\t\t\t\t<div class=\"e-con-inner\">\n\t\t\t\t<div class=\"elementor-element elementor-element-3862fa4 elementor-widget elementor-widget-text-editor\" data-id=\"3862fa4\" data-element_type=\"widget\" data-e-type=\"widget\" data-widget_type=\"text-editor.default\">\n\t\t\t\t<div class=\"elementor-widget-container\">\n\t\t\t\t\t\t\t\t\t<p>Vous trouverez ci-dessous les conditions de garantie appliqu\u00e9es par BESTWAY EUROPE S.p.A. dont le si\u00e8ge social est situ\u00e9 Via della Resistenza n. 5, San Giuliano Milanese (20098) \u2013 Milan, Italie (ci-apr\u00e8s \u00ab BESTWAY \u00bb), sur les produits vendus dans l\u2019Espace \u00e9conomique europ\u00e9en sous la marque BESTWAY.<\/p>\t\t\t\t\t\t\t\t<\/div>\n\t\t\t\t<\/div>\n\t\t\t\t\t<\/div>\n\t\t\t\t<\/div>\n\t\t<div class=\"elementor-element elementor-element-2d7f1d1b e-flex e-con-boxed e-con e-parent\" data-id=\"2d7f1d1b\" data-element_type=\"container\" data-e-type=\"container\">\n\t\t\t\t\t<div class=\"e-con-inner\">\n\t\t\t\t<div class=\"elementor-element elementor-element-2b19393 elementor-widget elementor-widget-heading\" data-id=\"2b19393\" data-element_type=\"widget\" data-e-type=\"widget\" data-widget_type=\"heading.default\">\n\t\t\t\t<div class=\"elementor-widget-container\">\n\t\t\t\t\t<h2 class=\"elementor-heading-title elementor-size-default\">Extension de garantie<\/h2>\t\t\t\t<\/div>\n\t\t\t\t<\/div>\n\t\t\t\t<div class=\"elementor-element elementor-element-45a226b elementor-widget elementor-widget-text-editor\" data-id=\"45a226b\" data-element_type=\"widget\" data-e-type=\"widget\" data-widget_type=\"text-editor.default\">\n\t\t\t\t<div class=\"elementor-widget-container\">\n\t\t\t\t\t\t\t\t\t<p>Vous pouvez b\u00e9n\u00e9ficier, sur une s\u00e9lection de produits, d&#8217;une assistance particuli\u00e8re suppl\u00e9mentaire de 6 (six) mois en plus des 2 (deux) ans de garantie l\u00e9gale.<\/p><p>La garantie compl\u00e9mentaire laisse intacts les droits du consommateur pr\u00e9vus dans les Conditions G\u00e9n\u00e9rales de la garantie conventionnelle propos\u00e9e par Bestway ainsi que les droits reconnus par la directive n\u00b0. 771\/2019\/UE du Parlement europ\u00e9en et du Conseil du 25 mai 1999 sur la vente et les garanties des biens de consommation. Cette garantie constitue un service suppl\u00e9mentaire mis \u00e0 la disposition du consommateur. A cet \u00e9gard, veuillez vous r\u00e9f\u00e9rer int\u00e9gralement \u00e0 nos conditions g\u00e9n\u00e9rales de vente sur la garantie l\u00e9gale de conformit\u00e9.<\/p><p>L&#8217;enregistrement du produit est obligatoirement requis dans les 30 (trente) jours suivant l&#8217;achat, sur le lien : Extension de garantie Bestway. <a href=\"https:\/\/event.bestwaycorp.com\/Registration\/fr-be\" target=\"_blank\" rel=\"noopener\">Extension de garantie Bestway (bestwaycorp.com)<\/a><\/p><p>Pour plus d\u2019informations, vous pouvez parler directement \u00e0 notre Chatbot qui vous apportera toute l\u2019assistance n\u00e9cessaire.<\/p><p>La prestation d&#8217;assistance compl\u00e9mentaire est valable pendant 6 (six) mois \u00e0 compter de la date d&#8217;expiration de la p\u00e9riode de vingt-quatre mois pr\u00e9vue comme dur\u00e9e de validit\u00e9 de la garantie l\u00e9gale. Vous pourrez b\u00e9n\u00e9ficier du service d\u2019assistance suppl\u00e9mentaire aussi bien dans le cas d\u2019un achat effectu\u00e9 en magasin physique qu\u2019en ligne. Dans le cas o\u00f9 l&#8217;achat a \u00e9t\u00e9 effectu\u00e9 sur le site e-commerce officiel Bestway, il pourra \u00eatre affirm\u00e9 et ne sera effectif qu&#8217;avec le re\u00e7u d&#8217;achat correspondant.<\/p><p>Les donn\u00e9es personnelles saisies par l&#8217;acheteur dans le formulaire en ligne pour activer une assistance compl\u00e9mentaire seront trait\u00e9es par Bestway conform\u00e9ment aux dispositions en vigueur en utilisant des m\u00e9thodes papier et \u00e9lectroniques exclusivement pour l&#8217;assistance demand\u00e9e.<\/p>\t\t\t\t\t\t\t\t<\/div>\n\t\t\t\t<\/div>\n\t\t\t\t<div class=\"elementor-element elementor-element-7112739 elementor-widget elementor-widget-heading\" data-id=\"7112739\" data-element_type=\"widget\" data-e-type=\"widget\" data-widget_type=\"heading.default\">\n\t\t\t\t<div class=\"elementor-widget-container\">\n\t\t\t\t\t<h2 class=\"elementor-heading-title elementor-size-default\">Garantie l\u00e9gale<\/h2>\t\t\t\t<\/div>\n\t\t\t\t<\/div>\n\t\t\t\t<div class=\"elementor-element elementor-element-0f3351f elementor-widget elementor-widget-text-editor\" data-id=\"0f3351f\" data-element_type=\"widget\" data-e-type=\"widget\" data-widget_type=\"text-editor.default\">\n\t\t\t\t<div class=\"elementor-widget-container\">\n\t\t\t\t\t\t\t\t\t<p>1.1 La garantie l\u00e9gale est pr\u00e9vue par les directives europ\u00e9ennes 1999\/44\/EC et 2019\/771\/EC, qui visent \u00e0 prot\u00e9ger le Consommateur, tel que d\u00e9fini ci-apr\u00e8s, dans le cas o\u00f9 les biens achet\u00e9s (\u00ab Produits \u00bb) pr\u00e9sentent des d\u00e9fauts de conformit\u00e9.<\/p>\n<p>1.2 Conform\u00e9ment aux directives europ\u00e9ennes pr\u00e9cit\u00e9es, le Consommateur est toute personne physique qui ach\u00e8te un Produit \u00e0 des fins non li\u00e9es \u00e0 son activit\u00e9, son activit\u00e9 commerciale, son m\u00e9tier, son artisanat ou sa profession (le \u00ab Consommateur \u00bb).<\/p>\n<p>1.3 La garantie l\u00e9gale est d\u2019une dur\u00e9e de 24 mois \u00e0 compter de la livraison des biens au consommateur. Veuillez noter que les conditions stipul\u00e9es dans les directives mentionn\u00e9es ne s\u2019appliquent pas en dehors des pays de l\u2019Espace \u00e9conomique europ\u00e9en pour lesquels la l\u00e9gislation locale pertinente s\u2019applique.<\/p>\n<p>1.4 Si le Consommateur estime qu\u2019il a achet\u00e9 un Produit avec un d\u00e9faut de conformit\u00e9, le Consommateur doit contacter son d\u00e9taillant pour utiliser la garantie correspondante.<\/p>\n<p>1.5 BESTWAY doit fournir la garantie, pour tout d\u00e9faut \u00e9ventuel de conformit\u00e9 des Produits, \u00e0 tout Consommateur qui a achet\u00e9 les Produits directement aupr\u00e8s de BESTWAY lui-m\u00eame.<\/p>\t\t\t\t\t\t\t\t<\/div>\n\t\t\t\t<\/div>\n\t\t\t\t<div class=\"elementor-element elementor-element-1fe5510 elementor-widget elementor-widget-heading\" data-id=\"1fe5510\" data-element_type=\"widget\" data-e-type=\"widget\" data-widget_type=\"heading.default\">\n\t\t\t\t<div class=\"elementor-widget-container\">\n\t\t\t\t\t<h2 class=\"elementor-heading-title elementor-size-default\">Garantie du fabricant<\/h2>\t\t\t\t<\/div>\n\t\t\t\t<\/div>\n\t\t\t\t<div class=\"elementor-element elementor-element-b5b3ff4 elementor-widget elementor-widget-text-editor\" data-id=\"b5b3ff4\" data-element_type=\"widget\" data-e-type=\"widget\" data-widget_type=\"text-editor.default\">\n\t\t\t\t<div class=\"elementor-widget-container\">\n\t\t\t\t\t\t\t\t\t<p>Sans pr\u00e9judice des garanties et pr\u00e9rogatives pr\u00e9vues par la loi et sans pr\u00e9judice de la facult\u00e9 du Consommateur de se pr\u00e9valoir de la garantie l\u00e9gale mentionn\u00e9e ci-dessus, BESTWAY accorde une garantie suppl\u00e9mentaire (ci-apr\u00e8s la \u00ab Garantie du fabricant BESTWAY \u00bb) concernant d\u2019\u00e9ventuels d\u00e9fauts de conformit\u00e9, \u00e0 l\u2019\u00e9gard d\u2019un \u00e9ventail de produits limit\u00e9s.<\/p><p><a href=\"https:\/\/support.bestway.eu\/be-fr\/warranty\" target=\"_blank\" rel=\"noopener\">Cliquez ici<\/a> pour conna\u00eetre les modalit\u00e9s, la gamme de produits couverts et les modalit\u00e9s d\u2019activation.<\/p>\t\t\t\t\t\t\t\t<\/div>\n\t\t\t\t<\/div>\n\t\t\t\t\t<\/div>\n\t\t\t\t<\/div>\n\t\t\t\t<\/div>\n\t\t","protected":false},"excerpt":{"rendered":"<p>Vous trouverez ci-dessous les conditions de garantie appliqu\u00e9es par BESTWAY EUROPE S.p.A. dont le si\u00e8ge social est situ\u00e9 Via della Resistenza n. 5, San Giuliano Milanese (20098) \u2013 Milan, Italie (ci-apr\u00e8s \u00ab BESTWAY \u00bb), sur les produits vendus dans l\u2019Espace \u00e9conomique europ\u00e9en sous la marque BESTWAY. Extension de garantie Vous pouvez b\u00e9n\u00e9ficier, sur une s\u00e9lection [&hellip;]<\/p>\n","protected":false},"author":1,"featured_media":0,"parent":0,"menu_order":0,"comment_status":"closed","ping_status":"closed","template":"","meta":{"_acf_changed":false,"site-sidebar-layout":"no-sidebar","site-content-layout":"page-builder","ast-site-content-layout":"full-width-container","site-content-style":"default","site-sidebar-style":"default","ast-global-header-display":"","ast-banner-title-visibility":"","ast-main-header-display":"","ast-hfb-above-header-display":"","ast-hfb-below-header-display":"","ast-hfb-mobile-header-display":"","site-post-title":"disabled","ast-breadcrumbs-content":"","ast-featured-img":"disabled","footer-sml-layout":"","ast-disable-related-posts":"","theme-transparent-header-meta":"","adv-header-id-meta":"","stick-header-meta":"","header-above-stick-meta":"","header-main-stick-meta":"","header-below-stick-meta":"","astra-migrate-meta-layouts":"set","ast-page-background-enabled":"default","ast-page-background-meta":{"desktop":{"background-color":"var(--ast-global-color-4)","background-image":"","background-repeat":"repeat","background-position":"center center","background-size":"auto","background-attachment":"scroll","background-type":"","background-media":"","overlay-type":"","overlay-color":"","overlay-opacity":"","overlay-gradient":""},"tablet":{"background-color":"","background-image":"","background-repeat":"repeat","background-position":"center center","background-size":"auto","background-attachment":"scroll","background-type":"","background-media":"","overlay-type":"","overlay-color":"","overlay-opacity":"","overlay-gradient":""},"mobile":{"background-color":"","background-image":"","background-repeat":"repeat","background-position":"center center","background-size":"auto","background-attachment":"scroll","background-type":"","background-media":"","overlay-type":"","overlay-color":"","overlay-opacity":"","overlay-gradient":""}},"ast-content-background-meta":{"desktop":{"background-color":"var(--ast-global-color-5)","background-image":"","background-repeat":"repeat","background-position":"center center","background-size":"auto","background-attachment":"scroll","background-type":"","background-media":"","overlay-type":"","overlay-color":"","overlay-opacity":"","overlay-gradient":""},"tablet":{"background-color":"var(--ast-global-color-5)","background-image":"","background-repeat":"repeat","background-position":"center center","background-size":"auto","background-attachment":"scroll","background-type":"","background-media":"","overlay-type":"","overlay-color":"","overlay-opacity":"","overlay-gradient":""},"mobile":{"background-color":"var(--ast-global-color-5)","background-image":"","background-repeat":"repeat","background-position":"center center","background-size":"auto","background-attachment":"scroll","background-type":"","background-media":"","overlay-type":"","overlay-color":"","overlay-opacity":"","overlay-gradient":""}},"footnotes":""},"class_list":["post-5656","page","type-page","status-publish","hentry"],"acf":[],"yoast_head":"<!-- This site is optimized with the Yoast SEO plugin v27.4 - https:\/\/yoast.com\/product\/yoast-seo-wordpress\/ -->\n<title>Garantie Bestway\u00a0 - Legal<\/title>\n<meta name=\"robots\" content=\"noindex, follow, max-snippet:-1, max-image-preview:large, max-video-preview:-1\" \/>\n<meta property=\"og:locale\" content=\"en_US\" \/>\n<meta property=\"og:type\" content=\"article\" \/>\n<meta property=\"og:title\" content=\"Garantie Bestway\u00a0 - Legal\" \/>\n<meta property=\"og:description\" content=\"Vous trouverez ci-dessous les conditions de garantie appliqu\u00e9es par BESTWAY EUROPE S.p.A. dont le si\u00e8ge social est situ\u00e9 Via della Resistenza n. 5, San Giuliano Milanese (20098) \u2013 Milan, Italie (ci-apr\u00e8s \u00ab BESTWAY \u00bb), sur les produits vendus dans l\u2019Espace \u00e9conomique europ\u00e9en sous la marque BESTWAY. Extension de garantie Vous pouvez b\u00e9n\u00e9ficier, sur une s\u00e9lection [&hellip;]\" \/>\n<meta property=\"og:url\" content=\"https:\/\/legal.bestway.eu\/be-fr\/warranty-extension\/\" \/>\n<meta property=\"og:site_name\" content=\"Legal\" \/>\n<meta property=\"article:modified_time\" content=\"2026-02-10T09:50:41+00:00\" \/>\n<meta name=\"twitter:card\" content=\"summary_large_image\" \/>\n<meta name=\"twitter:label1\" content=\"Est. reading time\" \/>\n\t<meta name=\"twitter:data1\" content=\"4 minutes\" \/>\n<script type=\"application\/ld+json\" class=\"yoast-schema-graph\">{\"@context\":\"https:\\\/\\\/schema.org\",\"@graph\":[{\"@type\":\"WebPage\",\"@id\":\"https:\\\/\\\/legal.bestway.eu\\\/be-fr\\\/warranty-extension\\\/\",\"url\":\"https:\\\/\\\/legal.bestway.eu\\\/be-fr\\\/warranty-extension\\\/\",\"name\":\"Garantie Bestway\u00a0 - Legal\",\"isPartOf\":{\"@id\":\"https:\\\/\\\/legal.bestway.eu\\\/be-fr\\\/#website\"},\"datePublished\":\"2023-10-24T09:15:40+00:00\",\"dateModified\":\"2026-02-10T09:50:41+00:00\",\"inLanguage\":\"be-fr\",\"potentialAction\":[{\"@type\":\"ReadAction\",\"target\":[\"https:\\\/\\\/legal.bestway.eu\\\/be-fr\\\/warranty-extension\\\/\"]}]},{\"@type\":\"WebSite\",\"@id\":\"https:\\\/\\\/legal.bestway.eu\\\/be-fr\\\/#website\",\"url\":\"https:\\\/\\\/legal.bestway.eu\\\/be-fr\\\/\",\"name\":\"Legal\",\"description\":\"Legal\",\"publisher\":{\"@id\":\"https:\\\/\\\/legal.bestway.eu\\\/be-fr\\\/#organization\"},\"potentialAction\":[{\"@type\":\"SearchAction\",\"target\":{\"@type\":\"EntryPoint\",\"urlTemplate\":\"https:\\\/\\\/legal.bestway.eu\\\/be-fr\\\/?s={search_term_string}\"},\"query-input\":{\"@type\":\"PropertyValueSpecification\",\"valueRequired\":true,\"valueName\":\"search_term_string\"}}],\"inLanguage\":\"be-fr\"},{\"@type\":\"Organization\",\"@id\":\"https:\\\/\\\/legal.bestway.eu\\\/be-fr\\\/#organization\",\"name\":\"Legal\",\"url\":\"https:\\\/\\\/legal.bestway.eu\\\/be-fr\\\/\",\"logo\":{\"@type\":\"ImageObject\",\"inLanguage\":\"be-fr\",\"@id\":\"https:\\\/\\\/legal.bestway.eu\\\/be-fr\\\/#\\\/schema\\\/logo\\\/image\\\/\",\"url\":\"https:\\\/\\\/legal.bestway.eu\\\/wp-content\\\/uploads\\\/sites\\\/2\\\/2023\\\/10\\\/bw-white-logo@2x.png\",\"contentUrl\":\"https:\\\/\\\/legal.bestway.eu\\\/wp-content\\\/uploads\\\/sites\\\/2\\\/2023\\\/10\\\/bw-white-logo@2x.png\",\"width\":348,\"height\":138,\"caption\":\"Legal\"},\"image\":{\"@id\":\"https:\\\/\\\/legal.bestway.eu\\\/be-fr\\\/#\\\/schema\\\/logo\\\/image\\\/\"}}]}<\/script>\n<!-- \/ Yoast SEO plugin. -->","yoast_head_json":{"title":"Garantie Bestway\u00a0 - Legal","robots":{"index":"noindex","follow":"follow","max-snippet":"max-snippet:-1","max-image-preview":"max-image-preview:large","max-video-preview":"max-video-preview:-1"},"og_locale":"en_US","og_type":"article","og_title":"Garantie Bestway\u00a0 - Legal","og_description":"Vous trouverez ci-dessous les conditions de garantie appliqu\u00e9es par BESTWAY EUROPE S.p.A. dont le si\u00e8ge social est situ\u00e9 Via della Resistenza n. 5, San Giuliano Milanese (20098) \u2013 Milan, Italie (ci-apr\u00e8s \u00ab BESTWAY \u00bb), sur les produits vendus dans l\u2019Espace \u00e9conomique europ\u00e9en sous la marque BESTWAY. Extension de garantie Vous pouvez b\u00e9n\u00e9ficier, sur une s\u00e9lection [&hellip;]","og_url":"https:\/\/legal.bestway.eu\/be-fr\/warranty-extension\/","og_site_name":"Legal","article_modified_time":"2026-02-10T09:50:41+00:00","twitter_card":"summary_large_image","twitter_misc":{"Est. reading time":"4 minutes"},"schema":{"@context":"https:\/\/schema.org","@graph":[{"@type":"WebPage","@id":"https:\/\/legal.bestway.eu\/be-fr\/warranty-extension\/","url":"https:\/\/legal.bestway.eu\/be-fr\/warranty-extension\/","name":"Garantie Bestway\u00a0 - Legal","isPartOf":{"@id":"https:\/\/legal.bestway.eu\/be-fr\/#website"},"datePublished":"2023-10-24T09:15:40+00:00","dateModified":"2026-02-10T09:50:41+00:00","inLanguage":"be-fr","potentialAction":[{"@type":"ReadAction","target":["https:\/\/legal.bestway.eu\/be-fr\/warranty-extension\/"]}]},{"@type":"WebSite","@id":"https:\/\/legal.bestway.eu\/be-fr\/#website","url":"https:\/\/legal.bestway.eu\/be-fr\/","name":"Legal","description":"Legal","publisher":{"@id":"https:\/\/legal.bestway.eu\/be-fr\/#organization"},"potentialAction":[{"@type":"SearchAction","target":{"@type":"EntryPoint","urlTemplate":"https:\/\/legal.bestway.eu\/be-fr\/?s={search_term_string}"},"query-input":{"@type":"PropertyValueSpecification","valueRequired":true,"valueName":"search_term_string"}}],"inLanguage":"be-fr"},{"@type":"Organization","@id":"https:\/\/legal.bestway.eu\/be-fr\/#organization","name":"Legal","url":"https:\/\/legal.bestway.eu\/be-fr\/","logo":{"@type":"ImageObject","inLanguage":"be-fr","@id":"https:\/\/legal.bestway.eu\/be-fr\/#\/schema\/logo\/image\/","url":"https:\/\/legal.bestway.eu\/wp-content\/uploads\/sites\/2\/2023\/10\/bw-white-logo@2x.png","contentUrl":"https:\/\/legal.bestway.eu\/wp-content\/uploads\/sites\/2\/2023\/10\/bw-white-logo@2x.png","width":348,"height":138,"caption":"Legal"},"image":{"@id":"https:\/\/legal.bestway.eu\/be-fr\/#\/schema\/logo\/image\/"}}]}},"_links":{"self":[{"href":"https:\/\/legal.bestway.eu\/be-fr\/wp-json\/wp\/v2\/pages\/5656","targetHints":{"allow":["GET"]}}],"collection":[{"href":"https:\/\/legal.bestway.eu\/be-fr\/wp-json\/wp\/v2\/pages"}],"about":[{"href":"https:\/\/legal.bestway.eu\/be-fr\/wp-json\/wp\/v2\/types\/page"}],"author":[{"embeddable":true,"href":"https:\/\/legal.bestway.eu\/be-fr\/wp-json\/wp\/v2\/users\/1"}],"replies":[{"embeddable":true,"href":"https:\/\/legal.bestway.eu\/be-fr\/wp-json\/wp\/v2\/comments?post=5656"}],"version-history":[{"count":11,"href":"https:\/\/legal.bestway.eu\/be-fr\/wp-json\/wp\/v2\/pages\/5656\/revisions"}],"predecessor-version":[{"id":9016,"href":"https:\/\/legal.bestway.eu\/be-fr\/wp-json\/wp\/v2\/pages\/5656\/revisions\/9016"}],"wp:attachment":[{"href":"https:\/\/legal.bestway.eu\/be-fr\/wp-json\/wp\/v2\/media?parent=5656"}],"curies":[{"name":"wp","href":"https:\/\/api.w.org\/{rel}","templated":true}]}}