{"id":7551,"date":"2023-10-24T11:15:40","date_gmt":"2023-10-24T09:15:40","guid":{"rendered":"https:\/\/legal.bestway.eu\/?page_id=7551"},"modified":"2025-02-10T10:54:13","modified_gmt":"2025-02-10T09:54:13","slug":"warranty-extension","status":"publish","type":"page","link":"https:\/\/legal.bestway.eu\/ba-hr\/warranty-extension\/","title":{"rendered":"Bestway garancija"},"content":{"rendered":"\t\t<div data-elementor-type=\"wp-page\" data-elementor-id=\"7551\" class=\"elementor elementor-7551\" data-elementor-post-type=\"page\">\n\t\t\t\t<div class=\"elementor-element elementor-element-201a7b e-flex e-con-boxed e-con e-parent\" data-id=\"201a7b\" data-element_type=\"container\" data-e-type=\"container\">\n\t\t\t\t\t<div class=\"e-con-inner\">\n\t\t\t\t<div class=\"elementor-element elementor-element-3862fa4 elementor-widget elementor-widget-text-editor\" data-id=\"3862fa4\" data-element_type=\"widget\" data-e-type=\"widget\" data-widget_type=\"text-editor.default\">\n\t\t\t\t<div class=\"elementor-widget-container\">\n\t\t\t\t\t\t\t\t\t<p>Ispod su uvjeti jamstva koje primjenjuje BESTWAY EUROPE S.p.A., sa sjedi\u0161tem u Via della Resistenza n. 5, San Giuliano Milanese (20098) &#8211; Milano, Italija (u daljnjem tekstu &#8220;BESTWAY&#8221;), na proizvode koji se prodaju unutar Europskog gospodarskog prostora pod markom BESTWAY.<\/p>\t\t\t\t\t\t\t\t<\/div>\n\t\t\t\t<\/div>\n\t\t\t\t\t<\/div>\n\t\t\t\t<\/div>\n\t\t<div class=\"elementor-element elementor-element-2d7f1d1b e-flex e-con-boxed e-con e-parent\" data-id=\"2d7f1d1b\" data-element_type=\"container\" data-e-type=\"container\">\n\t\t\t\t\t<div class=\"e-con-inner\">\n\t\t\t\t<div class=\"elementor-element elementor-element-7112739 elementor-widget elementor-widget-heading\" data-id=\"7112739\" data-element_type=\"widget\" data-e-type=\"widget\" data-widget_type=\"heading.default\">\n\t\t\t\t<div class=\"elementor-widget-container\">\n\t\t\t\t\t<h2 class=\"elementor-heading-title elementor-size-default\">Pravna garancija<\/h2>\t\t\t\t<\/div>\n\t\t\t\t<\/div>\n\t\t\t\t<div class=\"elementor-element elementor-element-0f3351f elementor-widget elementor-widget-text-editor\" data-id=\"0f3351f\" data-element_type=\"widget\" data-e-type=\"widget\" data-widget_type=\"text-editor.default\">\n\t\t\t\t<div class=\"elementor-widget-container\">\n\t\t\t\t\t\t\t\t\t<p>1.1 Zakonsko jamstvo odre\u0111eno je Europska direktiva 2019\/771\/EC, koje su namijenjene za\u0161titi potro\u0161a\u010da, kako je definirano u nastavku, u slu\u010daju da kupljena roba (\u201cProizvodi\u201d) ima nedostatak uskla\u0111enosti.<br \/><br \/>1.2 U skladu s navedenim europskoj direktivi, potro\u0161a\u010d je svaka fizi\u010dka osoba koja kupuje Proizvod za svrhe koje nisu povezane s njenom poslovnom, trgova\u010dkom, obrtni\u010dkom ili profesionalnom djelatno\u0161\u0107u (&#8220;Potro\u0161a\u010d&#8221;).<br \/><br \/>1.3 Pravno jamstvo traje 24 mjeseca od dostave robe potro\u0161a\u010du. Imajte na umu da se uvjeti navedeni u navedenoj direktivi ne primjenjuju izvan zemalja unutar Europskog gospodarskog prostora na koje se primjenjuje mjerodavno lokalno zakonodavstvo.<br \/><br \/>1.4 Ako Potro\u0161a\u010d vjeruje da je kupio Proizvod s nedostatkom uskla\u0111enosti, Potro\u0161a\u010d mora kontaktirati svog trgovca kako bi iskoristio povezano jamstvo<br \/><br \/>1.5 BESTWAY osigurava jamstvo za bilo koji mogu\u0107i nedostatak uskla\u0111enosti Proizvoda bilo kojem Potro\u0161a\u010du koji je kupio Proizvod izravno od tvrtke BESTWAY.<\/p>\t\t\t\t\t\t\t\t<\/div>\n\t\t\t\t<\/div>\n\t\t\t\t<div class=\"elementor-element elementor-element-1fe5510 elementor-widget elementor-widget-heading\" data-id=\"1fe5510\" data-element_type=\"widget\" data-e-type=\"widget\" data-widget_type=\"heading.default\">\n\t\t\t\t<div class=\"elementor-widget-container\">\n\t\t\t\t\t<h2 class=\"elementor-heading-title elementor-size-default\">Jamstvo proizvo\u0111a\u010da<\/h2>\t\t\t\t<\/div>\n\t\t\t\t<\/div>\n\t\t\t\t<div class=\"elementor-element elementor-element-b5b3ff4 elementor-widget elementor-widget-text-editor\" data-id=\"b5b3ff4\" data-element_type=\"widget\" data-e-type=\"widget\" data-widget_type=\"text-editor.default\">\n\t\t\t\t<div class=\"elementor-widget-container\">\n\t\t\t\t\t\t\t\t\t<p>Ne dovode\u0107i u pitanje jamstva i ovlasti predvi\u0111ene zakonom i ne dovode\u0107i u pitanje mogu\u0107nost potro\u0161a\u010da da iskoristi gore navedeno zakonsko jamstvo, BESTWAY nudi dodatno jamstvo (&#8220;Jamstvo proizvo\u0111a\u010da BESTWAY&#8221;) za mogu\u0107e nedostatke uskla\u0111enosti za ograni\u010deni raspon Proizvoda.<\/p><p><a href=\"https:\/\/support.bestway.eu\/ba-hr\/warranty\" target=\"_blank\" rel=\"noopener\">Kliknite ovdje<\/a> kako biste saznali odredbe i uvjete, raspon pokrivenih proizvoda i metode aktivacije.<\/p>\t\t\t\t\t\t\t\t<\/div>\n\t\t\t\t<\/div>\n\t\t\t\t\t<\/div>\n\t\t\t\t<\/div>\n\t\t\t\t<\/div>\n\t\t","protected":false},"excerpt":{"rendered":"<p>Ispod su uvjeti jamstva koje primjenjuje BESTWAY EUROPE S.p.A., sa sjedi\u0161tem u Via della Resistenza n. 5, San Giuliano Milanese (20098) &#8211; Milano, Italija (u daljnjem tekstu &#8220;BESTWAY&#8221;), na proizvode koji se prodaju unutar Europskog gospodarskog prostora pod markom BESTWAY. Pravna garancija 1.1 Zakonsko jamstvo odre\u0111eno je Europska direktiva 2019\/771\/EC, koje su namijenjene za\u0161titi potro\u0161a\u010da, [&hellip;]<\/p>\n","protected":false},"author":9,"featured_media":0,"parent":0,"menu_order":0,"comment_status":"closed","ping_status":"closed","template":"","meta":{"_acf_changed":false,"site-sidebar-layout":"no-sidebar","site-content-layout":"page-builder","ast-site-content-layout":"full-width-container","site-content-style":"default","site-sidebar-style":"default","ast-global-header-display":"","ast-banner-title-visibility":"","ast-main-header-display":"","ast-hfb-above-header-display":"","ast-hfb-below-header-display":"","ast-hfb-mobile-header-display":"","site-post-title":"disabled","ast-breadcrumbs-content":"","ast-featured-img":"disabled","footer-sml-layout":"","ast-disable-related-posts":"","theme-transparent-header-meta":"","adv-header-id-meta":"","stick-header-meta":"","header-above-stick-meta":"","header-main-stick-meta":"","header-below-stick-meta":"","astra-migrate-meta-layouts":"set","ast-page-background-enabled":"default","ast-page-background-meta":{"desktop":{"background-color":"var(--ast-global-color-4)","background-image":"","background-repeat":"repeat","background-position":"center center","background-size":"auto","background-attachment":"scroll","background-type":"","background-media":"","overlay-type":"","overlay-color":"","overlay-opacity":"","overlay-gradient":""},"tablet":{"background-color":"","background-image":"","background-repeat":"repeat","background-position":"center center","background-size":"auto","background-attachment":"scroll","background-type":"","background-media":"","overlay-type":"","overlay-color":"","overlay-opacity":"","overlay-gradient":""},"mobile":{"background-color":"","background-image":"","background-repeat":"repeat","background-position":"center center","background-size":"auto","background-attachment":"scroll","background-type":"","background-media":"","overlay-type":"","overlay-color":"","overlay-opacity":"","overlay-gradient":""}},"ast-content-background-meta":{"desktop":{"background-color":"var(--ast-global-color-5)","background-image":"","background-repeat":"repeat","background-position":"center center","background-size":"auto","background-attachment":"scroll","background-type":"","background-media":"","overlay-type":"","overlay-color":"","overlay-opacity":"","overlay-gradient":""},"tablet":{"background-color":"var(--ast-global-color-5)","background-image":"","background-repeat":"repeat","background-position":"center center","background-size":"auto","background-attachment":"scroll","background-type":"","background-media":"","overlay-type":"","overlay-color":"","overlay-opacity":"","overlay-gradient":""},"mobile":{"background-color":"var(--ast-global-color-5)","background-image":"","background-repeat":"repeat","background-position":"center center","background-size":"auto","background-attachment":"scroll","background-type":"","background-media":"","overlay-type":"","overlay-color":"","overlay-opacity":"","overlay-gradient":""}},"footnotes":""},"class_list":["post-7551","page","type-page","status-publish","hentry"],"acf":[],"yoast_head":"<!-- This site is optimized with the Yoast SEO plugin v27.4 - https:\/\/yoast.com\/product\/yoast-seo-wordpress\/ -->\n<title>Bestway garancija - Legal<\/title>\n<meta name=\"robots\" content=\"noindex, follow, max-snippet:-1, max-image-preview:large, max-video-preview:-1\" \/>\n<meta property=\"og:locale\" content=\"en_US\" \/>\n<meta property=\"og:type\" content=\"article\" \/>\n<meta property=\"og:title\" content=\"Bestway garancija - Legal\" \/>\n<meta property=\"og:description\" content=\"Ispod su uvjeti jamstva koje primjenjuje BESTWAY EUROPE S.p.A., sa sjedi\u0161tem u Via della Resistenza n. 5, San Giuliano Milanese (20098) &#8211; Milano, Italija (u daljnjem tekstu &#8220;BESTWAY&#8221;), na proizvode koji se prodaju unutar Europskog gospodarskog prostora pod markom BESTWAY. Pravna garancija 1.1 Zakonsko jamstvo odre\u0111eno je Europska direktiva 2019\/771\/EC, koje su namijenjene za\u0161titi potro\u0161a\u010da, [&hellip;]\" \/>\n<meta property=\"og:url\" content=\"https:\/\/legal.bestway.eu\/ba-hr\/warranty-extension\/\" \/>\n<meta property=\"og:site_name\" content=\"Legal\" \/>\n<meta property=\"article:modified_time\" content=\"2025-02-10T09:54:13+00:00\" \/>\n<meta name=\"twitter:card\" content=\"summary_large_image\" \/>\n<meta name=\"twitter:label1\" content=\"Est. reading time\" \/>\n\t<meta name=\"twitter:data1\" content=\"2 minutes\" \/>\n<script type=\"application\/ld+json\" class=\"yoast-schema-graph\">{\"@context\":\"https:\\\/\\\/schema.org\",\"@graph\":[{\"@type\":\"WebPage\",\"@id\":\"https:\\\/\\\/legal.bestway.eu\\\/ba-hr\\\/warranty-extension\\\/\",\"url\":\"https:\\\/\\\/legal.bestway.eu\\\/ba-hr\\\/warranty-extension\\\/\",\"name\":\"Bestway garancija - Legal\",\"isPartOf\":{\"@id\":\"https:\\\/\\\/legal.bestway.eu\\\/ba-hr\\\/#website\"},\"datePublished\":\"2023-10-24T09:15:40+00:00\",\"dateModified\":\"2025-02-10T09:54:13+00:00\",\"inLanguage\":\"ba-hr\",\"potentialAction\":[{\"@type\":\"ReadAction\",\"target\":[\"https:\\\/\\\/legal.bestway.eu\\\/ba-hr\\\/warranty-extension\\\/\"]}]},{\"@type\":\"WebSite\",\"@id\":\"https:\\\/\\\/legal.bestway.eu\\\/ba-hr\\\/#website\",\"url\":\"https:\\\/\\\/legal.bestway.eu\\\/ba-hr\\\/\",\"name\":\"Legal\",\"description\":\"Legal\",\"publisher\":{\"@id\":\"https:\\\/\\\/legal.bestway.eu\\\/ba-hr\\\/#organization\"},\"potentialAction\":[{\"@type\":\"SearchAction\",\"target\":{\"@type\":\"EntryPoint\",\"urlTemplate\":\"https:\\\/\\\/legal.bestway.eu\\\/ba-hr\\\/?s={search_term_string}\"},\"query-input\":{\"@type\":\"PropertyValueSpecification\",\"valueRequired\":true,\"valueName\":\"search_term_string\"}}],\"inLanguage\":\"ba-hr\"},{\"@type\":\"Organization\",\"@id\":\"https:\\\/\\\/legal.bestway.eu\\\/ba-hr\\\/#organization\",\"name\":\"Legal\",\"url\":\"https:\\\/\\\/legal.bestway.eu\\\/ba-hr\\\/\",\"logo\":{\"@type\":\"ImageObject\",\"inLanguage\":\"ba-hr\",\"@id\":\"https:\\\/\\\/legal.bestway.eu\\\/ba-hr\\\/#\\\/schema\\\/logo\\\/image\\\/\",\"url\":\"https:\\\/\\\/legal.bestway.eu\\\/wp-content\\\/uploads\\\/sites\\\/2\\\/2023\\\/10\\\/bw-white-logo@2x.png\",\"contentUrl\":\"https:\\\/\\\/legal.bestway.eu\\\/wp-content\\\/uploads\\\/sites\\\/2\\\/2023\\\/10\\\/bw-white-logo@2x.png\",\"width\":348,\"height\":138,\"caption\":\"Legal\"},\"image\":{\"@id\":\"https:\\\/\\\/legal.bestway.eu\\\/ba-hr\\\/#\\\/schema\\\/logo\\\/image\\\/\"}}]}<\/script>\n<!-- \/ Yoast SEO plugin. -->","yoast_head_json":{"title":"Bestway garancija - Legal","robots":{"index":"noindex","follow":"follow","max-snippet":"max-snippet:-1","max-image-preview":"max-image-preview:large","max-video-preview":"max-video-preview:-1"},"og_locale":"en_US","og_type":"article","og_title":"Bestway garancija - Legal","og_description":"Ispod su uvjeti jamstva koje primjenjuje BESTWAY EUROPE S.p.A., sa sjedi\u0161tem u Via della Resistenza n. 5, San Giuliano Milanese (20098) &#8211; Milano, Italija (u daljnjem tekstu &#8220;BESTWAY&#8221;), na proizvode koji se prodaju unutar Europskog gospodarskog prostora pod markom BESTWAY. Pravna garancija 1.1 Zakonsko jamstvo odre\u0111eno je Europska direktiva 2019\/771\/EC, koje su namijenjene za\u0161titi potro\u0161a\u010da, [&hellip;]","og_url":"https:\/\/legal.bestway.eu\/ba-hr\/warranty-extension\/","og_site_name":"Legal","article_modified_time":"2025-02-10T09:54:13+00:00","twitter_card":"summary_large_image","twitter_misc":{"Est. reading time":"2 minutes"},"schema":{"@context":"https:\/\/schema.org","@graph":[{"@type":"WebPage","@id":"https:\/\/legal.bestway.eu\/ba-hr\/warranty-extension\/","url":"https:\/\/legal.bestway.eu\/ba-hr\/warranty-extension\/","name":"Bestway garancija - Legal","isPartOf":{"@id":"https:\/\/legal.bestway.eu\/ba-hr\/#website"},"datePublished":"2023-10-24T09:15:40+00:00","dateModified":"2025-02-10T09:54:13+00:00","inLanguage":"ba-hr","potentialAction":[{"@type":"ReadAction","target":["https:\/\/legal.bestway.eu\/ba-hr\/warranty-extension\/"]}]},{"@type":"WebSite","@id":"https:\/\/legal.bestway.eu\/ba-hr\/#website","url":"https:\/\/legal.bestway.eu\/ba-hr\/","name":"Legal","description":"Legal","publisher":{"@id":"https:\/\/legal.bestway.eu\/ba-hr\/#organization"},"potentialAction":[{"@type":"SearchAction","target":{"@type":"EntryPoint","urlTemplate":"https:\/\/legal.bestway.eu\/ba-hr\/?s={search_term_string}"},"query-input":{"@type":"PropertyValueSpecification","valueRequired":true,"valueName":"search_term_string"}}],"inLanguage":"ba-hr"},{"@type":"Organization","@id":"https:\/\/legal.bestway.eu\/ba-hr\/#organization","name":"Legal","url":"https:\/\/legal.bestway.eu\/ba-hr\/","logo":{"@type":"ImageObject","inLanguage":"ba-hr","@id":"https:\/\/legal.bestway.eu\/ba-hr\/#\/schema\/logo\/image\/","url":"https:\/\/legal.bestway.eu\/wp-content\/uploads\/sites\/2\/2023\/10\/bw-white-logo@2x.png","contentUrl":"https:\/\/legal.bestway.eu\/wp-content\/uploads\/sites\/2\/2023\/10\/bw-white-logo@2x.png","width":348,"height":138,"caption":"Legal"},"image":{"@id":"https:\/\/legal.bestway.eu\/ba-hr\/#\/schema\/logo\/image\/"}}]}},"_links":{"self":[{"href":"https:\/\/legal.bestway.eu\/ba-hr\/wp-json\/wp\/v2\/pages\/7551","targetHints":{"allow":["GET"]}}],"collection":[{"href":"https:\/\/legal.bestway.eu\/ba-hr\/wp-json\/wp\/v2\/pages"}],"about":[{"href":"https:\/\/legal.bestway.eu\/ba-hr\/wp-json\/wp\/v2\/types\/page"}],"author":[{"embeddable":true,"href":"https:\/\/legal.bestway.eu\/ba-hr\/wp-json\/wp\/v2\/users\/9"}],"replies":[{"embeddable":true,"href":"https:\/\/legal.bestway.eu\/ba-hr\/wp-json\/wp\/v2\/comments?post=7551"}],"version-history":[{"count":4,"href":"https:\/\/legal.bestway.eu\/ba-hr\/wp-json\/wp\/v2\/pages\/7551\/revisions"}],"predecessor-version":[{"id":7560,"href":"https:\/\/legal.bestway.eu\/ba-hr\/wp-json\/wp\/v2\/pages\/7551\/revisions\/7560"}],"wp:attachment":[{"href":"https:\/\/legal.bestway.eu\/ba-hr\/wp-json\/wp\/v2\/media?parent=7551"}],"curies":[{"name":"wp","href":"https:\/\/api.w.org\/{rel}","templated":true}]}}