{"id":8478,"date":"2025-06-09T15:47:15","date_gmt":"2025-06-09T13:47:15","guid":{"rendered":"https:\/\/legal.bestway.eu\/?page_id=8478"},"modified":"2025-06-16T11:33:50","modified_gmt":"2025-06-16T09:33:50","slug":"accessibility","status":"publish","type":"page","link":"https:\/\/legal.bestway.eu\/al-sq\/accessibility\/","title":{"rendered":"Aksesueshm\u00ebria"},"content":{"rendered":"\t\t<div data-elementor-type=\"wp-page\" data-elementor-id=\"8478\" class=\"elementor elementor-8478\" data-elementor-post-type=\"page\">\n\t\t\t\t<div class=\"elementor-element elementor-element-2c64da78 e-flex e-con-boxed e-con e-parent\" data-id=\"2c64da78\" data-element_type=\"container\" data-e-type=\"container\">\n\t\t\t\t\t<div class=\"e-con-inner\">\n\t\t\t\t<div class=\"elementor-element elementor-element-02b898b elementor-widget elementor-widget-heading\" data-id=\"02b898b\" data-element_type=\"widget\" data-e-type=\"widget\" data-widget_type=\"heading.default\">\n\t\t\t\t<div class=\"elementor-widget-container\">\n\t\t\t\t\t<h2 class=\"elementor-heading-title elementor-size-default\">Deklarata e aksesueshm\u00ebris\u00eb\n<\/h2>\t\t\t\t<\/div>\n\t\t\t\t<\/div>\n\t\t\t\t<div class=\"elementor-element elementor-element-58f1dd78 elementor-widget elementor-widget-text-editor\" data-id=\"58f1dd78\" data-element_type=\"widget\" data-e-type=\"widget\" data-widget_type=\"text-editor.default\">\n\t\t\t\t<div class=\"elementor-widget-container\">\n\t\t\t\t\t\t\t\t\t<p>Ne besojm\u00eb se interneti duhet t\u00eb jet\u00eb i disponuesh\u00ebm dhe i arritsh\u00ebm p\u00ebr t\u00eb gjith\u00eb dhe jemi t\u00eb p\u00ebrkushtuar t\u00eb ofrojm\u00eb nj\u00eb faqe interneti q\u00eb \u00ebsht\u00eb e arritshme p\u00ebr audienc\u00ebn m\u00eb t\u00eb gjer\u00eb t\u00eb mundshme.<\/p><p>Ne synojm\u00eb t\u00eb ndjekim Udh\u00ebzimet 2.1 (WCAG 2.1) t\u00eb Konsorciumit World Wide Web (W3C) p\u00ebr Aksesueshm\u00ebrin\u00eb e P\u00ebrmbajtjes s\u00eb Uebit. K\u00ebto udh\u00ebzime shpjegojn\u00eb se si ta b\u00ebni p\u00ebrmbajtjen e uebit t\u00eb arritshme p\u00ebr njer\u00ebzit me nj\u00eb gam\u00eb t\u00eb gjer\u00eb p\u00ebrdoruesish me nevoja t\u00eb ndryshme. Ndjekja e k\u00ebtyre udh\u00ebzimeve na ndihmon t\u00eb sigurohemi q\u00eb faqet tona t\u00eb internetit jan\u00eb t\u00eb arritshme p\u00ebr numrin m\u00eb t\u00eb gjer\u00eb t\u00eb mundsh\u00ebm t\u00eb njer\u00ebzve.<\/p>\t\t\t\t\t\t\t\t<\/div>\n\t\t\t\t<\/div>\n\t\t\t\t<div class=\"elementor-element elementor-element-ec46639 elementor-widget elementor-widget-n-accordion\" data-id=\"ec46639\" data-element_type=\"widget\" data-e-type=\"widget\" data-settings=\"{&quot;default_state&quot;:&quot;expanded&quot;,&quot;max_items_expended&quot;:&quot;one&quot;,&quot;n_accordion_animation_duration&quot;:{&quot;unit&quot;:&quot;ms&quot;,&quot;size&quot;:400,&quot;sizes&quot;:[]}}\" data-widget_type=\"nested-accordion.default\">\n\t\t\t\t<div class=\"elementor-widget-container\">\n\t\t\t\t\t\t\t<div class=\"e-n-accordion\" aria-label=\"Accordion. Open links with Enter or Space, close with Escape, and navigate with Arrow Keys\">\n\t\t\t\t\t\t<details id=\"e-n-accordion-item-2470\" class=\"e-n-accordion-item\" open>\n\t\t\t\t<summary class=\"e-n-accordion-item-title\" data-accordion-index=\"1\" tabindex=\"0\" aria-expanded=\"true\" aria-controls=\"e-n-accordion-item-2470\" >\n\t\t\t\t\t<span class='e-n-accordion-item-title-header'><div class=\"e-n-accordion-item-title-text\"> Uebsajti i mb\u00ebshtetjes (support.bestway.eu) <\/div><\/span>\n\t\t\t\t\t\t\t<span class='e-n-accordion-item-title-icon'>\n\t\t\t<span class='e-opened' ><i aria-hidden=\"true\" class=\"fas fa-minus\"><\/i><\/span>\n\t\t\t<span class='e-closed'><i aria-hidden=\"true\" class=\"fas fa-plus\"><\/i><\/span>\n\t\t<\/span>\n\n\t\t\t\t\t\t<\/summary>\n\t\t\t\t<div role=\"region\" aria-labelledby=\"e-n-accordion-item-2470\" class=\"elementor-element elementor-element-67ea28c e-con-full e-flex e-con e-child\" data-id=\"67ea28c\" data-element_type=\"container\" data-e-type=\"container\">\n\t\t\t\t<div class=\"elementor-element elementor-element-02241a5 elementor-widget elementor-widget-text-editor\" data-id=\"02241a5\" data-element_type=\"widget\" data-e-type=\"widget\" data-widget_type=\"text-editor.default\">\n\t\t\t\t<div class=\"elementor-widget-container\">\n\t\t\t\t\t\t\t\t\t<p data-start=\"64\" data-end=\"149\"><strong data-start=\"64\" data-end=\"149\">Deklarata e m\u00ebposhtme e aksesueshm\u00ebris\u00eb zbatohet p\u00ebr: <a class=\"\" href=\"https:\/\/support.bestway.eu\" target=\"_new\" rel=\"noopener\" data-start=\"120\" data-end=\"146\">https:\/\/support.bestway.eu<\/a>.<\/strong><\/p><p data-start=\"151\" data-end=\"396\"><strong data-start=\"151\" data-end=\"181\">Statusi i p\u00ebrputhshm\u00ebris\u00eb:<\/strong> <b>Pjes\u00ebrisht n\u00eb p\u00ebrputhje.<\/b><br data-start=\"206\" data-end=\"209\" \/>Kjo faqe interneti \u00ebsht\u00eb pjes\u00ebrisht n\u00eb p\u00ebrputhje me k\u00ebrkesat e p\u00ebrcaktuara n\u00eb shtojc\u00ebn A t\u00eb standardit UNI CEI EN 301549 p\u00ebr shkak t\u00eb rasteve t\u00eb mos-p\u00ebrputhshm\u00ebris\u00eb t\u00eb listuara m\u00eb posht\u00eb.<\/p><hr data-start=\"398\" data-end=\"401\" \/><p data-start=\"403\" data-end=\"437\"><strong>P\u00ebrmbajtje jo t\u00eb aksesueshme<\/strong><\/p><p data-start=\"438\" data-end=\"548\">P\u00ebrmbajtjet e m\u00ebposhtme nuk jan\u00eb t\u00eb aksesueshme p\u00ebr arsye t\u00eb mosrespektimit t\u00eb ligjit nr. 4, dt. 9 janar 2004:<\/p><p data-start=\"550\" data-end=\"587\"><strong data-start=\"550\" data-end=\"585\">1.1.1 \u2013 P\u00ebrmbajtje jo tekstuale<\/strong><\/p><ul data-start=\"588\" data-end=\"862\"><li data-start=\"588\" data-end=\"672\"><p data-start=\"590\" data-end=\"672\">Disa imazhe nuk kan\u00eb atributin alt ose p\u00ebrmbajn\u00eb tekst alternativ jo p\u00ebrshkrues.<\/p><\/li><li data-start=\"673\" data-end=\"753\"><p data-start=\"675\" data-end=\"753\">Disa iframe mungojn\u00eb tekst alternativ p\u00ebrmes atributit title ose aria-label.<\/p><\/li><li data-start=\"754\" data-end=\"862\"><p data-start=\"756\" data-end=\"862\">Disa elemente vet\u00ebm p\u00ebr prezantim nuk jan\u00eb sh\u00ebnuar si duhet me role=&#8221;presentation&#8221; ose aria-hidden=&#8221;true&#8221;.<\/p><\/li><\/ul><p data-start=\"864\" data-end=\"905\"><strong data-start=\"864\" data-end=\"903\">1.3.1 \u2013 Informacion dhe marr\u00ebdh\u00ebnie<\/strong><\/p><ul data-start=\"906\" data-end=\"1262\"><li data-start=\"906\" data-end=\"990\"><p data-start=\"908\" data-end=\"990\">Disa elemente container jan\u00eb bosh n\u00eb DOM, duke shkaktuar struktura jo semantike.<\/p><\/li><li data-start=\"991\" data-end=\"1077\"><p data-start=\"993\" data-end=\"1077\">Disa fusha formulari nuk kan\u00eb label t\u00eb lidhura p\u00ebrmes &lt;label&gt; ose aria-labelledby.<\/p><\/li><li data-start=\"1078\" data-end=\"1125\"><p data-start=\"1080\" data-end=\"1125\">Disa tekste mungojn\u00eb rolet ose pronat ARIA.<\/p><\/li><li data-start=\"1126\" data-end=\"1262\"><p data-start=\"1128\" data-end=\"1262\">Disa dokumente nuk p\u00ebrdorin markime semantike p\u00ebr titujt (heading), duke komprometuar navigimin e strukturuar me teknologji asistuese.<\/p><\/li><\/ul><p data-start=\"1264\" data-end=\"1351\"><strong data-start=\"1264\" data-end=\"1349\">1.3.2 \/ 2.1.1 \/ 2.4.3 \u2013 Renditje dometh\u00ebn\u00ebse, akses nga tastiera, rendi i fokusit<\/strong><\/p><ul data-start=\"1352\" data-end=\"1518\"><li data-start=\"1352\" data-end=\"1518\"><p data-start=\"1354\" data-end=\"1518\">N\u00eb disa dokumente, renditja e lexim dhe navigimit nuk p\u00ebrputhet me renditjen vizuale, duke shkaktuar v\u00ebshtir\u00ebsi p\u00ebr p\u00ebrdoruesit e tastier\u00ebs ose lexuesve t\u00eb ekranit.<\/p><\/li><\/ul><p data-start=\"1520\" data-end=\"1552\"><strong data-start=\"1520\" data-end=\"1550\">1.4.3 \u2013 Kontrast (minimum)<\/strong><\/p><ul data-start=\"1553\" data-end=\"1654\"><li data-start=\"1553\" data-end=\"1654\"><p data-start=\"1555\" data-end=\"1654\">Kontrasti i ngjyrave midis tekstit dhe sfondit t\u00eb disa elementeve nuk arrin raportin minimal 4.5:1.<\/p><\/li><\/ul><p data-start=\"1656\" data-end=\"1690\"><strong data-start=\"1656\" data-end=\"1688\">1.4.4 \u2013 Riadaptimi i tekstit<\/strong><\/p><ul data-start=\"1691\" data-end=\"1751\"><li data-start=\"1691\" data-end=\"1751\"><p data-start=\"1693\" data-end=\"1751\">Disa tekste priten ose mbivendosen kur aplikohet zmadhimi.<\/p><\/li><\/ul><p data-start=\"1753\" data-end=\"1803\"><strong data-start=\"1753\" data-end=\"1801\">1.4.10 \u2013 Riorganizimi i p\u00ebrmbajtjes (Reflow)<\/strong><\/p><ul data-start=\"1804\" data-end=\"1918\"><li data-start=\"1804\" data-end=\"1918\"><p data-start=\"1806\" data-end=\"1918\">Disa faqe ose komponent\u00eb nuk menaxhojn\u00eb si duhet zmadhimin ose ri-madh\u00ebsimin, duke shkaktuar probleme n\u00eb dizajn.<\/p><\/li><\/ul><p data-start=\"1920\" data-end=\"1971\"><strong data-start=\"1920\" data-end=\"1969\">2.4.1 \u2013 Anashkalimi i blloqeve t\u00eb p\u00ebrmbajtjes<\/strong><\/p><ul data-start=\"1972\" data-end=\"2052\"><li data-start=\"1972\" data-end=\"2052\"><p data-start=\"1974\" data-end=\"2052\">N\u00eb disa faqe mungon lidhja &#8220;Kaloni te p\u00ebrmbajtja&#8221;, e aksesueshme nga tastiera.<\/p><\/li><\/ul><p data-start=\"2054\" data-end=\"2083\"><strong data-start=\"2054\" data-end=\"2081\">2.4.2 \u2013 Titulli i faqes<\/strong><\/p><ul data-start=\"2084\" data-end=\"2206\"><li data-start=\"2084\" data-end=\"2206\"><p data-start=\"2086\" data-end=\"2206\">Mungon titulli n\u00eb metadatat e disa dokumenteve, duke zvog\u00ebluar njohjen e p\u00ebrmbajtjes n\u00eb kontekstet e navigimit asistues.<\/p><\/li><\/ul><p data-start=\"2208\" data-end=\"2253\"><strong data-start=\"2208\" data-end=\"2251\">2.4.4 \u2013 Q\u00ebllimi i lidhjes (n\u00eb kontekst)<\/strong><\/p><ul data-start=\"2254\" data-end=\"2313\"><li data-start=\"2254\" data-end=\"2313\"><p data-start=\"2256\" data-end=\"2313\">Disa lidhje mungojn\u00eb tekst alternativ me kuptim t\u00eb qart\u00eb.<\/p><\/li><\/ul><p data-start=\"2315\" data-end=\"2346\"><strong data-start=\"2315\" data-end=\"2344\">2.4.6 \u2013 Tituj dhe etiketa<\/strong><\/p><ul data-start=\"2347\" data-end=\"2404\"><li data-start=\"2347\" data-end=\"2404\"><p data-start=\"2349\" data-end=\"2404\">N\u00eb disa faqe mungojn\u00eb tituj semantik\u00eb ose tag-e header.<\/p><\/li><\/ul><p data-start=\"2406\" data-end=\"2433\"><strong data-start=\"2406\" data-end=\"2431\">3.1.1 \u2013 Gjuha e faqes<\/strong><\/p><ul data-start=\"2434\" data-end=\"2546\"><li data-start=\"2434\" data-end=\"2546\"><p data-start=\"2436\" data-end=\"2546\">Nuk \u00ebsht\u00eb caktuar gjuha par\u00ebsore e dokumentit, duke komprometuar leximin e sakt\u00eb me z\u00eb nga lexuesit e ekranit.<\/p><\/li><\/ul><p data-start=\"2548\" data-end=\"2578\"><strong data-start=\"2548\" data-end=\"2576\">4.1.2 \u2013 Em\u00ebr, rol, vler\u00eb<\/strong><\/p><ul data-start=\"2579\" data-end=\"2721\"><li data-start=\"2579\" data-end=\"2637\"><p data-start=\"2581\" data-end=\"2637\">Disa butona mungojn\u00eb etiketa tekstuale ose aria-label.<\/p><\/li><li data-start=\"2638\" data-end=\"2721\"><p data-start=\"2640\" data-end=\"2721\">Disa atribute ARIA kan\u00eb vlera t\u00eb pavlefshme ose q\u00eb nuk p\u00ebrputhen me specifikimet.<\/p><\/li><\/ul><hr data-start=\"2723\" data-end=\"2726\" \/><p data-start=\"2728\" data-end=\"2773\"><strong>Hartimi i deklarat\u00ebs s\u00eb aksesueshm\u00ebris\u00eb<\/strong><\/p><p data-start=\"2774\" data-end=\"2864\">Kjo deklarat\u00eb \u00ebsht\u00eb hartuar m\u00eb 9\/6\/2025.<br data-start=\"2814\" data-end=\"2817\" \/>Vler\u00ebsimi \u00ebsht\u00eb kryer nga Bestway Europe S.p.A.<\/p><hr data-start=\"2866\" data-end=\"2869\" \/><p data-start=\"2871\" data-end=\"2898\"><strong>Informacion mbi faqen<\/strong><\/p><ul data-start=\"2899\" data-end=\"2976\"><li data-start=\"2899\" data-end=\"2941\"><p data-start=\"2901\" data-end=\"2941\">Testet e p\u00ebrdorshm\u00ebris\u00eb jan\u00eb kryer: Jo<\/p><\/li><li data-start=\"2942\" data-end=\"2976\"><p data-start=\"2944\" data-end=\"2976\">CMS i p\u00ebrdorur p\u00ebr faqen: Custom<\/p><\/li><\/ul><p data-start=\"2978\" data-end=\"3010\"><strong>Informacion mbi struktur\u00ebn<\/strong><\/p><ul data-start=\"3011\" data-end=\"3142\"><li data-start=\"3011\" data-end=\"3071\"><p data-start=\"3013\" data-end=\"3071\">Numri i punonj\u00ebsve me aft\u00ebsi t\u00eb kufizuara t\u00eb pun\u00ebsuar: 3<\/p><\/li><li data-start=\"3072\" data-end=\"3142\"><p data-start=\"3074\" data-end=\"3142\">Numri i vendvotimeve t\u00eb pun\u00ebs p\u00ebr punonj\u00ebs me aft\u00ebsi t\u00eb kufizuara: 0<\/p><\/li><\/ul>\t\t\t\t\t\t\t\t<\/div>\n\t\t\t\t<\/div>\n\t\t\t\t<\/div>\n\t\t\t\t\t<\/details>\n\t\t\t\t\t<\/div>\n\t\t\t\t\t\t<\/div>\n\t\t\t\t<\/div>\n\t\t\t\t<div class=\"elementor-element elementor-element-ecf74f3 elementor-widget elementor-widget-heading\" data-id=\"ecf74f3\" data-element_type=\"widget\" data-e-type=\"widget\" data-widget_type=\"heading.default\">\n\t\t\t\t<div class=\"elementor-widget-container\">\n\t\t\t\t\t<h2 class=\"elementor-heading-title elementor-size-default\">Komentet dhe reagimet<\/h2>\t\t\t\t<\/div>\n\t\t\t\t<\/div>\n\t\t\t\t<div class=\"elementor-element elementor-element-d526172 elementor-widget elementor-widget-text-editor\" data-id=\"d526172\" data-element_type=\"widget\" data-e-type=\"widget\" data-widget_type=\"text-editor.default\">\n\t\t\t\t<div class=\"elementor-widget-container\">\n\t\t\t\t\t\t\t\t\t<p>Ne i zhvillojm\u00eb faqet tona duke u p\u00ebrpjekur t\u00eb respektojm\u00eb kriteret e aksesueshm\u00ebris\u00eb dixhitale, por mund t\u00eb ket\u00eb ende faqe ose seksione q\u00eb nuk jan\u00eb plot\u00ebsisht t\u00eb aksesueshme, jan\u00eb n\u00eb proces t\u00eb b\u00ebrjes s\u00eb tyre t\u00eb aksesueshme ose u mungon nj\u00eb zgjidhje e p\u00ebrshtatshme teknologjike p\u00ebr t&#8217;i b\u00ebr\u00eb ato t\u00eb tilla. P\u00ebr reagime ose raporte, shkruani te <a style=\"font-size: 16px; background-color: #ffffff;\" href=\"mailto:accessibility@bestwaycorp.eu\"><strong>accessibility@bestwaycorp.eu<\/strong><\/a><\/p>\t\t\t\t\t\t\t\t<\/div>\n\t\t\t\t<\/div>\n\t\t\t\t\t<\/div>\n\t\t\t\t<\/div>\n\t\t\t\t<\/div>\n\t\t","protected":false},"excerpt":{"rendered":"<p>Deklarata e aksesueshm\u00ebris\u00eb Ne besojm\u00eb se interneti duhet t\u00eb jet\u00eb i disponuesh\u00ebm dhe i arritsh\u00ebm p\u00ebr t\u00eb gjith\u00eb dhe jemi t\u00eb p\u00ebrkushtuar t\u00eb ofrojm\u00eb nj\u00eb faqe interneti q\u00eb \u00ebsht\u00eb e arritshme p\u00ebr audienc\u00ebn m\u00eb t\u00eb gjer\u00eb t\u00eb mundshme. Ne synojm\u00eb t\u00eb ndjekim Udh\u00ebzimet 2.1 (WCAG 2.1) t\u00eb Konsorciumit World Wide Web (W3C) p\u00ebr Aksesueshm\u00ebrin\u00eb e [&hellip;]<\/p>\n","protected":false},"author":1,"featured_media":0,"parent":0,"menu_order":0,"comment_status":"closed","ping_status":"closed","template":"","meta":{"_acf_changed":false,"site-sidebar-layout":"no-sidebar","site-content-layout":"page-builder","ast-site-content-layout":"full-width-container","site-content-style":"default","site-sidebar-style":"default","ast-global-header-display":"","ast-banner-title-visibility":"","ast-main-header-display":"","ast-hfb-above-header-display":"","ast-hfb-below-header-display":"","ast-hfb-mobile-header-display":"","site-post-title":"disabled","ast-breadcrumbs-content":"","ast-featured-img":"disabled","footer-sml-layout":"","ast-disable-related-posts":"","theme-transparent-header-meta":"","adv-header-id-meta":"","stick-header-meta":"","header-above-stick-meta":"","header-main-stick-meta":"","header-below-stick-meta":"","astra-migrate-meta-layouts":"set","ast-page-background-enabled":"default","ast-page-background-meta":{"desktop":{"background-color":"var(--ast-global-color-4)","background-image":"","background-repeat":"repeat","background-position":"center center","background-size":"auto","background-attachment":"scroll","background-type":"","background-media":"","overlay-type":"","overlay-color":"","overlay-opacity":"","overlay-gradient":""},"tablet":{"background-color":"","background-image":"","background-repeat":"repeat","background-position":"center center","background-size":"auto","background-attachment":"scroll","background-type":"","background-media":"","overlay-type":"","overlay-color":"","overlay-opacity":"","overlay-gradient":""},"mobile":{"background-color":"","background-image":"","background-repeat":"repeat","background-position":"center center","background-size":"auto","background-attachment":"scroll","background-type":"","background-media":"","overlay-type":"","overlay-color":"","overlay-opacity":"","overlay-gradient":""}},"ast-content-background-meta":{"desktop":{"background-color":"var(--ast-global-color-5)","background-image":"","background-repeat":"repeat","background-position":"center center","background-size":"auto","background-attachment":"scroll","background-type":"","background-media":"","overlay-type":"","overlay-color":"","overlay-opacity":"","overlay-gradient":""},"tablet":{"background-color":"var(--ast-global-color-5)","background-image":"","background-repeat":"repeat","background-position":"center center","background-size":"auto","background-attachment":"scroll","background-type":"","background-media":"","overlay-type":"","overlay-color":"","overlay-opacity":"","overlay-gradient":""},"mobile":{"background-color":"var(--ast-global-color-5)","background-image":"","background-repeat":"repeat","background-position":"center center","background-size":"auto","background-attachment":"scroll","background-type":"","background-media":"","overlay-type":"","overlay-color":"","overlay-opacity":"","overlay-gradient":""}},"footnotes":""},"class_list":["post-8478","page","type-page","status-publish","hentry"],"acf":[],"yoast_head":"<!-- This site is optimized with the Yoast SEO plugin v27.6 - https:\/\/yoast.com\/product\/yoast-seo-wordpress\/ -->\n<title>Aksesueshm\u00ebria - Legal<\/title>\n<meta name=\"robots\" content=\"noindex, follow, max-snippet:-1, max-image-preview:large, max-video-preview:-1\" \/>\n<meta property=\"og:locale\" content=\"en_US\" \/>\n<meta property=\"og:type\" content=\"article\" \/>\n<meta property=\"og:title\" content=\"Aksesueshm\u00ebria - Legal\" \/>\n<meta property=\"og:description\" content=\"Deklarata e aksesueshm\u00ebris\u00eb Ne besojm\u00eb se interneti duhet t\u00eb jet\u00eb i disponuesh\u00ebm dhe i arritsh\u00ebm p\u00ebr t\u00eb gjith\u00eb dhe jemi t\u00eb p\u00ebrkushtuar t\u00eb ofrojm\u00eb nj\u00eb faqe interneti q\u00eb \u00ebsht\u00eb e arritshme p\u00ebr audienc\u00ebn m\u00eb t\u00eb gjer\u00eb t\u00eb mundshme. Ne synojm\u00eb t\u00eb ndjekim Udh\u00ebzimet 2.1 (WCAG 2.1) t\u00eb Konsorciumit World Wide Web (W3C) p\u00ebr Aksesueshm\u00ebrin\u00eb e [&hellip;]\" \/>\n<meta property=\"og:url\" content=\"https:\/\/legal.bestway.eu\/al-sq\/accessibility\/\" \/>\n<meta property=\"og:site_name\" content=\"Legal\" \/>\n<meta property=\"article:modified_time\" content=\"2025-06-16T09:33:50+00:00\" \/>\n<meta name=\"twitter:card\" content=\"summary_large_image\" \/>\n<meta name=\"twitter:label1\" content=\"Est. reading time\" \/>\n\t<meta name=\"twitter:data1\" content=\"6 minutes\" \/>\n<script type=\"application\/ld+json\" class=\"yoast-schema-graph\">{\"@context\":\"https:\\\/\\\/schema.org\",\"@graph\":[{\"@type\":\"WebPage\",\"@id\":\"https:\\\/\\\/legal.bestway.eu\\\/al-sq\\\/accessibility\\\/\",\"url\":\"https:\\\/\\\/legal.bestway.eu\\\/al-sq\\\/accessibility\\\/\",\"name\":\"Aksesueshm\u00ebria - Legal\",\"isPartOf\":{\"@id\":\"https:\\\/\\\/legal.bestway.eu\\\/al-sq\\\/#website\"},\"datePublished\":\"2025-06-09T13:47:15+00:00\",\"dateModified\":\"2025-06-16T09:33:50+00:00\",\"inLanguage\":\"al-sq\",\"potentialAction\":[{\"@type\":\"ReadAction\",\"target\":[\"https:\\\/\\\/legal.bestway.eu\\\/al-sq\\\/accessibility\\\/\"]}]},{\"@type\":\"WebSite\",\"@id\":\"https:\\\/\\\/legal.bestway.eu\\\/al-sq\\\/#website\",\"url\":\"https:\\\/\\\/legal.bestway.eu\\\/al-sq\\\/\",\"name\":\"Legal\",\"description\":\"Legal\",\"publisher\":{\"@id\":\"https:\\\/\\\/legal.bestway.eu\\\/al-sq\\\/#organization\"},\"potentialAction\":[{\"@type\":\"SearchAction\",\"target\":{\"@type\":\"EntryPoint\",\"urlTemplate\":\"https:\\\/\\\/legal.bestway.eu\\\/al-sq\\\/?s={search_term_string}\"},\"query-input\":{\"@type\":\"PropertyValueSpecification\",\"valueRequired\":true,\"valueName\":\"search_term_string\"}}],\"inLanguage\":\"al-sq\"},{\"@type\":\"Organization\",\"@id\":\"https:\\\/\\\/legal.bestway.eu\\\/al-sq\\\/#organization\",\"name\":\"Legal\",\"url\":\"https:\\\/\\\/legal.bestway.eu\\\/al-sq\\\/\",\"logo\":{\"@type\":\"ImageObject\",\"inLanguage\":\"al-sq\",\"@id\":\"https:\\\/\\\/legal.bestway.eu\\\/al-sq\\\/#\\\/schema\\\/logo\\\/image\\\/\",\"url\":\"https:\\\/\\\/legal.bestway.eu\\\/wp-content\\\/uploads\\\/sites\\\/2\\\/2023\\\/10\\\/bw-white-logo@2x.png\",\"contentUrl\":\"https:\\\/\\\/legal.bestway.eu\\\/wp-content\\\/uploads\\\/sites\\\/2\\\/2023\\\/10\\\/bw-white-logo@2x.png\",\"width\":348,\"height\":138,\"caption\":\"Legal\"},\"image\":{\"@id\":\"https:\\\/\\\/legal.bestway.eu\\\/al-sq\\\/#\\\/schema\\\/logo\\\/image\\\/\"}}]}<\/script>\n<!-- \/ Yoast SEO plugin. -->","yoast_head_json":{"title":"Aksesueshm\u00ebria - Legal","robots":{"index":"noindex","follow":"follow","max-snippet":"max-snippet:-1","max-image-preview":"max-image-preview:large","max-video-preview":"max-video-preview:-1"},"og_locale":"en_US","og_type":"article","og_title":"Aksesueshm\u00ebria - Legal","og_description":"Deklarata e aksesueshm\u00ebris\u00eb Ne besojm\u00eb se interneti duhet t\u00eb jet\u00eb i disponuesh\u00ebm dhe i arritsh\u00ebm p\u00ebr t\u00eb gjith\u00eb dhe jemi t\u00eb p\u00ebrkushtuar t\u00eb ofrojm\u00eb nj\u00eb faqe interneti q\u00eb \u00ebsht\u00eb e arritshme p\u00ebr audienc\u00ebn m\u00eb t\u00eb gjer\u00eb t\u00eb mundshme. Ne synojm\u00eb t\u00eb ndjekim Udh\u00ebzimet 2.1 (WCAG 2.1) t\u00eb Konsorciumit World Wide Web (W3C) p\u00ebr Aksesueshm\u00ebrin\u00eb e [&hellip;]","og_url":"https:\/\/legal.bestway.eu\/al-sq\/accessibility\/","og_site_name":"Legal","article_modified_time":"2025-06-16T09:33:50+00:00","twitter_card":"summary_large_image","twitter_misc":{"Est. reading time":"6 minutes"},"schema":{"@context":"https:\/\/schema.org","@graph":[{"@type":"WebPage","@id":"https:\/\/legal.bestway.eu\/al-sq\/accessibility\/","url":"https:\/\/legal.bestway.eu\/al-sq\/accessibility\/","name":"Aksesueshm\u00ebria - Legal","isPartOf":{"@id":"https:\/\/legal.bestway.eu\/al-sq\/#website"},"datePublished":"2025-06-09T13:47:15+00:00","dateModified":"2025-06-16T09:33:50+00:00","inLanguage":"al-sq","potentialAction":[{"@type":"ReadAction","target":["https:\/\/legal.bestway.eu\/al-sq\/accessibility\/"]}]},{"@type":"WebSite","@id":"https:\/\/legal.bestway.eu\/al-sq\/#website","url":"https:\/\/legal.bestway.eu\/al-sq\/","name":"Legal","description":"Legal","publisher":{"@id":"https:\/\/legal.bestway.eu\/al-sq\/#organization"},"potentialAction":[{"@type":"SearchAction","target":{"@type":"EntryPoint","urlTemplate":"https:\/\/legal.bestway.eu\/al-sq\/?s={search_term_string}"},"query-input":{"@type":"PropertyValueSpecification","valueRequired":true,"valueName":"search_term_string"}}],"inLanguage":"al-sq"},{"@type":"Organization","@id":"https:\/\/legal.bestway.eu\/al-sq\/#organization","name":"Legal","url":"https:\/\/legal.bestway.eu\/al-sq\/","logo":{"@type":"ImageObject","inLanguage":"al-sq","@id":"https:\/\/legal.bestway.eu\/al-sq\/#\/schema\/logo\/image\/","url":"https:\/\/legal.bestway.eu\/wp-content\/uploads\/sites\/2\/2023\/10\/bw-white-logo@2x.png","contentUrl":"https:\/\/legal.bestway.eu\/wp-content\/uploads\/sites\/2\/2023\/10\/bw-white-logo@2x.png","width":348,"height":138,"caption":"Legal"},"image":{"@id":"https:\/\/legal.bestway.eu\/al-sq\/#\/schema\/logo\/image\/"}}]}},"_links":{"self":[{"href":"https:\/\/legal.bestway.eu\/al-sq\/wp-json\/wp\/v2\/pages\/8478","targetHints":{"allow":["GET"]}}],"collection":[{"href":"https:\/\/legal.bestway.eu\/al-sq\/wp-json\/wp\/v2\/pages"}],"about":[{"href":"https:\/\/legal.bestway.eu\/al-sq\/wp-json\/wp\/v2\/types\/page"}],"author":[{"embeddable":true,"href":"https:\/\/legal.bestway.eu\/al-sq\/wp-json\/wp\/v2\/users\/1"}],"replies":[{"embeddable":true,"href":"https:\/\/legal.bestway.eu\/al-sq\/wp-json\/wp\/v2\/comments?post=8478"}],"version-history":[{"count":5,"href":"https:\/\/legal.bestway.eu\/al-sq\/wp-json\/wp\/v2\/pages\/8478\/revisions"}],"predecessor-version":[{"id":8484,"href":"https:\/\/legal.bestway.eu\/al-sq\/wp-json\/wp\/v2\/pages\/8478\/revisions\/8484"}],"wp:attachment":[{"href":"https:\/\/legal.bestway.eu\/al-sq\/wp-json\/wp\/v2\/media?parent=8478"}],"curies":[{"name":"wp","href":"https:\/\/api.w.org\/{rel}","templated":true}]}}