{"id":7306,"date":"2023-10-24T11:15:40","date_gmt":"2023-10-24T09:15:40","guid":{"rendered":"https:\/\/legal.bestway.eu\/?page_id=7306"},"modified":"2026-02-10T10:46:18","modified_gmt":"2026-02-10T09:46:18","slug":"warranty-extension","status":"publish","type":"page","link":"https:\/\/legal.bestway.eu\/al-sq\/warranty-extension\/","title":{"rendered":"Garancia Bestway\u00a0"},"content":{"rendered":"\t\t<div data-elementor-type=\"wp-page\" data-elementor-id=\"7306\" class=\"elementor elementor-7306\" data-elementor-post-type=\"page\">\n\t\t\t\t<div class=\"elementor-element elementor-element-201a7b e-flex e-con-boxed e-con e-parent\" data-id=\"201a7b\" data-element_type=\"container\" data-e-type=\"container\">\n\t\t\t\t\t<div class=\"e-con-inner\">\n\t\t\t\t<div class=\"elementor-element elementor-element-3862fa4 elementor-widget elementor-widget-text-editor\" data-id=\"3862fa4\" data-element_type=\"widget\" data-e-type=\"widget\" data-widget_type=\"text-editor.default\">\n\t\t\t\t<div class=\"elementor-widget-container\">\n\t\t\t\t\t\t\t\t\t<div class=\"lRu31\" dir=\"ltr\"><span class=\"HwtZe\" lang=\"sq\"><span class=\"jCAhz ChMk0b\"><span class=\"ryNqvb\">M\u00eb posht\u00eb jan\u00eb kushtet e garancis\u00eb t\u00eb aplikuara nga BESTWAY EUROPE S.p.A., me zyr\u00eb t\u00eb regjistruar n\u00eb Via della Resistenza n.<\/span><\/span> <span class=\"jCAhz ChMk0b\"><span class=\"ryNqvb\">5, San Giuliano Milanese (20098) &#8211; Milano, Itali (n\u00eb tekstin e m\u00ebtejm\u00eb &#8220;BESTWAY&#8221;), p\u00ebr produktet e shitura brenda Zon\u00ebs Ekonomike Evropiane n\u00ebn mark\u00ebn BESTWAY.<\/span><\/span><\/span><div class=\"OvtS8d\">\u00a0<\/div><div id=\"ow28\">\u00a0<\/div><\/div><div class=\"UdTY9 WdefRb\" aria-hidden=\"true\" data-location=\"2\">\u00a0<\/div>\t\t\t\t\t\t\t\t<\/div>\n\t\t\t\t<\/div>\n\t\t\t\t\t<\/div>\n\t\t\t\t<\/div>\n\t\t<div class=\"elementor-element elementor-element-2d7f1d1b e-flex e-con-boxed e-con e-parent\" data-id=\"2d7f1d1b\" data-element_type=\"container\" data-e-type=\"container\">\n\t\t\t\t\t<div class=\"e-con-inner\">\n\t\t\t\t<div class=\"elementor-element elementor-element-7112739 elementor-widget elementor-widget-heading\" data-id=\"7112739\" data-element_type=\"widget\" data-e-type=\"widget\" data-widget_type=\"heading.default\">\n\t\t\t\t<div class=\"elementor-widget-container\">\n\t\t\t\t\t<h2 class=\"elementor-heading-title elementor-size-default\">Garanci ligjore<\/h2>\t\t\t\t<\/div>\n\t\t\t\t<\/div>\n\t\t\t\t<div class=\"elementor-element elementor-element-0f3351f elementor-widget elementor-widget-text-editor\" data-id=\"0f3351f\" data-element_type=\"widget\" data-e-type=\"widget\" data-widget_type=\"text-editor.default\">\n\t\t\t\t<div class=\"elementor-widget-container\">\n\t\t\t\t\t\t\t\t\t<div id=\"\/warranty#legal-warranty\" class=\"uppercase title3 corp-text mrgn-b-10 CocogoosePro-Light\"><span style=\"font-style: inherit; font-weight: inherit;\">1.1 Garancia ligjore sigurohet nga direktivat evropiane 1999\/44\/EC dhe 2019\/771\/EC, t\u00eb cilat kan\u00eb p\u00ebr q\u00ebllim t\u00eb mbrojn\u00eb konsumatorin, si\u00e7 tregohet m\u00eb posht\u00eb, n\u00eb rast se mallrat e blera (\u201cproduktet\u201d) kan\u00eb probleme konformiteti.<\/span><\/div><ul class=\"points-list-blue\">\n<\/ul>\n<p>1.2 Sipas direktivave evropiane t\u00eb p\u00ebrmendura m\u00eb sip\u00ebr, konsumatori \u00ebsht\u00eb \u00e7do person fizik q\u00eb ble nj\u00eb produkt p\u00ebr q\u00ebllime q\u00eb nuk kan\u00eb lidhje me biznesin, tregtin\u00eb, zanatin ose profesionin e tij ose t\u00eb saj (\u201ckonsumatori\u201d).<\/p>\n<p>1.3 Garancia ligjore zgjat 24 muaj nga koha e d\u00ebrgimit t\u00eb produkteve te konsumatori. Ju lutemi t\u00eb mbani parasysh se kushtet q\u00eb tregohen n\u00eb direktivat e p\u00ebrmendura nuk zbatohen jasht\u00eb vendeve t\u00eb Zon\u00ebs Ekonomike Evropiane, p\u00ebr t\u00eb cilat zbatohet ligji p\u00ebrkat\u00ebs vend\u00ebs.<\/p>\n<p>1.4 N\u00ebse konsumatori beson se ka bler\u00eb nj\u00eb produkt me defekt konformiteti, konsumatori duhet t\u00eb kontaktoj\u00eb shit\u00ebsin p\u00ebr t\u00eb p\u00ebrdorur garancin\u00eb p\u00ebrkat\u00ebse<\/p>\n<p>1.5 BESTWAY do t\u00eb ofroj\u00eb garancin\u00eb, p\u00ebr \u00e7do defekt konformiteti t\u00eb mundsh\u00ebm t\u00eb produkteve, p\u00ebr konsumatorin q\u00eb ka bler\u00eb produktet drejtp\u00ebrdrejt nga vet\u00eb BESTWAY.<\/p>\t\t\t\t\t\t\t\t<\/div>\n\t\t\t\t<\/div>\n\t\t\t\t<div class=\"elementor-element elementor-element-1fe5510 elementor-widget elementor-widget-heading\" data-id=\"1fe5510\" data-element_type=\"widget\" data-e-type=\"widget\" data-widget_type=\"heading.default\">\n\t\t\t\t<div class=\"elementor-widget-container\">\n\t\t\t\t\t<h2 class=\"elementor-heading-title elementor-size-default\">Garancia e prodhuesit<\/h2>\t\t\t\t<\/div>\n\t\t\t\t<\/div>\n\t\t\t\t<div class=\"elementor-element elementor-element-b5b3ff4 elementor-widget elementor-widget-text-editor\" data-id=\"b5b3ff4\" data-element_type=\"widget\" data-e-type=\"widget\" data-widget_type=\"text-editor.default\">\n\t\t\t\t<div class=\"elementor-widget-container\">\n\t\t\t\t\t\t\t\t\t<p><span class=\"jCAhz ChMk0b\"><span class=\"ryNqvb\">Pa paragjykuar garancit\u00eb dhe prerogativat e parashikuara nga ligji dhe pa paragjykuar mund\u00ebsin\u00eb e konsumatorit p\u00ebr t\u00eb aktivizuar garancin\u00eb ligjore t\u00eb lartp\u00ebrmendur, BESTWAY ofron nj\u00eb garanci t\u00eb m\u00ebtejshme (&#8220;Garancia e Prodhuesit BESTWAY&#8221;) p\u00ebr \u00e7do defekt t\u00eb konformitetit, e zbatueshme p\u00ebr nj\u00eb gam\u00eb t\u00eb kufizuar Produktet. <\/span><\/span><\/p><p><span class=\"jCAhz ChMk0b\"><span class=\"ryNqvb\"><a href=\"https:\/\/support.bestway.eu\/al-sq\/warranty\">Klikoni k\u00ebtu<\/a> p\u00ebr t\u00eb m\u00ebsuar termat dhe kushtet, gam\u00ebn e produkteve t\u00eb mbuluara dhe metodat e aktivizimit.<\/span><\/span><\/p>\t\t\t\t\t\t\t\t<\/div>\n\t\t\t\t<\/div>\n\t\t\t\t\t<\/div>\n\t\t\t\t<\/div>\n\t\t\t\t<\/div>\n\t\t","protected":false},"excerpt":{"rendered":"<p>M\u00eb posht\u00eb jan\u00eb kushtet e garancis\u00eb t\u00eb aplikuara nga BESTWAY EUROPE S.p.A., me zyr\u00eb t\u00eb regjistruar n\u00eb Via della Resistenza n. 5, San Giuliano Milanese (20098) &#8211; Milano, Itali (n\u00eb tekstin e m\u00ebtejm\u00eb &#8220;BESTWAY&#8221;), p\u00ebr produktet e shitura brenda Zon\u00ebs Ekonomike Evropiane n\u00ebn mark\u00ebn BESTWAY.\u00a0\u00a0\u00a0 Garanci ligjore 1.1 Garancia ligjore sigurohet nga direktivat evropiane 1999\/44\/EC [&hellip;]<\/p>\n","protected":false},"author":9,"featured_media":0,"parent":0,"menu_order":0,"comment_status":"closed","ping_status":"closed","template":"","meta":{"_acf_changed":false,"site-sidebar-layout":"no-sidebar","site-content-layout":"page-builder","ast-site-content-layout":"full-width-container","site-content-style":"default","site-sidebar-style":"default","ast-global-header-display":"","ast-banner-title-visibility":"","ast-main-header-display":"","ast-hfb-above-header-display":"","ast-hfb-below-header-display":"","ast-hfb-mobile-header-display":"","site-post-title":"disabled","ast-breadcrumbs-content":"","ast-featured-img":"disabled","footer-sml-layout":"","ast-disable-related-posts":"","theme-transparent-header-meta":"","adv-header-id-meta":"","stick-header-meta":"","header-above-stick-meta":"","header-main-stick-meta":"","header-below-stick-meta":"","astra-migrate-meta-layouts":"set","ast-page-background-enabled":"default","ast-page-background-meta":{"desktop":{"background-color":"var(--ast-global-color-4)","background-image":"","background-repeat":"repeat","background-position":"center center","background-size":"auto","background-attachment":"scroll","background-type":"","background-media":"","overlay-type":"","overlay-color":"","overlay-opacity":"","overlay-gradient":""},"tablet":{"background-color":"","background-image":"","background-repeat":"repeat","background-position":"center center","background-size":"auto","background-attachment":"scroll","background-type":"","background-media":"","overlay-type":"","overlay-color":"","overlay-opacity":"","overlay-gradient":""},"mobile":{"background-color":"","background-image":"","background-repeat":"repeat","background-position":"center center","background-size":"auto","background-attachment":"scroll","background-type":"","background-media":"","overlay-type":"","overlay-color":"","overlay-opacity":"","overlay-gradient":""}},"ast-content-background-meta":{"desktop":{"background-color":"var(--ast-global-color-5)","background-image":"","background-repeat":"repeat","background-position":"center center","background-size":"auto","background-attachment":"scroll","background-type":"","background-media":"","overlay-type":"","overlay-color":"","overlay-opacity":"","overlay-gradient":""},"tablet":{"background-color":"var(--ast-global-color-5)","background-image":"","background-repeat":"repeat","background-position":"center center","background-size":"auto","background-attachment":"scroll","background-type":"","background-media":"","overlay-type":"","overlay-color":"","overlay-opacity":"","overlay-gradient":""},"mobile":{"background-color":"var(--ast-global-color-5)","background-image":"","background-repeat":"repeat","background-position":"center center","background-size":"auto","background-attachment":"scroll","background-type":"","background-media":"","overlay-type":"","overlay-color":"","overlay-opacity":"","overlay-gradient":""}},"footnotes":""},"class_list":["post-7306","page","type-page","status-publish","hentry"],"acf":[],"yoast_head":"<!-- This site is optimized with the Yoast SEO plugin v27.4 - https:\/\/yoast.com\/product\/yoast-seo-wordpress\/ -->\n<title>Garancia Bestway\u00a0 - Legal<\/title>\n<meta name=\"robots\" content=\"noindex, follow, max-snippet:-1, max-image-preview:large, max-video-preview:-1\" \/>\n<meta property=\"og:locale\" content=\"en_US\" \/>\n<meta property=\"og:type\" content=\"article\" \/>\n<meta property=\"og:title\" content=\"Garancia Bestway\u00a0 - Legal\" \/>\n<meta property=\"og:description\" content=\"M\u00eb posht\u00eb jan\u00eb kushtet e garancis\u00eb t\u00eb aplikuara nga BESTWAY EUROPE S.p.A., me zyr\u00eb t\u00eb regjistruar n\u00eb Via della Resistenza n. 5, San Giuliano Milanese (20098) &#8211; Milano, Itali (n\u00eb tekstin e m\u00ebtejm\u00eb &#8220;BESTWAY&#8221;), p\u00ebr produktet e shitura brenda Zon\u00ebs Ekonomike Evropiane n\u00ebn mark\u00ebn BESTWAY.\u00a0\u00a0\u00a0 Garanci ligjore 1.1 Garancia ligjore sigurohet nga direktivat evropiane 1999\/44\/EC [&hellip;]\" \/>\n<meta property=\"og:url\" content=\"https:\/\/legal.bestway.eu\/al-sq\/warranty-extension\/\" \/>\n<meta property=\"og:site_name\" content=\"Legal\" \/>\n<meta property=\"article:modified_time\" content=\"2026-02-10T09:46:18+00:00\" \/>\n<meta name=\"twitter:card\" content=\"summary_large_image\" \/>\n<meta name=\"twitter:label1\" content=\"Est. reading time\" \/>\n\t<meta name=\"twitter:data1\" content=\"2 minutes\" \/>\n<script type=\"application\/ld+json\" class=\"yoast-schema-graph\">{\"@context\":\"https:\\\/\\\/schema.org\",\"@graph\":[{\"@type\":\"WebPage\",\"@id\":\"https:\\\/\\\/legal.bestway.eu\\\/al-sq\\\/warranty-extension\\\/\",\"url\":\"https:\\\/\\\/legal.bestway.eu\\\/al-sq\\\/warranty-extension\\\/\",\"name\":\"Garancia Bestway\u00a0 - Legal\",\"isPartOf\":{\"@id\":\"https:\\\/\\\/legal.bestway.eu\\\/al-sq\\\/#website\"},\"datePublished\":\"2023-10-24T09:15:40+00:00\",\"dateModified\":\"2026-02-10T09:46:18+00:00\",\"inLanguage\":\"al-sq\",\"potentialAction\":[{\"@type\":\"ReadAction\",\"target\":[\"https:\\\/\\\/legal.bestway.eu\\\/al-sq\\\/warranty-extension\\\/\"]}]},{\"@type\":\"WebSite\",\"@id\":\"https:\\\/\\\/legal.bestway.eu\\\/al-sq\\\/#website\",\"url\":\"https:\\\/\\\/legal.bestway.eu\\\/al-sq\\\/\",\"name\":\"Legal\",\"description\":\"Legal\",\"publisher\":{\"@id\":\"https:\\\/\\\/legal.bestway.eu\\\/al-sq\\\/#organization\"},\"potentialAction\":[{\"@type\":\"SearchAction\",\"target\":{\"@type\":\"EntryPoint\",\"urlTemplate\":\"https:\\\/\\\/legal.bestway.eu\\\/al-sq\\\/?s={search_term_string}\"},\"query-input\":{\"@type\":\"PropertyValueSpecification\",\"valueRequired\":true,\"valueName\":\"search_term_string\"}}],\"inLanguage\":\"al-sq\"},{\"@type\":\"Organization\",\"@id\":\"https:\\\/\\\/legal.bestway.eu\\\/al-sq\\\/#organization\",\"name\":\"Legal\",\"url\":\"https:\\\/\\\/legal.bestway.eu\\\/al-sq\\\/\",\"logo\":{\"@type\":\"ImageObject\",\"inLanguage\":\"al-sq\",\"@id\":\"https:\\\/\\\/legal.bestway.eu\\\/al-sq\\\/#\\\/schema\\\/logo\\\/image\\\/\",\"url\":\"https:\\\/\\\/legal.bestway.eu\\\/wp-content\\\/uploads\\\/sites\\\/2\\\/2023\\\/10\\\/bw-white-logo@2x.png\",\"contentUrl\":\"https:\\\/\\\/legal.bestway.eu\\\/wp-content\\\/uploads\\\/sites\\\/2\\\/2023\\\/10\\\/bw-white-logo@2x.png\",\"width\":348,\"height\":138,\"caption\":\"Legal\"},\"image\":{\"@id\":\"https:\\\/\\\/legal.bestway.eu\\\/al-sq\\\/#\\\/schema\\\/logo\\\/image\\\/\"}}]}<\/script>\n<!-- \/ Yoast SEO plugin. -->","yoast_head_json":{"title":"Garancia Bestway\u00a0 - Legal","robots":{"index":"noindex","follow":"follow","max-snippet":"max-snippet:-1","max-image-preview":"max-image-preview:large","max-video-preview":"max-video-preview:-1"},"og_locale":"en_US","og_type":"article","og_title":"Garancia Bestway\u00a0 - Legal","og_description":"M\u00eb posht\u00eb jan\u00eb kushtet e garancis\u00eb t\u00eb aplikuara nga BESTWAY EUROPE S.p.A., me zyr\u00eb t\u00eb regjistruar n\u00eb Via della Resistenza n. 5, San Giuliano Milanese (20098) &#8211; Milano, Itali (n\u00eb tekstin e m\u00ebtejm\u00eb &#8220;BESTWAY&#8221;), p\u00ebr produktet e shitura brenda Zon\u00ebs Ekonomike Evropiane n\u00ebn mark\u00ebn BESTWAY.\u00a0\u00a0\u00a0 Garanci ligjore 1.1 Garancia ligjore sigurohet nga direktivat evropiane 1999\/44\/EC [&hellip;]","og_url":"https:\/\/legal.bestway.eu\/al-sq\/warranty-extension\/","og_site_name":"Legal","article_modified_time":"2026-02-10T09:46:18+00:00","twitter_card":"summary_large_image","twitter_misc":{"Est. reading time":"2 minutes"},"schema":{"@context":"https:\/\/schema.org","@graph":[{"@type":"WebPage","@id":"https:\/\/legal.bestway.eu\/al-sq\/warranty-extension\/","url":"https:\/\/legal.bestway.eu\/al-sq\/warranty-extension\/","name":"Garancia Bestway\u00a0 - Legal","isPartOf":{"@id":"https:\/\/legal.bestway.eu\/al-sq\/#website"},"datePublished":"2023-10-24T09:15:40+00:00","dateModified":"2026-02-10T09:46:18+00:00","inLanguage":"al-sq","potentialAction":[{"@type":"ReadAction","target":["https:\/\/legal.bestway.eu\/al-sq\/warranty-extension\/"]}]},{"@type":"WebSite","@id":"https:\/\/legal.bestway.eu\/al-sq\/#website","url":"https:\/\/legal.bestway.eu\/al-sq\/","name":"Legal","description":"Legal","publisher":{"@id":"https:\/\/legal.bestway.eu\/al-sq\/#organization"},"potentialAction":[{"@type":"SearchAction","target":{"@type":"EntryPoint","urlTemplate":"https:\/\/legal.bestway.eu\/al-sq\/?s={search_term_string}"},"query-input":{"@type":"PropertyValueSpecification","valueRequired":true,"valueName":"search_term_string"}}],"inLanguage":"al-sq"},{"@type":"Organization","@id":"https:\/\/legal.bestway.eu\/al-sq\/#organization","name":"Legal","url":"https:\/\/legal.bestway.eu\/al-sq\/","logo":{"@type":"ImageObject","inLanguage":"al-sq","@id":"https:\/\/legal.bestway.eu\/al-sq\/#\/schema\/logo\/image\/","url":"https:\/\/legal.bestway.eu\/wp-content\/uploads\/sites\/2\/2023\/10\/bw-white-logo@2x.png","contentUrl":"https:\/\/legal.bestway.eu\/wp-content\/uploads\/sites\/2\/2023\/10\/bw-white-logo@2x.png","width":348,"height":138,"caption":"Legal"},"image":{"@id":"https:\/\/legal.bestway.eu\/al-sq\/#\/schema\/logo\/image\/"}}]}},"_links":{"self":[{"href":"https:\/\/legal.bestway.eu\/al-sq\/wp-json\/wp\/v2\/pages\/7306","targetHints":{"allow":["GET"]}}],"collection":[{"href":"https:\/\/legal.bestway.eu\/al-sq\/wp-json\/wp\/v2\/pages"}],"about":[{"href":"https:\/\/legal.bestway.eu\/al-sq\/wp-json\/wp\/v2\/types\/page"}],"author":[{"embeddable":true,"href":"https:\/\/legal.bestway.eu\/al-sq\/wp-json\/wp\/v2\/users\/9"}],"replies":[{"embeddable":true,"href":"https:\/\/legal.bestway.eu\/al-sq\/wp-json\/wp\/v2\/comments?post=7306"}],"version-history":[{"count":7,"href":"https:\/\/legal.bestway.eu\/al-sq\/wp-json\/wp\/v2\/pages\/7306\/revisions"}],"predecessor-version":[{"id":9001,"href":"https:\/\/legal.bestway.eu\/al-sq\/wp-json\/wp\/v2\/pages\/7306\/revisions\/9001"}],"wp:attachment":[{"href":"https:\/\/legal.bestway.eu\/al-sq\/wp-json\/wp\/v2\/media?parent=7306"}],"curies":[{"name":"wp","href":"https:\/\/api.w.org\/{rel}","templated":true}]}}