{"id":7224,"date":"2023-10-24T12:37:41","date_gmt":"2023-10-24T10:37:41","guid":{"rendered":"https:\/\/legal.bestway.eu\/?page_id=7224"},"modified":"2024-12-11T09:34:46","modified_gmt":"2024-12-11T08:34:46","slug":"privacy-notice","status":"publish","type":"page","link":"https:\/\/legal.bestway.eu\/al-sq\/privacy-notice\/","title":{"rendered":"Informacioni i privat\u00ebsis\u00eb &#8211; GDPR"},"content":{"rendered":"\t\t<div data-elementor-type=\"wp-page\" data-elementor-id=\"7224\" class=\"elementor elementor-7224\" data-elementor-post-type=\"page\">\n\t\t\t\t<div class=\"elementor-element elementor-element-4233c87e e-flex e-con-boxed e-con e-parent\" data-id=\"4233c87e\" data-element_type=\"container\" data-e-type=\"container\">\n\t\t\t\t\t<div class=\"e-con-inner\">\n\t\t\t\t<div class=\"elementor-element elementor-element-eeb32c3 elementor-widget elementor-widget-menu-anchor\" data-id=\"eeb32c3\" data-element_type=\"widget\" data-e-type=\"widget\" data-widget_type=\"menu-anchor.default\">\n\t\t\t\t<div class=\"elementor-widget-container\">\n\t\t\t\t\t\t\t<div class=\"elementor-menu-anchor\" id=\"BoxNewsletter\"><\/div>\n\t\t\t\t\t\t<\/div>\n\t\t\t\t<\/div>\n\t\t\t\t<div class=\"elementor-element elementor-element-3c097587 elementor-widget elementor-widget-heading\" data-id=\"3c097587\" data-element_type=\"widget\" data-e-type=\"widget\" data-widget_type=\"heading.default\">\n\t\t\t\t<div class=\"elementor-widget-container\">\n\t\t\t\t\t<h2 class=\"elementor-heading-title elementor-size-default\">Marketingu<\/h2>\t\t\t\t<\/div>\n\t\t\t\t<\/div>\n\t\t\t\t<div class=\"elementor-element elementor-element-375d8ec elementor-widget elementor-widget-text-editor\" data-id=\"375d8ec\" data-element_type=\"widget\" data-e-type=\"widget\" data-widget_type=\"text-editor.default\">\n\t\t\t\t<div class=\"elementor-widget-container\">\n\t\t\t\t\t\t\t\t\t<p>N\u00eb p\u00ebrputhje me Rregulloren Evropiane 2016\/679 (GDPR), sipas ndryshimeve dhe shtesave q\u00eb jan\u00eb b\u00ebr\u00eb n\u00eb t\u00eb<\/p><p>Kontrolluesi i t\u00eb dh\u00ebnave: BESTWAY EUROPE S.P.A., me zyra t\u00eb regjistruara n\u00eb San Giuliano Milanese (Mi), via Resistenza 5 (&#8220;BESTWAY&#8221;), Itali.<\/p><p>DPO: <a href=\"mailto:privacy@bestwaycorp.eu\">privacy@bestwaycorp.eu<\/a><\/p><p>Kontrollori i t\u00eb dh\u00ebnave do t\u00eb p\u00ebrpunoj\u00eb t\u00eb dh\u00ebnat e m\u00ebposhtme:<\/p><p>Pas marrjes s\u00eb miratimit tuaj duke sh\u00ebnuar kutin\u00eb p\u00ebrkat\u00ebse, kontrollori i t\u00eb dh\u00ebnave do t\u00eb p\u00ebrpunoj\u00eb t\u00eb dh\u00ebnat tuaja p\u00ebr q\u00ebllime marketingu, p\u00ebr t\u2019ju d\u00ebrguar buletine q\u00eb p\u00ebrmbajn\u00eb informacione dhe p\u00ebrdit\u00ebsime lidhur me produktet, sh\u00ebrbimet, aktivitetet dhe ofertat e BESTWAY. Baza ligjore p\u00ebr p\u00ebrpunimin e t\u00eb dh\u00ebnave q\u00eb jepni ju \u00ebsht\u00eb miratimi juaj i lir\u00eb dhe me d\u00ebshir\u00eb; n\u00ebse nuk pranoni t\u00eb jepni k\u00ebt\u00eb miratim, kjo vet\u00ebm do t\u2019ju pengoj\u00eb t\u00eb merrni komunikimet q\u00eb tregohen m\u00eb sip\u00ebr.<\/p><p>T\u00eb dh\u00ebnat tuaja do t\u00eb p\u00ebrpunohen n\u00eb let\u00ebr dhe n\u00eb form\u00eb elektronike n\u00eb p\u00ebrputhje me ligjin aktual p\u00ebr mbrojtjen e t\u00eb dh\u00ebnave personale (Rregullorja e BE 679\/2016 ose &#8220;GDPR&#8221; t\u00eb ndryshuar ose plot\u00ebsuar). T\u00eb dh\u00ebnat personale q\u00eb jepni mund t\u2019u zbulohen pal\u00ebve t\u00eb treta, si p\u00ebr shembull personave, shoq\u00ebrive, firmave profesionale dhe kompanive q\u00eb ofrojn\u00eb sh\u00ebrbime dhe aktivitete konsulence dhe mb\u00ebshtetjeje p\u00ebr BESTWAY (duke p\u00ebrfshir\u00eb kompanit\u00eb e BESTWAY Group, q\u00eb mund t\u00eb ndodhen jasht\u00eb BE), n\u00eb kapacitetin e tyre si p\u00ebrpunues t\u00eb t\u00eb dh\u00ebnave n\u00ebse jan\u00eb caktuar si\u00e7 duhet dhe me kusht q\u00eb t\u00eb ket\u00eb masa mbrojt\u00ebse t\u00eb p\u00ebrshtatshme p\u00ebr mbrojtjen e t\u00eb dh\u00ebnave personale, kontrolluesit e p\u00ebrbashk\u00ebt t\u00eb t\u00eb dh\u00ebnave ose kontrolluesit e pavarur t\u00eb t\u00eb dh\u00ebnave, si edhe personeli i BESTWAY i caktuar i p\u00ebrpunues i t\u00eb dh\u00ebnave vet\u00ebm p\u00ebr q\u00ebllimet q\u00eb tregohen m\u00eb sip\u00ebr. Nj\u00eb list\u00eb e plot\u00eb e kontrolluesve t\u00eb t\u00eb dh\u00ebnave ose p\u00ebrpunuesve t\u00eb t\u00eb dh\u00ebnave t\u00eb cil\u00ebve mund t\u2019u zbulohen t\u00eb dh\u00ebnat mund t\u00eb merret n\u00ebse b\u00ebhet k\u00ebrkes\u00eb.<\/p><p>P\u00ebr sa u p\u00ebrket q\u00ebllimeve t\u00eb marketingut, t\u00eb dh\u00ebnat tuaja do t\u00eb ruhen p\u00ebr jo m\u00eb shum\u00eb se 8 vjet nga koha kur keni dh\u00ebn\u00eb lejen tuaj. Klient\u00ebt mund t\u00eb \u00e7regjistrohen nga \u00e7do sh\u00ebrbim buletini n\u00eb \u00e7far\u00ebdo kohe duke klikuar lidhjen &#8220;\u00e7regjistrohu&#8221; q\u00eb ndodhet n\u00eb \u00e7do email ose duke d\u00ebrguar nj\u00eb email te <a href=\"mailto:privacy@bestwaycorp.eu\">privacy@bestwaycorp.eu<\/a>.<\/p><p>Ju mund t\u2019i ushtroni n\u00eb \u00e7far\u00ebdo kohe t\u00eb drejtat tuaja q\u00eb tregohen te neni 15 e m\u00eb tej t\u00eb Rregullores, duke p\u00ebrfshir\u00eb, n\u00eb ve\u00e7anti, t\u00eb drejt\u00ebn p\u00ebr t\u00eb pasur qasje n\u00eb t\u00eb dh\u00ebnat tuaja, t\u00eb drejt\u00ebn p\u00ebr t\u00eb korrigjuar, t\u00eb drejt\u00ebn p\u00ebr t\u00eb fshir\u00eb, t\u00eb drejt\u00ebn p\u00ebr t\u00eb kund\u00ebrshtuar p\u00ebrpunimin e tyre, t\u00eb drejt\u00ebn p\u00ebr t\u00eb marr\u00eb me vete dhe t\u00eb drejt\u00ebn p\u00ebr t\u00eb paraqitur ankes\u00eb para Autoritetit p\u00ebr Mbrojtjen e t\u00eb Dh\u00ebnave Personale t\u00eb caktuar n\u00eb vendin tuaj (<a href=\"https:\/\/edpb.europa.eu\/about-edpb\/board\/members_en\" target=\"_blank\" rel=\"noopener\">https:\/\/edpb.europa.eu\/about-edpb\/board\/members_en<\/a>).<\/p><p>T\u00eb drejtat e p\u00ebrmendura m\u00eb sip\u00ebr mund t\u00eb ushtrohen duke d\u00ebrguar email n\u00eb adres\u00ebn e m\u00ebposhtme <a href=\"mailto:privacy@bestwaycorp.eu\">privacy@bestwaycorp.eu<\/a><\/p>\t\t\t\t\t\t\t\t<\/div>\n\t\t\t\t<\/div>\n\t\t\t\t\t<\/div>\n\t\t\t\t<\/div>\n\t\t<div class=\"elementor-element elementor-element-fc9e459 e-flex e-con-boxed e-con e-parent\" data-id=\"fc9e459\" data-element_type=\"container\" data-e-type=\"container\">\n\t\t\t\t\t<div class=\"e-con-inner\">\n\t\t\t\t<div class=\"elementor-element elementor-element-4ff1b8f6 elementor-widget elementor-widget-menu-anchor\" data-id=\"4ff1b8f6\" data-element_type=\"widget\" data-e-type=\"widget\" data-widget_type=\"menu-anchor.default\">\n\t\t\t\t<div class=\"elementor-widget-container\">\n\t\t\t\t\t\t\t<div class=\"elementor-menu-anchor\" id=\"Sitoassistenza\"><\/div>\n\t\t\t\t\t\t<\/div>\n\t\t\t\t<\/div>\n\t\t\t\t<div class=\"elementor-element elementor-element-33a4a549 elementor-widget elementor-widget-heading\" data-id=\"33a4a549\" data-element_type=\"widget\" data-e-type=\"widget\" data-widget_type=\"heading.default\">\n\t\t\t\t<div class=\"elementor-widget-container\">\n\t\t\t\t\t<h2 class=\"elementor-heading-title elementor-size-default\">Faqja e mb\u00ebshtetjes<\/h2>\t\t\t\t<\/div>\n\t\t\t\t<\/div>\n\t\t\t\t<div class=\"elementor-element elementor-element-10d7938d elementor-widget elementor-widget-text-editor\" data-id=\"10d7938d\" data-element_type=\"widget\" data-e-type=\"widget\" data-widget_type=\"text-editor.default\">\n\t\t\t\t<div class=\"elementor-widget-container\">\n\t\t\t\t\t\t\t\t\t<p>N\u00eb p\u00ebrputhje me Rregulloren Evropiane 2016\/679 (GDPR), sipas ndryshimeve dhe shtesave q\u00eb jan\u00eb b\u00ebr\u00eb n\u00eb t\u00eb<\/p><p>Kontrolluesi i t\u00eb dh\u00ebnave: BESTWAY EUROPE S.P.A., me zyra t\u00eb regjistruara n\u00eb San Giuliano Milanese (Mi), via Resistenza 5 (&#8220;BESTWAY&#8221;), Itali.<\/p><p>DPO: <a href=\"mailto:privacy@bestwaycorp.eu\">privacy@bestwaycorp.eu<\/a><\/p><p>Kontrollori i t\u00eb dh\u00ebnave do t\u00eb p\u00ebrpunoj\u00eb t\u00eb dh\u00ebnat e m\u00ebposhtme:<\/p><p>i)\u00a0Emri dhe mbiemri, adresa e emailit, adresa e d\u00ebrges\u00ebs dhe numri i telefonit p\u00ebr t&#8217;ju ofruar sh\u00ebrbimin e menaxhimit t\u00eb ankesave duke hapur nj\u00eb llogari t\u00eb personalizuar n\u00eb faqen e internetit BESTWAY, ku mund t\u00eb hyhet duke futur emrin e p\u00ebrdoruesit dhe fjal\u00ebkalimin q\u00eb do t&#8217;ju komunikohet me email (ky i fundit duhet ndryshuar me hyrjen e par\u00eb) dhe marrja p\u00ebrsip\u00ebr, si dhe menaxhimi i duhur i raportit tuaj p\u00ebr sh\u00ebrbim t\u00eb pap\u00ebrshtatsh\u00ebm, p\u00ebr q\u00ebllime administrative dhe kontab\u00ebl, p\u00ebr p\u00ebrmbushjen e detyrimeve ligjore ose rregullatore.<\/p><p>ii) p\u00ebr q\u00ebllime marketingu, p\u00ebr t\u2019ju d\u00ebrguar buletine q\u00eb p\u00ebrmbajn\u00eb informacione dhe p\u00ebrdit\u00ebsime p\u00ebr produktet, aktivitetet dhe ofertat e BESTWAY, por me miratimin tuaj duke sh\u00ebnuar kutin\u00eb p\u00ebrkat\u00ebse.<\/p><p>iii) me miratimin tuaj duke sh\u00ebnuar kutin\u00eb p\u00ebrkat\u00ebse, informacione t\u00eb tilla si, gjinia, mosha, statusi i pun\u00ebsimit, motivimi p\u00ebr blerjen e produktit, m\u00ebnyra e blerjes s\u00eb produktit, dhe numri i f\u00ebmij\u00ebve n\u00eb familje mund t\u00eb merren p\u00ebr q\u00ebllime statistikore. K\u00ebto t\u00eb dh\u00ebna merren nga BESTWAY p\u00ebr t\u00eb pasur nj\u00eb ide t\u00eb p\u00ebrmbledhur t\u00eb klient\u00ebve, pa u p\u00ebrpjekur p\u00ebr t\u00eb b\u00ebr\u00eb parashikime apo p\u00ebr t\u00eb nxjerr\u00eb p\u00ebrfundime specifike p\u00ebr ju, pasi q\u00ebllimi nuk \u00ebsht\u00eb t\u00eb shqyrtohen karakteristikat individuale.<\/p><p>iv) me miratimin tuaj, duke sh\u00ebnuar kutin\u00eb p\u00ebrkat\u00ebse, ne mund t\u2019ju d\u00ebrgojm\u00eb me email nj\u00eb k\u00ebrkes\u00eb p\u00ebr t\u00eb marr\u00eb pjes\u00eb n\u00eb nj\u00eb anket\u00eb lidhur me produktet tona dhe eksperienc\u00ebn tuaj lidhur me p\u00ebrdorimin e tyre;<\/p><p>Baza ligjore p\u00ebr p\u00ebrpunimin e t\u00eb dh\u00ebnave q\u00eb tregohen n\u00eb k\u00ebt\u00eb pik\u00eb (i) \u00ebsht\u00eb p\u00ebrcaktimi dhe ekzekutimi i kushteve kontraktuale\/tregtare dhe dispozitat ligjore t\u00eb zbatueshme; k\u00ebto t\u00eb dh\u00ebna jan\u00eb t\u00eb detyrueshme dhe refuzimi p\u00ebr t\u2019i siguruar ato mund t\u00eb mos e lejoj\u00eb BESTWAY q\u00eb t\u00eb p\u00ebrmbush\u00eb sh\u00ebrbimin e k\u00ebrkuar. P\u00ebr sa u p\u00ebrket pikave (ii), (iii) dhe (iv) baza ligjore p\u00ebr k\u00ebt\u00eb p\u00ebrpunim \u00ebsht\u00eb miratimi juaj i lir\u00eb dhe me d\u00ebshir\u00eb, dhe n\u00ebse nuk pranoni ta jepni k\u00ebt\u00eb miratim, kjo vet\u00ebm do t\u2019ju pengoj\u00eb t\u00eb merrni komunikimet e p\u00ebrmendura m\u00eb sip\u00ebr.<\/p><p>T\u00eb dh\u00ebnat tuaja do t\u00eb p\u00ebrpunohen n\u00eb let\u00ebr dhe n\u00eb form\u00eb elektronike n\u00eb p\u00ebrputhje me ligjin aktual p\u00ebr mbrojtjen e t\u00eb dh\u00ebnave personale (Rregullorja e BE 679\/2016 ose &#8220;GDPR&#8221; t\u00eb ndryshuar ose plot\u00ebsuar). T\u00eb dh\u00ebnat personale q\u00eb jepni mund t\u2019u zbulohen pal\u00ebve t\u00eb treta, si p\u00ebr shembull personave, shoq\u00ebrive, firmave profesionale dhe kompanive q\u00eb ofrojn\u00eb sh\u00ebrbime dhe aktivitete konsulence dhe mb\u00ebshtetjeje p\u00ebr BESTWAY (duke p\u00ebrfshir\u00eb kompanit\u00eb e BESTWAY Group, q\u00eb mund t\u00eb ndodhen jasht\u00eb BE), n\u00eb kapacitetin e tyre si p\u00ebrpunues t\u00eb t\u00eb dh\u00ebnave n\u00ebse jan\u00eb caktuar si\u00e7 duhet dhe me kusht q\u00eb t\u00eb ket\u00eb masa mbrojt\u00ebse t\u00eb p\u00ebrshtatshme p\u00ebr mbrojtjen e t\u00eb dh\u00ebnave personale, kontrolluesit e p\u00ebrbashk\u00ebt t\u00eb t\u00eb dh\u00ebnave ose kontrolluesit e pavarur t\u00eb t\u00eb dh\u00ebnave, si edhe personeli i BESTWAY i caktuar i p\u00ebrpunues i t\u00eb dh\u00ebnave vet\u00ebm p\u00ebr q\u00ebllimet q\u00eb tregohen m\u00eb sip\u00ebr. Nj\u00eb list\u00eb e plot\u00eb e kontrolluesve t\u00eb t\u00eb dh\u00ebnave ose p\u00ebrpunuesve t\u00eb t\u00eb dh\u00ebnave t\u00eb cil\u00ebve mund t\u2019u zbulohen t\u00eb dh\u00ebnat mund t\u00eb merret n\u00ebse b\u00ebhet k\u00ebrkes\u00eb.<\/p><p>P\u00ebr menaxhimin e ankesave q\u00eb tregohen n\u00eb pik\u00ebn (i), t\u00eb dh\u00ebnat tuaja do t\u00eb ruhen edhe pas p\u00ebrfundimit t\u00eb marr\u00ebdh\u00ebnies kontraktuale\/tregtare me BESTWAY p\u00ebr t\u00eb p\u00ebrmbushur t\u00eb gjitha detyrimet q\u00eb lidhen ose q\u00eb lindin nga p\u00ebrfundimi i marr\u00ebdh\u00ebnies, duke p\u00ebrfshir\u00eb ato q\u00eb kan\u00eb t\u00eb b\u00ebjn\u00eb me detyrimet ligjore dhe statutet e kufizimit q\u00eb parashikohen p\u00ebr k\u00ebt\u00eb q\u00ebllim nga ligji i zbatuesh\u00ebm, dhe n\u00eb \u00e7far\u00ebdo rasti, p\u00ebr nj\u00eb periudh\u00eb prej jo m\u00eb shum\u00eb se 10 vjet\u00ebsh.<\/p><p>P\u00ebr sa u p\u00ebrket q\u00ebllimeve t\u00eb marketingut q\u00eb tregohet te pika (ii), t\u00eb dh\u00ebnat tuaja do t\u00eb ruhen p\u00ebr jo m\u00eb shum\u00eb se 8 vjet nga koha kur keni dh\u00ebn\u00eb lejen tuaj. Klient\u00ebt mund t\u00eb \u00e7regjistrohen nga \u00e7do sh\u00ebrbim buletini n\u00eb \u00e7far\u00ebdo kohe duke klikuar lidhjen &#8220;\u00e7regjistrohu&#8221; q\u00eb ndodhet n\u00eb \u00e7do email ose duke d\u00ebrguar nj\u00eb email te <a href=\"mailto:privacy@bestwaycorp.eu\">privacy@bestwaycorp.eu<\/a>.<\/p><p>P\u00ebr q\u00ebllime statistikore dhe anketa q\u00eb tregohen te pikat (iii) dhe (iv) m\u00eb sip\u00ebr, t\u00eb dh\u00ebnat tuaja do t\u00eb ruhen p\u00ebr jo m\u00eb shum\u00eb se 8 vjet nga data kur marrim miratimin tuaj.<\/p><p>Ju mund t\u2019i ushtroni n\u00eb \u00e7far\u00ebdo kohe t\u00eb drejtat tuaja q\u00eb tregohen te neni 15 e m\u00eb tej t\u00eb Rregullores, duke p\u00ebrfshir\u00eb, n\u00eb ve\u00e7anti, t\u00eb drejt\u00ebn p\u00ebr t\u00eb pasur qasje n\u00eb t\u00eb dh\u00ebnat tuaja, t\u00eb drejt\u00ebn p\u00ebr t\u00eb korrigjuar, t\u00eb drejt\u00ebn p\u00ebr t\u00eb fshir\u00eb, t\u00eb drejt\u00ebn p\u00ebr t\u00eb kund\u00ebrshtuar p\u00ebrpunimin e tyre, t\u00eb drejt\u00ebn p\u00ebr t\u00eb marr\u00eb me vete dhe t\u00eb drejt\u00ebn p\u00ebr t\u00eb paraqitur ankes\u00eb para Autoritetit p\u00ebr Mbrojtjen e t\u00eb Dh\u00ebnave Personale t\u00eb caktuar n\u00eb vendin tuaj (<a href=\"https:\/\/edpb.europa.eu\/about-edpb\/board\/members_en\" target=\"_blank\" rel=\"noopener\">https:\/\/edpb.europa.eu\/about-edpb\/board\/members_en<\/a>).<\/p><p>T\u00eb drejtat e p\u00ebrmendura m\u00eb sip\u00ebr mund t\u00eb ushtrohen duke d\u00ebrguar email n\u00eb adres\u00ebn e m\u00ebposhtme <a href=\"mailto:privacy@bestwaycorp.eu\">privacy@bestwaycorp.eu<\/a><\/p>\t\t\t\t\t\t\t\t<\/div>\n\t\t\t\t<\/div>\n\t\t\t\t\t<\/div>\n\t\t\t\t<\/div>\n\t\t\t\t<\/div>\n\t\t","protected":false},"excerpt":{"rendered":"<p>Marketingu N\u00eb p\u00ebrputhje me Rregulloren Evropiane 2016\/679 (GDPR), sipas ndryshimeve dhe shtesave q\u00eb jan\u00eb b\u00ebr\u00eb n\u00eb t\u00eb Kontrolluesi i t\u00eb dh\u00ebnave: BESTWAY EUROPE S.P.A., me zyra t\u00eb regjistruara n\u00eb San Giuliano Milanese (Mi), via Resistenza 5 (&#8220;BESTWAY&#8221;), Itali. DPO: privacy@bestwaycorp.eu Kontrollori i t\u00eb dh\u00ebnave do t\u00eb p\u00ebrpunoj\u00eb t\u00eb dh\u00ebnat e m\u00ebposhtme: Pas marrjes s\u00eb miratimit [&hellip;]<\/p>\n","protected":false},"author":9,"featured_media":0,"parent":0,"menu_order":0,"comment_status":"closed","ping_status":"closed","template":"","meta":{"_acf_changed":false,"site-sidebar-layout":"no-sidebar","site-content-layout":"page-builder","ast-site-content-layout":"full-width-container","site-content-style":"default","site-sidebar-style":"default","ast-global-header-display":"","ast-banner-title-visibility":"","ast-main-header-display":"","ast-hfb-above-header-display":"","ast-hfb-below-header-display":"","ast-hfb-mobile-header-display":"","site-post-title":"","ast-breadcrumbs-content":"","ast-featured-img":"disabled","footer-sml-layout":"","ast-disable-related-posts":"","theme-transparent-header-meta":"","adv-header-id-meta":"","stick-header-meta":"","header-above-stick-meta":"","header-main-stick-meta":"","header-below-stick-meta":"","astra-migrate-meta-layouts":"set","ast-page-background-enabled":"default","ast-page-background-meta":{"desktop":{"background-color":"var(--ast-global-color-4)","background-image":"","background-repeat":"repeat","background-position":"center center","background-size":"auto","background-attachment":"scroll","background-type":"","background-media":"","overlay-type":"","overlay-color":"","overlay-opacity":"","overlay-gradient":""},"tablet":{"background-color":"","background-image":"","background-repeat":"repeat","background-position":"center center","background-size":"auto","background-attachment":"scroll","background-type":"","background-media":"","overlay-type":"","overlay-color":"","overlay-opacity":"","overlay-gradient":""},"mobile":{"background-color":"","background-image":"","background-repeat":"repeat","background-position":"center center","background-size":"auto","background-attachment":"scroll","background-type":"","background-media":"","overlay-type":"","overlay-color":"","overlay-opacity":"","overlay-gradient":""}},"ast-content-background-meta":{"desktop":{"background-color":"var(--ast-global-color-5)","background-image":"","background-repeat":"repeat","background-position":"center center","background-size":"auto","background-attachment":"scroll","background-type":"","background-media":"","overlay-type":"","overlay-color":"","overlay-opacity":"","overlay-gradient":""},"tablet":{"background-color":"var(--ast-global-color-5)","background-image":"","background-repeat":"repeat","background-position":"center center","background-size":"auto","background-attachment":"scroll","background-type":"","background-media":"","overlay-type":"","overlay-color":"","overlay-opacity":"","overlay-gradient":""},"mobile":{"background-color":"var(--ast-global-color-5)","background-image":"","background-repeat":"repeat","background-position":"center center","background-size":"auto","background-attachment":"scroll","background-type":"","background-media":"","overlay-type":"","overlay-color":"","overlay-opacity":"","overlay-gradient":""}},"footnotes":""},"class_list":["post-7224","page","type-page","status-publish","hentry"],"acf":[],"yoast_head":"<!-- This site is optimized with the Yoast SEO plugin v27.4 - https:\/\/yoast.com\/product\/yoast-seo-wordpress\/ -->\n<title>Informacioni i privat\u00ebsis\u00eb - GDPR - Legal<\/title>\n<meta name=\"robots\" content=\"noindex, follow, max-snippet:-1, max-image-preview:large, max-video-preview:-1\" \/>\n<meta property=\"og:locale\" content=\"en_US\" \/>\n<meta property=\"og:type\" content=\"article\" \/>\n<meta property=\"og:title\" content=\"Informacioni i privat\u00ebsis\u00eb - GDPR - Legal\" \/>\n<meta property=\"og:description\" content=\"Marketingu N\u00eb p\u00ebrputhje me Rregulloren Evropiane 2016\/679 (GDPR), sipas ndryshimeve dhe shtesave q\u00eb jan\u00eb b\u00ebr\u00eb n\u00eb t\u00eb Kontrolluesi i t\u00eb dh\u00ebnave: BESTWAY EUROPE S.P.A., me zyra t\u00eb regjistruara n\u00eb San Giuliano Milanese (Mi), via Resistenza 5 (&#8220;BESTWAY&#8221;), Itali. DPO: privacy@bestwaycorp.eu Kontrollori i t\u00eb dh\u00ebnave do t\u00eb p\u00ebrpunoj\u00eb t\u00eb dh\u00ebnat e m\u00ebposhtme: Pas marrjes s\u00eb miratimit [&hellip;]\" \/>\n<meta property=\"og:url\" content=\"https:\/\/legal.bestway.eu\/al-sq\/privacy-notice\/\" \/>\n<meta property=\"og:site_name\" content=\"Legal\" \/>\n<meta property=\"article:modified_time\" content=\"2024-12-11T08:34:46+00:00\" \/>\n<meta name=\"twitter:card\" content=\"summary_large_image\" \/>\n<meta name=\"twitter:label1\" content=\"Est. reading time\" \/>\n\t<meta name=\"twitter:data1\" content=\"7 minutes\" \/>\n<script type=\"application\/ld+json\" class=\"yoast-schema-graph\">{\"@context\":\"https:\\\/\\\/schema.org\",\"@graph\":[{\"@type\":\"WebPage\",\"@id\":\"https:\\\/\\\/legal.bestway.eu\\\/al-sq\\\/privacy-notice\\\/\",\"url\":\"https:\\\/\\\/legal.bestway.eu\\\/al-sq\\\/privacy-notice\\\/\",\"name\":\"Informacioni i privat\u00ebsis\u00eb - GDPR - Legal\",\"isPartOf\":{\"@id\":\"https:\\\/\\\/legal.bestway.eu\\\/al-sq\\\/#website\"},\"datePublished\":\"2023-10-24T10:37:41+00:00\",\"dateModified\":\"2024-12-11T08:34:46+00:00\",\"inLanguage\":\"al-sq\",\"potentialAction\":[{\"@type\":\"ReadAction\",\"target\":[\"https:\\\/\\\/legal.bestway.eu\\\/al-sq\\\/privacy-notice\\\/\"]}]},{\"@type\":\"WebSite\",\"@id\":\"https:\\\/\\\/legal.bestway.eu\\\/al-sq\\\/#website\",\"url\":\"https:\\\/\\\/legal.bestway.eu\\\/al-sq\\\/\",\"name\":\"Legal\",\"description\":\"Legal\",\"publisher\":{\"@id\":\"https:\\\/\\\/legal.bestway.eu\\\/al-sq\\\/#organization\"},\"potentialAction\":[{\"@type\":\"SearchAction\",\"target\":{\"@type\":\"EntryPoint\",\"urlTemplate\":\"https:\\\/\\\/legal.bestway.eu\\\/al-sq\\\/?s={search_term_string}\"},\"query-input\":{\"@type\":\"PropertyValueSpecification\",\"valueRequired\":true,\"valueName\":\"search_term_string\"}}],\"inLanguage\":\"al-sq\"},{\"@type\":\"Organization\",\"@id\":\"https:\\\/\\\/legal.bestway.eu\\\/al-sq\\\/#organization\",\"name\":\"Legal\",\"url\":\"https:\\\/\\\/legal.bestway.eu\\\/al-sq\\\/\",\"logo\":{\"@type\":\"ImageObject\",\"inLanguage\":\"al-sq\",\"@id\":\"https:\\\/\\\/legal.bestway.eu\\\/al-sq\\\/#\\\/schema\\\/logo\\\/image\\\/\",\"url\":\"https:\\\/\\\/legal.bestway.eu\\\/wp-content\\\/uploads\\\/sites\\\/2\\\/2023\\\/10\\\/bw-white-logo@2x.png\",\"contentUrl\":\"https:\\\/\\\/legal.bestway.eu\\\/wp-content\\\/uploads\\\/sites\\\/2\\\/2023\\\/10\\\/bw-white-logo@2x.png\",\"width\":348,\"height\":138,\"caption\":\"Legal\"},\"image\":{\"@id\":\"https:\\\/\\\/legal.bestway.eu\\\/al-sq\\\/#\\\/schema\\\/logo\\\/image\\\/\"}}]}<\/script>\n<!-- \/ Yoast SEO plugin. -->","yoast_head_json":{"title":"Informacioni i privat\u00ebsis\u00eb - GDPR - Legal","robots":{"index":"noindex","follow":"follow","max-snippet":"max-snippet:-1","max-image-preview":"max-image-preview:large","max-video-preview":"max-video-preview:-1"},"og_locale":"en_US","og_type":"article","og_title":"Informacioni i privat\u00ebsis\u00eb - GDPR - Legal","og_description":"Marketingu N\u00eb p\u00ebrputhje me Rregulloren Evropiane 2016\/679 (GDPR), sipas ndryshimeve dhe shtesave q\u00eb jan\u00eb b\u00ebr\u00eb n\u00eb t\u00eb Kontrolluesi i t\u00eb dh\u00ebnave: BESTWAY EUROPE S.P.A., me zyra t\u00eb regjistruara n\u00eb San Giuliano Milanese (Mi), via Resistenza 5 (&#8220;BESTWAY&#8221;), Itali. DPO: privacy@bestwaycorp.eu Kontrollori i t\u00eb dh\u00ebnave do t\u00eb p\u00ebrpunoj\u00eb t\u00eb dh\u00ebnat e m\u00ebposhtme: Pas marrjes s\u00eb miratimit [&hellip;]","og_url":"https:\/\/legal.bestway.eu\/al-sq\/privacy-notice\/","og_site_name":"Legal","article_modified_time":"2024-12-11T08:34:46+00:00","twitter_card":"summary_large_image","twitter_misc":{"Est. reading time":"7 minutes"},"schema":{"@context":"https:\/\/schema.org","@graph":[{"@type":"WebPage","@id":"https:\/\/legal.bestway.eu\/al-sq\/privacy-notice\/","url":"https:\/\/legal.bestway.eu\/al-sq\/privacy-notice\/","name":"Informacioni i privat\u00ebsis\u00eb - GDPR - Legal","isPartOf":{"@id":"https:\/\/legal.bestway.eu\/al-sq\/#website"},"datePublished":"2023-10-24T10:37:41+00:00","dateModified":"2024-12-11T08:34:46+00:00","inLanguage":"al-sq","potentialAction":[{"@type":"ReadAction","target":["https:\/\/legal.bestway.eu\/al-sq\/privacy-notice\/"]}]},{"@type":"WebSite","@id":"https:\/\/legal.bestway.eu\/al-sq\/#website","url":"https:\/\/legal.bestway.eu\/al-sq\/","name":"Legal","description":"Legal","publisher":{"@id":"https:\/\/legal.bestway.eu\/al-sq\/#organization"},"potentialAction":[{"@type":"SearchAction","target":{"@type":"EntryPoint","urlTemplate":"https:\/\/legal.bestway.eu\/al-sq\/?s={search_term_string}"},"query-input":{"@type":"PropertyValueSpecification","valueRequired":true,"valueName":"search_term_string"}}],"inLanguage":"al-sq"},{"@type":"Organization","@id":"https:\/\/legal.bestway.eu\/al-sq\/#organization","name":"Legal","url":"https:\/\/legal.bestway.eu\/al-sq\/","logo":{"@type":"ImageObject","inLanguage":"al-sq","@id":"https:\/\/legal.bestway.eu\/al-sq\/#\/schema\/logo\/image\/","url":"https:\/\/legal.bestway.eu\/wp-content\/uploads\/sites\/2\/2023\/10\/bw-white-logo@2x.png","contentUrl":"https:\/\/legal.bestway.eu\/wp-content\/uploads\/sites\/2\/2023\/10\/bw-white-logo@2x.png","width":348,"height":138,"caption":"Legal"},"image":{"@id":"https:\/\/legal.bestway.eu\/al-sq\/#\/schema\/logo\/image\/"}}]}},"_links":{"self":[{"href":"https:\/\/legal.bestway.eu\/al-sq\/wp-json\/wp\/v2\/pages\/7224","targetHints":{"allow":["GET"]}}],"collection":[{"href":"https:\/\/legal.bestway.eu\/al-sq\/wp-json\/wp\/v2\/pages"}],"about":[{"href":"https:\/\/legal.bestway.eu\/al-sq\/wp-json\/wp\/v2\/types\/page"}],"author":[{"embeddable":true,"href":"https:\/\/legal.bestway.eu\/al-sq\/wp-json\/wp\/v2\/users\/9"}],"replies":[{"embeddable":true,"href":"https:\/\/legal.bestway.eu\/al-sq\/wp-json\/wp\/v2\/comments?post=7224"}],"version-history":[{"count":7,"href":"https:\/\/legal.bestway.eu\/al-sq\/wp-json\/wp\/v2\/pages\/7224\/revisions"}],"predecessor-version":[{"id":7244,"href":"https:\/\/legal.bestway.eu\/al-sq\/wp-json\/wp\/v2\/pages\/7224\/revisions\/7244"}],"wp:attachment":[{"href":"https:\/\/legal.bestway.eu\/al-sq\/wp-json\/wp\/v2\/media?parent=7224"}],"curies":[{"name":"wp","href":"https:\/\/api.w.org\/{rel}","templated":true}]}}